{"id":1433,"date":"2026-01-09T08:04:03","date_gmt":"2026-01-09T08:04:03","guid":{"rendered":"https:\/\/piperspincasino.org\/app\/"},"modified":"2026-01-09T10:28:12","modified_gmt":"2026-01-09T10:28:12","slug":"app","status":"publish","type":"page","link":"https:\/\/piperspincasino.org\/de\/app\/","title":{"rendered":"App"},"content":{"rendered":"<h1>Piperspin Mobile App<\/h1>\n<p>Die Piperspin App bietet Spielern schnellen Zugriff auf alle Funktionen unseres Casinos auf Mobilger\u00e4ten. Die Software wurde mit derselben Leistung und denselben Funktionen wie die Desktop-Version entwickelt. Die Piperspin-App l\u00e4dt Spiele und alle Bereiche der Plattform jederzeit schnell. Alle Funktionen sind f\u00fcr die Touch-Steuerung auf Bildschirmen jeder Gr\u00f6\u00dfe optimiert.<\/p>\n<p><div class=\"banner-wrap\" aria-label=\"Banner\"><img src=\"https:\/\/piperspincasino.org\/wp-content\/uploads\/2026\/01\/TOwKZNmxqjNhxfrdqEkN.webp\" class=\"w-100 d-none d-lg-block img-pc main-banner-img\" alt=\"Piperspin desktop banner\" fetchpriority=\"high\" decoding=\"async\"><img src=\"https:\/\/piperspincasino.org\/wp-content\/uploads\/2026\/01\/Piperspin-mobile-banner.webp\" class=\"w-100 d-none d-md-block d-lg-none main-banner-img\" alt=\"Piperspin mobile banner\" fetchpriority=\"high\" decoding=\"async\"><img src=\"https:\/\/piperspincasino.org\/wp-content\/uploads\/2026\/01\/Piperspin-mobile-banner.webp\" class=\"w-100 d-md-none\" alt=\"Piperspin mobile banner\" fetchpriority=\"high\" decoding=\"async\"><div class=\"banner-description\">\n<div class=\"banner-title\">Willkommensboni<\/div>\n<p class=\"banner-header-title\">\u20ac1,500<\/p>\n<div class=\"banner-header-AdditionalText\">+ 250 Freispiele<\/div>\n<button data-item=\"homepage_banner_link\" class=\"goto m-button m-gradient-border m-button--primary m-button--large banner-button btn-orange\">\n            <div class=\"m-button-content\">\n                <span>Jetzt anmelden<\/span>\n                <span><\/span>\n            <\/div>\n        <\/button>\n<\/div>\n<div class=\"WelcomePack\">\n<p><img loading=\"lazy\" decoding=\"async\" class=\"alignnone size-full wp-image-1390\" src=\"https:\/\/piperspincasino.org\/wp-content\/uploads\/2026\/01\/welcome-crown.svg\" alt=\"crown\" width=\"25\" height=\"26\" \/><\/p>\n<div class=\"WelcomePack-Info\">W\u00f6chentlicher Cashback von bis zu 25 %<\/div>\n<p><img loading=\"lazy\" decoding=\"async\" class=\"alignnone size-full wp-image-1390\" src=\"https:\/\/piperspincasino.org\/wp-content\/uploads\/2026\/01\/welcome-crown.svg\" alt=\"crown\" width=\"25\" height=\"26\" \/><\/p>\n<\/div>\n<\/div><div class=\"scrollable-content-wrap my-5\"><div class=\"scrollable-content-inner\"><h2>Piper Spin App f\u00fcr Windows und Mac<\/h2>\n<p>Die Piperspin-App f\u00fcr Windows und Mac wurde f\u00fcr den schnellen Zugriff auf Ihren Desktop ohne komplizierte Installation entwickelt. Unsere Web-App wird auf Ihrem Desktop gestartet und l\u00e4uft als eigenst\u00e4ndige Anwendung. Windows- und macOS-Benutzer k\u00f6nnen mit einem Klick auf unserer Website eine Verkn\u00fcpfung erstellen. Mit einer Verkn\u00fcpfung funktioniert unsere Plattform wie eine Desktop-App.<\/p>\n<p>Die Benutzeroberfl\u00e4che passt sich automatisch an Ihre Bildschirmaufl\u00f6sung an und l\u00e4uft reibungslos. Alle Funktionen des Piperspin-Casinos sind in der Anwendung verf\u00fcgbar: Spiele, Zahlungen, Boni und Kontoeinstellungen. Um die Schnellzugriffs-Anwendung auf Ihrem PC zu installieren, rufen Sie einfach die Website von Piperspin in Ihrem Browser auf und suchen Sie in den Seiteneinstellungen die Funktion \u201eVerkn\u00fcpfung erstellen\u201d. Die PC-Software ist nun einsatzbereit.<\/p>\n<p><img loading=\"lazy\" decoding=\"async\" src=\"https:\/\/piperspincasino.org\/wp-content\/uploads\/2026\/01\/Piperspin-Desktop.webp\" alt=\"Piperspin Desktop\" width=\"1248\" height=\"536\" \/><\/p>\n<\/div><\/div><div style=\"clear: both\"><\/div><div class=\"d-flex justify-content-center\"><button data-item=\"decouvrez_link\" data-group=\"website_links\" class=\"goto fw-bold rounded-pill btn btn-orange\" aria-label=\"Laden Sie die Piperspin-App herunter\" >Laden Sie die Piperspin-App herunter<\/button><\/div><div class=\"scrollable-content-wrap my-5\"><div class=\"scrollable-content-inner\"><h2>Android-Anwendung f\u00fcr unterwegs<\/h2>\n<p>Die Piperspin Android-App ist eine progressive Web-App (PWA). Sie k\u00f6nnen unsere PWA installieren, ohne etwas aus Stores herunterladen zu m\u00fcssen. Die Software wird \u00fcber Ihren Browser installiert und funktioniert wie eine normale mobile App. Die PWA bietet vollen Zugriff auf Spiele, Boni, Zahlungen und Tools zur Kontoverwaltung. Die PWA hat die gleiche Funktionalit\u00e4t wie die Desktop-Plattform. Die Benutzeroberfl\u00e4che ist f\u00fcr die Touch-Steuerung optimiert, l\u00e4dt schnell und passt sich an jeden Android-Bildschirm an. Dank automatischer Updates k\u00f6nnen Sie immer die neueste Version verwenden, ohne sie manuell installieren zu m\u00fcssen. Dieses Format spart Platz und funktioniert ohne Unterbrechungen.<\/p>\n<h3>APK f\u00fcr Android installieren<\/h3>\n<p>Die Installation unserer Android-App ist ganz einfach. So gehen Sie vor:<\/p>\n<ol>\n<li>\u00d6ffnen Sie unsere offizielle Website in Ihrem Browser.<\/li>\n<li>Unten auf der Startseite finden Sie die Schaltfl\u00e4che \u201eCasino-App\u201c.<\/li>\n<li>Klicken Sie auf \u201eInstallieren\u201c.<\/li>\n<li>Die App wird zum Startbildschirm hinzugef\u00fcgt.<\/li>\n<\/ol>\n<p><img loading=\"lazy\" decoding=\"async\" src=\"https:\/\/piperspincasino.org\/wp-content\/uploads\/2026\/01\/Piperspin-Android-App.webp\" alt=\"Piperspin Android App\" width=\"1248\" height=\"536\" \/><\/p>\n<\/div><\/div><div style=\"clear: both\"><\/div><div class=\"d-flex justify-content-center\"><button data-item=\"decouvrez_link\" data-group=\"website_links\" class=\"goto fw-bold rounded-pill btn btn-orange\" aria-label=\"Piperspin herunterladen\" >Piperspin herunterladen<\/button><\/div><div class=\"scrollable-content-wrap my-5\"><div class=\"scrollable-content-inner\"><h2>Anwendung f\u00fcr iOS-Ger\u00e4te<\/h2>\n<p>Die Piperspin iOS-Software ist \u00fcber Ihren Browser verf\u00fcgbar, sodass Sie nicht im App Store danach suchen m\u00fcssen. Sie k\u00f6nnen sie direkt von Ihrem Computer aus herunterladen. Sie verf\u00fcgt \u00fcber dieselben Tools wie die Desktop-App und kann im Internet verwendet werden. Ihr Design funktioniert perfekt auf iPhone- und iPad-Bildschirmen und sie l\u00e4dt schnell. In der iOS-App k\u00f6nnen Spieler auf Spiele zugreifen, Konten verwalten und alle anderen Casino-Funktionen nutzen. Wenn Sie unsere Software installiert haben, k\u00f6nnen Sie Benachrichtigungen \u00fcber neue Aktionen, Ihrem Konto gutgeschriebene Boni und vieles mehr erhalten. Die App wird \u00fcber den Startbildschirm gestartet und l\u00e4dt schnell alle Spiele und Funktionen.<\/p>\n<h3>iOS-App herunterladen<\/h3>\n<ol>\n<li>\u00d6ffnen Sie unsere offizielle Website im Safari-Browser.<\/li>\n<li>Tippen Sie unten auf das Symbol \u201eTeilen\u201c.<\/li>\n<li>W\u00e4hlen Sie im Men\u00fc \u201eZum Startbildschirm hinzuf\u00fcgen\u201c aus.<\/li>\n<li>Best\u00e4tigen Sie und klicken Sie auf \u201eHinzuf\u00fcgen\u201c.<\/li>\n<\/ol>\n<p><img loading=\"lazy\" decoding=\"async\" src=\"https:\/\/piperspincasino.org\/wp-content\/uploads\/2026\/01\/Piperspin-iOS-App.webp\" alt=\"Piperspin iOS App\" width=\"1248\" height=\"536\" \/><\/p>\n<\/div><\/div><div style=\"clear: both\"><\/div><div class=\"d-flex justify-content-center\"><button data-item=\"decouvrez_link\" data-group=\"website_links\" class=\"goto fw-bold rounded-pill btn btn-orange\" aria-label=\"Laden Sie die Piperspin-App herunter\" >Laden Sie die Piperspin-App herunter<\/button><\/div><\/p>\n<h2>Vorteile der Piperspin Mobile App<\/h2>\n<p>Die Piperspin-App wurde f\u00fcr den t\u00e4glichen Gebrauch entwickelt. Sie bietet Casino-Funktionen in einem schnell ladbaren Format f\u00fcr die mobile Nutzung. Die PC-Version verf\u00fcgt \u00fcber einen gr\u00f6\u00dferen Bildschirm, aber die mobile App ist so konzipiert, dass sie schnell und einfach zu bedienen ist. Beide Optionen sind sicher und bieten alle Funktionen, die Sie sich w\u00fcnschen k\u00f6nnen.<\/p>\n<table>\n<tbody>\n<tr>\n<td>Aussehen<\/td>\n<td>Mobile App<\/td>\n<td>PC-Version<\/td>\n<\/tr>\n<tr>\n<td>Zugang<\/td>\n<td>Startet sofort<\/td>\n<td>Erfordert das \u00d6ffnen eines Browsers<\/td>\n<\/tr>\n<tr>\n<td>Mobilit\u00e4t<\/td>\n<td>\u00dcberall verf\u00fcgbar<\/td>\n<td>Beschr\u00e4nkt auf Desktop- oder Laptop-Computer<\/td>\n<\/tr>\n<tr>\n<td>Navigation<\/td>\n<td>Touch-optimiert und optimiert<\/td>\n<td>Mausbasiertes, detaillierteres Layout<\/td>\n<\/tr>\n<tr>\n<td>Benachrichtigungen<\/td>\n<td>Push-Benachrichtigungen f\u00fcr Updates<\/td>\n<td>Updates k\u00f6nnen nur nach dem Einloggen angezeigt werden.<\/td>\n<\/tr>\n<tr>\n<td>Anmeldegeschwindigkeit<\/td>\n<td>Schnellerer Zugriff<\/td>\n<td>Standardm\u00e4\u00dfige Anmeldung bei jeder Sitzung<\/td>\n<\/tr>\n<tr>\n<td>Bildschirmerfahrung<\/td>\n<td>Kompaktes Gameplay<\/td>\n<td>Gr\u00f6\u00dferer Bildschirm f\u00fcr l\u00e4ngere Sitzungen<\/td>\n<\/tr>\n<\/tbody>\n<\/table>\n<div class=\"scrollable-content-wrap my-5\"><div class=\"scrollable-content-inner\"><h2>H\u00e4ufig gestellte Fragen<\/h2>\n<h3>Wie kann ich die Piper Spin Casino App herunterladen und installieren?<\/h3>\n<p>\u00d6ffnen Sie die offizielle Website von Piper Spin in Ihrem mobilen Browser. Tippen Sie auf die Schaltfl\u00e4che \u201eCasino-App\u201d und best\u00e4tigen Sie die Installation. Diese befindet sich unten auf der Hauptseite. Die App wird in wenigen Sekunden zu Ihrem Startbildschirm hinzugef\u00fcgt. Es sind keine zus\u00e4tzlichen Downloads oder Installationen erforderlich.<\/p>\n<h3>Kann ich mein Konto und meinen Spielfortschritt auf verschiedenen Ger\u00e4ten synchronisieren?<\/h3>\n<p>Ja, ein Konto funktioniert auf allen Ger\u00e4ten. Melden Sie sich mit Ihrem Benutzernamen und Passwort auf Ihrem Mobilger\u00e4t oder Computer an. Ihr Guthaben, Ihre Boni, Einstellungen und Ihr Spielfortschritt werden auf allen Plattformen synchronisiert.<\/p>\n<h3>Ist die Piper Spin App sicher f\u00fcr Echtgeldtransaktionen und personenbezogene Daten?<\/h3>\n<p>Ja, die App verwendet verschl\u00fcsselte Verbindungen und sichere Protokolle. Alle Zahlungen und pers\u00f6nlichen Daten sind gesch\u00fctzt. Zus\u00e4tzlich zur Verschl\u00fcsselung verwenden wir Verifizierungsprotokolle und manuelle Auszahlungspr\u00fcfungen. F\u00fcr die mobile App und die Desktop-Plattform gelten dieselben Sicherheitsstandards.<\/p>\n<h3>Was soll ich tun, wenn ich bei der Nutzung der App auf ein Problem sto\u00dfe oder Hilfe ben\u00f6tige?<\/h3>\n<p>Wenden Sie sich direkt \u00fcber die App oder Ihren Browser an den Support. Online-Chat und E-Mail sind jederzeit verf\u00fcgbar. Der Support reagiert schnell und hilft Ihnen bei allen Fragen weiter. Unser Support ist in mehreren Sprachen verf\u00fcgbar.<\/p>\n<\/div><\/div>\n","protected":false},"excerpt":{"rendered":"<p>Piperspin Mobile App Die Piperspin App bietet Spielern schnellen Zugriff auf alle Funktionen unseres Casinos auf Mobilger\u00e4ten. Die Software wurde mit derselben Leistung und denselben Funktionen wie die Desktop-Version entwickelt. Die Piperspin-App l\u00e4dt Spiele und alle Bereiche der Plattform jederzeit schnell. Alle Funktionen sind f\u00fcr die Touch-Steuerung auf Bildschirmen jeder Gr\u00f6\u00dfe optimiert. Vorteile der Piperspin [&hellip;]<\/p>\n","protected":false},"author":1,"featured_media":0,"parent":0,"menu_order":0,"comment_status":"closed","ping_status":"closed","template":"template-builder.php","meta":{"_acf_changed":false,"inline_featured_image":false,"footnotes":""},"class_list":["post-1433","page","type-page","status-publish","hentry"],"acf":[],"yoast_head":"<!-- This site is optimized with the Yoast SEO plugin v27.3 - https:\/\/yoast.com\/product\/yoast-seo-wordpress\/ -->\n<title>Piperspin Casino App f\u00fcr iOS &amp; Android<\/title>\n<meta name=\"description\" content=\"Laden Sie die Piper Spin App f\u00fcr iOS, Android, Windows und macOS herunter. Spielen Sie Casinospiele \u00fcberall mit Kontosynchronisierung, regelm\u00e4\u00dfigen Updates und In-App-Support rund um die Uhr.\" \/>\n<meta name=\"robots\" content=\"index, follow, max-snippet:-1, max-image-preview:large, max-video-preview:-1\" \/>\n<link rel=\"canonical\" href=\"https:\/\/piperspincasino.org\/de\/app\/\" \/>\n<meta property=\"og:locale\" content=\"de_DE\" \/>\n<meta property=\"og:type\" content=\"article\" \/>\n<meta property=\"og:title\" content=\"Piperspin Casino App f\u00fcr iOS &amp; Android\" \/>\n<meta property=\"og:description\" content=\"Laden Sie die Piper Spin App f\u00fcr iOS, Android, Windows und macOS herunter. Spielen Sie Casinospiele \u00fcberall mit Kontosynchronisierung, regelm\u00e4\u00dfigen Updates und In-App-Support rund um die Uhr.\" \/>\n<meta property=\"og:url\" content=\"https:\/\/piperspincasino.org\/de\/app\/\" \/>\n<meta property=\"og:site_name\" content=\"piperspin\" \/>\n<meta property=\"article:modified_time\" content=\"2026-01-09T10:28:12+00:00\" \/>\n<meta name=\"twitter:card\" content=\"summary_large_image\" \/>\n<meta name=\"twitter:label1\" content=\"Gesch\u00e4tzte Lesezeit\" \/>\n\t<meta name=\"twitter:data1\" content=\"1\u00a0Minute\" \/>\n<script type=\"application\/ld+json\" class=\"yoast-schema-graph\">{\"@context\":\"https:\\\/\\\/schema.org\",\"@graph\":[{\"@type\":\"WebPage\",\"@id\":\"https:\\\/\\\/piperspincasino.org\\\/de\\\/app\\\/\",\"url\":\"https:\\\/\\\/piperspincasino.org\\\/de\\\/app\\\/\",\"name\":\"Piperspin Casino App f\u00fcr iOS & Android\",\"isPartOf\":{\"@id\":\"https:\\\/\\\/piperspincasino.org\\\/de\\\/#website\"},\"datePublished\":\"2026-01-09T08:04:03+00:00\",\"dateModified\":\"2026-01-09T10:28:12+00:00\",\"description\":\"Laden Sie die Piper Spin App f\u00fcr iOS, Android, Windows und macOS herunter. Spielen Sie Casinospiele \u00fcberall mit Kontosynchronisierung, regelm\u00e4\u00dfigen Updates und In-App-Support rund um die Uhr.\",\"breadcrumb\":{\"@id\":\"https:\\\/\\\/piperspincasino.org\\\/de\\\/app\\\/#breadcrumb\"},\"inLanguage\":\"de\",\"potentialAction\":[{\"@type\":\"ReadAction\",\"target\":[\"https:\\\/\\\/piperspincasino.org\\\/de\\\/app\\\/\"]}]},{\"@type\":\"BreadcrumbList\",\"@id\":\"https:\\\/\\\/piperspincasino.org\\\/de\\\/app\\\/#breadcrumb\",\"itemListElement\":[{\"@type\":\"ListItem\",\"position\":1,\"name\":\"Piperspin\",\"item\":\"https:\\\/\\\/piperspincasino.org\\\/de\\\/\"},{\"@type\":\"ListItem\",\"position\":2,\"name\":\"App\"}]},{\"@type\":\"WebSite\",\"@id\":\"https:\\\/\\\/piperspincasino.org\\\/de\\\/#website\",\"url\":\"https:\\\/\\\/piperspincasino.org\\\/de\\\/\",\"name\":\"Piperspin\",\"description\":\"\",\"publisher\":{\"@id\":\"https:\\\/\\\/piperspincasino.org\\\/de\\\/#organization\"},\"potentialAction\":[{\"@type\":\"SearchAction\",\"target\":{\"@type\":\"EntryPoint\",\"urlTemplate\":\"https:\\\/\\\/piperspincasino.org\\\/de\\\/?s={search_term_string}\"},\"query-input\":{\"@type\":\"PropertyValueSpecification\",\"valueRequired\":true,\"valueName\":\"search_term_string\"}}],\"inLanguage\":\"de\"},{\"@type\":\"Organization\",\"@id\":\"https:\\\/\\\/piperspincasino.org\\\/de\\\/#organization\",\"name\":\"Piperspin\",\"url\":\"https:\\\/\\\/piperspincasino.org\\\/de\\\/\",\"logo\":{\"@type\":\"ImageObject\",\"inLanguage\":\"de\",\"@id\":\"https:\\\/\\\/piperspincasino.org\\\/de\\\/#\\\/schema\\\/logo\\\/image\\\/\",\"url\":\"https:\\\/\\\/piperspincasino.org\\\/wp-content\\\/uploads\\\/2025\\\/04\\\/4ir4Uq6IWNCbsrt6V8kj.png\",\"contentUrl\":\"https:\\\/\\\/piperspincasino.org\\\/wp-content\\\/uploads\\\/2025\\\/04\\\/4ir4Uq6IWNCbsrt6V8kj.png\",\"width\":208,\"height\":49,\"caption\":\"Piperspin\"},\"image\":{\"@id\":\"https:\\\/\\\/piperspincasino.org\\\/de\\\/#\\\/schema\\\/logo\\\/image\\\/\"}}]}<\/script>\n<!-- \/ Yoast SEO plugin. -->","yoast_head_json":{"title":"Piperspin Casino App f\u00fcr iOS & Android","description":"Laden Sie die Piper Spin App f\u00fcr iOS, Android, Windows und macOS herunter. Spielen Sie Casinospiele \u00fcberall mit Kontosynchronisierung, regelm\u00e4\u00dfigen Updates und In-App-Support rund um die Uhr.","robots":{"index":"index","follow":"follow","max-snippet":"max-snippet:-1","max-image-preview":"max-image-preview:large","max-video-preview":"max-video-preview:-1"},"canonical":"https:\/\/piperspincasino.org\/de\/app\/","og_locale":"de_DE","og_type":"article","og_title":"Piperspin Casino App f\u00fcr iOS & Android","og_description":"Laden Sie die Piper Spin App f\u00fcr iOS, Android, Windows und macOS herunter. Spielen Sie Casinospiele \u00fcberall mit Kontosynchronisierung, regelm\u00e4\u00dfigen Updates und In-App-Support rund um die Uhr.","og_url":"https:\/\/piperspincasino.org\/de\/app\/","og_site_name":"piperspin","article_modified_time":"2026-01-09T10:28:12+00:00","twitter_card":"summary_large_image","twitter_misc":{"Gesch\u00e4tzte Lesezeit":"1\u00a0Minute"},"schema":{"@context":"https:\/\/schema.org","@graph":[{"@type":"WebPage","@id":"https:\/\/piperspincasino.org\/de\/app\/","url":"https:\/\/piperspincasino.org\/de\/app\/","name":"Piperspin Casino App f\u00fcr iOS & Android","isPartOf":{"@id":"https:\/\/piperspincasino.org\/de\/#website"},"datePublished":"2026-01-09T08:04:03+00:00","dateModified":"2026-01-09T10:28:12+00:00","description":"Laden Sie die Piper Spin App f\u00fcr iOS, Android, Windows und macOS herunter. Spielen Sie Casinospiele \u00fcberall mit Kontosynchronisierung, regelm\u00e4\u00dfigen Updates und In-App-Support rund um die Uhr.","breadcrumb":{"@id":"https:\/\/piperspincasino.org\/de\/app\/#breadcrumb"},"inLanguage":"de","potentialAction":[{"@type":"ReadAction","target":["https:\/\/piperspincasino.org\/de\/app\/"]}]},{"@type":"BreadcrumbList","@id":"https:\/\/piperspincasino.org\/de\/app\/#breadcrumb","itemListElement":[{"@type":"ListItem","position":1,"name":"Piperspin","item":"https:\/\/piperspincasino.org\/de\/"},{"@type":"ListItem","position":2,"name":"App"}]},{"@type":"WebSite","@id":"https:\/\/piperspincasino.org\/de\/#website","url":"https:\/\/piperspincasino.org\/de\/","name":"Piperspin","description":"","publisher":{"@id":"https:\/\/piperspincasino.org\/de\/#organization"},"potentialAction":[{"@type":"SearchAction","target":{"@type":"EntryPoint","urlTemplate":"https:\/\/piperspincasino.org\/de\/?s={search_term_string}"},"query-input":{"@type":"PropertyValueSpecification","valueRequired":true,"valueName":"search_term_string"}}],"inLanguage":"de"},{"@type":"Organization","@id":"https:\/\/piperspincasino.org\/de\/#organization","name":"Piperspin","url":"https:\/\/piperspincasino.org\/de\/","logo":{"@type":"ImageObject","inLanguage":"de","@id":"https:\/\/piperspincasino.org\/de\/#\/schema\/logo\/image\/","url":"https:\/\/piperspincasino.org\/wp-content\/uploads\/2025\/04\/4ir4Uq6IWNCbsrt6V8kj.png","contentUrl":"https:\/\/piperspincasino.org\/wp-content\/uploads\/2025\/04\/4ir4Uq6IWNCbsrt6V8kj.png","width":208,"height":49,"caption":"Piperspin"},"image":{"@id":"https:\/\/piperspincasino.org\/de\/#\/schema\/logo\/image\/"}}]}},"_links":{"self":[{"href":"https:\/\/piperspincasino.org\/de\/wp-json\/wp\/v2\/pages\/1433","targetHints":{"allow":["GET"]}}],"collection":[{"href":"https:\/\/piperspincasino.org\/de\/wp-json\/wp\/v2\/pages"}],"about":[{"href":"https:\/\/piperspincasino.org\/de\/wp-json\/wp\/v2\/types\/page"}],"author":[{"embeddable":true,"href":"https:\/\/piperspincasino.org\/de\/wp-json\/wp\/v2\/users\/1"}],"replies":[{"embeddable":true,"href":"https:\/\/piperspincasino.org\/de\/wp-json\/wp\/v2\/comments?post=1433"}],"version-history":[{"count":2,"href":"https:\/\/piperspincasino.org\/de\/wp-json\/wp\/v2\/pages\/1433\/revisions"}],"predecessor-version":[{"id":1646,"href":"https:\/\/piperspincasino.org\/de\/wp-json\/wp\/v2\/pages\/1433\/revisions\/1646"}],"wp:attachment":[{"href":"https:\/\/piperspincasino.org\/de\/wp-json\/wp\/v2\/media?parent=1433"}],"curies":[{"name":"wp","href":"https:\/\/api.w.org\/{rel}","templated":true}]}}