{"id":1484,"date":"2026-01-09T08:07:34","date_gmt":"2026-01-09T08:07:34","guid":{"rendered":"https:\/\/piperspincasino.org\/login-and-registration\/"},"modified":"2026-01-09T10:30:39","modified_gmt":"2026-01-09T10:30:39","slug":"anmeldung-und-registrierung","status":"publish","type":"page","link":"https:\/\/piperspincasino.org\/de\/anmeldung-und-registrierung\/","title":{"rendered":"Anmeldung und Registrierung"},"content":{"rendered":"<h1>Piperspin Anmeldung und Registrierung<\/h1>\n<p>Die Piperspin login ist Ihr Tor zu ununterbrochenem und sicherem Gaming. Nach der Registrierung k\u00f6nnen sich Benutzer anmelden, um Boni zu erhalten, an Turnieren teilzunehmen und mehr als 6.000 Spiele zu spielen. Dank moderner Sicherheitstechnologien ist die Kontoerstellung schnell und sicher.<\/p>\n<p><div class=\"banner-wrap\" aria-label=\"Banner\"><img src=\"https:\/\/piperspincasino.org\/wp-content\/uploads\/2026\/01\/TOwKZNmxqjNhxfrdqEkN.webp\" class=\"w-100 d-none d-lg-block img-pc main-banner-img\" alt=\"Piperspin desktop banner\" fetchpriority=\"high\" decoding=\"async\"><img src=\"https:\/\/piperspincasino.org\/wp-content\/uploads\/2026\/01\/Piperspin-mobile-banner.webp\" class=\"w-100 d-none d-md-block d-lg-none main-banner-img\" alt=\"Piperspin mobile banner\" fetchpriority=\"high\" decoding=\"async\"><img src=\"https:\/\/piperspincasino.org\/wp-content\/uploads\/2026\/01\/Piperspin-mobile-banner.webp\" class=\"w-100 d-md-none\" alt=\"Piperspin mobile banner\" fetchpriority=\"high\" decoding=\"async\"><div class=\"banner-description\">\n<div class=\"banner-title\">Willkommensboni<\/div>\n<p class=\"banner-header-title\">\u20ac1,500<\/p>\n<div class=\"banner-header-AdditionalText\">+ 250 Freispiele<\/div>\n<button data-item=\"homepage_banner_link\" class=\"goto m-button m-gradient-border m-button--primary m-button--large banner-button btn-orange\">\n            <div class=\"m-button-content\">\n                <span>Jetzt anmelden<\/span>\n                <span><\/span>\n            <\/div>\n        <\/button>\n<\/div>\n<div class=\"WelcomePack\">\n<p><img loading=\"lazy\" decoding=\"async\" class=\"alignnone size-full wp-image-1390\" src=\"https:\/\/piperspincasino.org\/wp-content\/uploads\/2026\/01\/welcome-crown.svg\" alt=\"crown\" width=\"25\" height=\"26\" \/><\/p>\n<div class=\"WelcomePack-Info\">W\u00f6chentlicher Cashback von bis zu 25 %<\/div>\n<p><img loading=\"lazy\" decoding=\"async\" class=\"alignnone size-full wp-image-1390\" src=\"https:\/\/piperspincasino.org\/wp-content\/uploads\/2026\/01\/welcome-crown.svg\" alt=\"crown\" width=\"25\" height=\"26\" \/><\/p>\n<\/div>\n<\/div><div class=\"scrollable-content-wrap my-5\"><div class=\"scrollable-content-inner\"><h2>Registrierung und Kontoerstellung bei Piper Spin<\/h2>\n<p>Piper Spin Casino und alle seine Funktionen stehen nur registrierten Benutzern zur Verf\u00fcgung. Durch die Erstellung eines Kontos erhalten Sie in nur wenigen Minuten Zugang zu unserer gesamten Spielumgebung. Nach der Registrierung k\u00f6nnen Spieler um echtes Geld spielen, Boni erhalten, an Turnieren teilnehmen und alle Funktionen ihres Kontos verwalten.<\/p>\n<p>Sobald Sie sich angemeldet haben, k\u00f6nnen Sie:<\/p>\n<ul>\n<li>Spielen Sie mehr als 6.000 Spiele<\/li>\n<li>Boni erhalten<\/li>\n<li>Einzahlungen vornehmen und Geld abheben<\/li>\n<li>Nutzen Sie Tools f\u00fcr verantwortungsbewusstes Spielen<\/li>\n<li>Verfolgen Sie Ihre Wett- und Transaktionshistorie<\/li>\n<li>Verwalten Sie Ihre Einstellungen<\/li>\n<\/ul>\n<h2>Einstellungen und Funktionen f\u00fcr Ihr Konto<\/h2>\n<p>Die Erstellung eines Kontos ist ganz einfach. Befolgen Sie einfach diese Schritte:<\/p>\n<ol>\n<li>Klicken Sie auf der Startseite auf die Schaltfl\u00e4che \u201eRegistrieren\u201c.<\/li>\n<li>Geben Sie Ihre E-Mail-Adresse ein und erstellen Sie ein sicheres Passwort.<\/li>\n<li>Wenn Sie einen Aktionscode haben, f\u00fcgen Sie ihn hinzu.<\/li>\n<li>Best\u00e4tigen Sie die Nutzungsbedingungen, die Datenschutzerkl\u00e4rung und die Altersbeschr\u00e4nkung (18+).<\/li>\n<li>Klicken Sie auf \u201eSpeichern\u201c.<\/li>\n<li>Aktivieren Sie Ihr Konto \u00fcber den Link in der E-Mail von Piperspin.<\/li>\n<\/ol>\n<h2>So verifizieren Sie Ihr Konto<\/h2>\n<p>Um Ihre Daten zu sch\u00fctzen, m\u00fcssen Sie Ihr Piperspin-Konto verifizieren. Durch das KYC-Verfahren (Know Your Customer) best\u00e4tigen Sie Ihre Identit\u00e4t. Der Verifizierungsprozess ist obligatorisch, bevor Sie Geld abheben oder Boni erhalten k\u00f6nnen. Dar\u00fcber hinaus hilft die Verifizierung, Betrug und unbefugten Zugriff zu verhindern.<\/p>\n<p>Zur \u00dcberpr\u00fcfung vorzulegende Unterlagen:<\/p>\n<ul>\n<li>Von der Regierung ausgestellter Personalausweis oder Reisepass<\/li>\n<li>F\u00fchrerschein<\/li>\n<li>Adressnachweis (Stromrechnung, Kontoauszug)<\/li>\n<li>Bankkonto-Dokumente<\/li>\n<\/ul>\n<h3>Schritte zur Verifizierung Ihres Kontos<\/h3>\n<ol>\n<li>Stellen Sie sicher, dass Sie den Piperspin-Anmeldevorgang abgeschlossen haben.<\/li>\n<li>Klicken Sie auf \u201eKontoverifizierung\u201c.<\/li>\n<li>Laden Sie die erforderlichen Dokumente hoch.<\/li>\n<li>Warten Sie auf die Genehmigung.<\/li>\n<\/ol>\n<p>Sobald die Genehmigung erfolgt ist, k\u00f6nnen Sie Geld abheben und alle Boni nutzen.<\/p>\n<h2>So melden Sie sich bei Piperspin an<\/h2>\n<p>Der Piperspin-Anmeldeprozess ist einfach und sicher. Sobald Sie sich angemeldet haben, haben Sie Zugriff auf alle Funktionen der Plattform. Nach der Anmeldung k\u00f6nnen Sie Ihren Spielverlauf verfolgen, aktive Werbeaktionen \u00fcberpr\u00fcfen, Einstellungen f\u00fcr verantwortungsbewusstes Spielen verwalten, an Turnieren teilnehmen, das Gl\u00fccksrad drehen und Ihre Gewinne auszahlen lassen. Das Kontrollpanel f\u00fcr Ihr Konto zeigt die letzten Transaktionen an. Hier k\u00f6nnen Sie auch Benachrichtigungen \u00fcber Aktualisierungen erhalten.<\/p>\n<h3>Schritte zum Anmelden<\/h3>\n<ol>\n<li>Klicken Sie auf der Hauptseite auf die Schaltfl\u00e4che \u201eAnmelden\u201c.<\/li>\n<li>\u00a0Geben Sie Ihre E-Mail-Adresse und Ihr Passwort ein.<\/li>\n<li>Klicken Sie erneut auf die Registerkarte \u201eAnmelden\u201c.<\/li>\n<\/ol>\n<p>Sie sind jetzt in Ihrem Konto angemeldet. Sie k\u00f6nnen nun zum Kontrollfeld gehen, um Informationen \u00fcber die Funktionen unseres Casinos anzuzeigen.<\/p>\n<h3>Wiederherstellung der Anmeldedaten<\/h3>\n<p>Wenn Sie Ihre Piperspin-Anmeldedaten oder Ihr Passwort vergessen haben, k\u00f6nnen Sie ganz einfach wieder Zugriff erhalten. Ihr Login ist immer Ihre mit Ihrem Konto verkn\u00fcpfte E-Mail-Adresse. Wenn Sie Ihr Passwort vergessen haben, k\u00f6nnen Sie innerhalb weniger Minuten wieder Zugriff erhalten.<\/p>\n<p>Schritte zur Wiederherstellung des Zugriffs:<\/p>\n<ol>\n<li>Klicken Sie auf die Schaltfl\u00e4che \u201eAnmelden\u201c auf der Homepage von Piperspin.<\/li>\n<li>W\u00e4hlen Sie \u201ePasswort vergessen?\u201c.<\/li>\n<li>Geben Sie Ihre E-Mail-Adresse ein.<\/li>\n<li>Folgen Sie dem Link, um Ihr Passwort zur\u00fcckzusetzen.<\/li>\n<li>Erstellen Sie ein neues Passwort.<\/li>\n<li>Melden Sie sich mit Ihren aktualisierten Anmeldedaten an.<\/li>\n<\/ol>\n<p>Wenn Sie Schwierigkeiten haben oder Fragen haben, k\u00f6nnen Sie sich an unser mehrsprachiges Support-Team wenden. Sie k\u00f6nnen den Support rund um die Uhr per Live-Chat oder E-Mail kontaktieren.<\/p>\n<h2>H\u00e4ufig gestellte Fragen<\/h2>\n<h3>Wie erstelle ich ein neues Piper Spin Casino-Konto?<\/h3>\n<p>Klicken Sie auf der Homepage von Piperspin auf die Schaltfl\u00e4che \u201eAnmelden\u201c. Geben Sie Ihre E-Mail-Adresse ein und erstellen Sie ein Passwort. Best\u00e4tigen Sie die Allgemeinen Gesch\u00e4ftsbedingungen und Altersbeschr\u00e4nkungen und geben Sie den Promo-Code ein. Best\u00e4tigen Sie Ihre E-Mail-Adresse \u00fcber den Link. Ihr Konto ist nun einsatzbereit.<\/p>\n<h3>Warum kann ich mich nicht bei meinem Piperspin-Konto anmelden?<\/h3>\n<p>Stellen Sie sicher, dass Ihre E-Mail-Adresse und Ihr Passwort korrekt sind. Wenn dies der Fall ist, \u00fcberpr\u00fcfen Sie, ob Ihr Konto aktiviert ist. Wenn es nicht funktioniert, versuchen Sie, den Cache Ihres Browsers zu leeren. Sie k\u00f6nnen auch versuchen, ein anderes Ger\u00e4t zu verwenden. Wenn dies nicht hilft, wenden Sie sich an den Support.<\/p>\n<h3>Welche Informationen muss ich bei der Registrierung angeben?<\/h3>\n<p>Sie ben\u00f6tigen eine g\u00fcltige E-Mail-Adresse und ein Passwort, um sich zu registrieren. Best\u00e4tigen Sie bei der Anmeldung, dass Sie \u00fcber 18 Jahre alt sind und den Nutzungsbedingungen zustimmen. Aktivieren Sie Ihr Konto nach der Registrierung \u00fcber den Best\u00e4tigungslink, der an Ihre E-Mail-Adresse gesendet wurde.<\/p>\n<h3>Kann ich mich mit demselben Konto auf meinem Smartphone und meinem Computer anmelden?<\/h3>\n<p>Ja, Ihr Piper Spin-Konto funktioniert auf allen Ger\u00e4ten. Melden Sie sich mit Ihrem Benutzernamen und Passwort an. Ihr Guthaben, Ihr Fortschritt und Ihre Einstellungen werden automatisch auf allen Ger\u00e4ten in Ihrem Browser oder Ihrer App synchronisiert.<\/p>\n<h3>Kann ich mit der mobilen App an Turnieren und Aktionen teilnehmen?<\/h3>\n<p>Ja, alle Turniere, Aufgaben und sonstigen Aktionen sind \u00fcber die mobile App Piperspin verf\u00fcgbar. Sie k\u00f6nnen an Wettbewerben teilnehmen und Belohnungen direkt \u00fcber die App auf Ihrem Ger\u00e4t erhalten. Die App verf\u00fcgt \u00fcber eine Benachrichtigungsfunktion, mit der Sie Ihren Fortschritt und Updates verfolgen k\u00f6nnen.<\/p>\n<\/div><\/div><\/p>\n","protected":false},"excerpt":{"rendered":"<p>Piperspin Anmeldung und Registrierung Die Piperspin login ist Ihr Tor zu ununterbrochenem und sicherem Gaming. Nach der Registrierung k\u00f6nnen sich Benutzer anmelden, um Boni zu erhalten, an Turnieren teilzunehmen und mehr als 6.000 Spiele zu spielen. Dank moderner Sicherheitstechnologien ist die Kontoerstellung schnell und sicher.<\/p>\n","protected":false},"author":1,"featured_media":0,"parent":0,"menu_order":0,"comment_status":"closed","ping_status":"closed","template":"template-builder.php","meta":{"_acf_changed":false,"inline_featured_image":false,"footnotes":""},"class_list":["post-1484","page","type-page","status-publish","hentry"],"acf":[],"yoast_head":"<!-- This site is optimized with the Yoast SEO plugin v27.3 - https:\/\/yoast.com\/product\/yoast-seo-wordpress\/ -->\n<title>Piperspin Login | Anmelden oder Konto erstellen<\/title>\n<meta name=\"description\" content=\"Verwalten Sie Ihr Casino-Konto mit Piper Spin-Login oder registrieren Sie sich als neuer Benutzer. \u00dcberpr\u00fcfen Sie Ihr Bonusguthaben, verfolgen Sie Ihr Spielgeschehen, f\u00fchren Sie Verifizierungen durch und verwalten Sie Zahlungen.\" \/>\n<meta name=\"robots\" content=\"index, follow, max-snippet:-1, max-image-preview:large, max-video-preview:-1\" \/>\n<link rel=\"canonical\" href=\"https:\/\/piperspincasino.org\/de\/anmeldung-und-registrierung\/\" \/>\n<meta property=\"og:locale\" content=\"de_DE\" \/>\n<meta property=\"og:type\" content=\"article\" \/>\n<meta property=\"og:title\" content=\"Piperspin Login | Anmelden oder Konto erstellen\" \/>\n<meta property=\"og:description\" content=\"Verwalten Sie Ihr Casino-Konto mit Piper Spin-Login oder registrieren Sie sich als neuer Benutzer. \u00dcberpr\u00fcfen Sie Ihr Bonusguthaben, verfolgen Sie Ihr Spielgeschehen, f\u00fchren Sie Verifizierungen durch und verwalten Sie Zahlungen.\" \/>\n<meta property=\"og:url\" content=\"https:\/\/piperspincasino.org\/de\/anmeldung-und-registrierung\/\" \/>\n<meta property=\"og:site_name\" content=\"piperspin\" \/>\n<meta property=\"article:modified_time\" content=\"2026-01-09T10:30:39+00:00\" \/>\n<meta name=\"twitter:card\" content=\"summary_large_image\" \/>\n<meta name=\"twitter:label1\" content=\"Gesch\u00e4tzte Lesezeit\" \/>\n\t<meta name=\"twitter:data1\" content=\"1\u00a0Minute\" \/>\n<script type=\"application\/ld+json\" class=\"yoast-schema-graph\">{\"@context\":\"https:\\\/\\\/schema.org\",\"@graph\":[{\"@type\":\"WebPage\",\"@id\":\"https:\\\/\\\/piperspincasino.org\\\/de\\\/anmeldung-und-registrierung\\\/\",\"url\":\"https:\\\/\\\/piperspincasino.org\\\/de\\\/anmeldung-und-registrierung\\\/\",\"name\":\"Piperspin Login | Anmelden oder Konto erstellen\",\"isPartOf\":{\"@id\":\"https:\\\/\\\/piperspincasino.org\\\/de\\\/#website\"},\"datePublished\":\"2026-01-09T08:07:34+00:00\",\"dateModified\":\"2026-01-09T10:30:39+00:00\",\"description\":\"Verwalten Sie Ihr Casino-Konto mit Piper Spin-Login oder registrieren Sie sich als neuer Benutzer. \u00dcberpr\u00fcfen Sie Ihr Bonusguthaben, verfolgen Sie Ihr Spielgeschehen, f\u00fchren Sie Verifizierungen durch und verwalten Sie Zahlungen.\",\"breadcrumb\":{\"@id\":\"https:\\\/\\\/piperspincasino.org\\\/de\\\/anmeldung-und-registrierung\\\/#breadcrumb\"},\"inLanguage\":\"de\",\"potentialAction\":[{\"@type\":\"ReadAction\",\"target\":[\"https:\\\/\\\/piperspincasino.org\\\/de\\\/anmeldung-und-registrierung\\\/\"]}]},{\"@type\":\"BreadcrumbList\",\"@id\":\"https:\\\/\\\/piperspincasino.org\\\/de\\\/anmeldung-und-registrierung\\\/#breadcrumb\",\"itemListElement\":[{\"@type\":\"ListItem\",\"position\":1,\"name\":\"Piperspin\",\"item\":\"https:\\\/\\\/piperspincasino.org\\\/de\\\/\"},{\"@type\":\"ListItem\",\"position\":2,\"name\":\"Anmeldung und Registrierung\"}]},{\"@type\":\"WebSite\",\"@id\":\"https:\\\/\\\/piperspincasino.org\\\/de\\\/#website\",\"url\":\"https:\\\/\\\/piperspincasino.org\\\/de\\\/\",\"name\":\"Piperspin\",\"description\":\"\",\"publisher\":{\"@id\":\"https:\\\/\\\/piperspincasino.org\\\/de\\\/#organization\"},\"potentialAction\":[{\"@type\":\"SearchAction\",\"target\":{\"@type\":\"EntryPoint\",\"urlTemplate\":\"https:\\\/\\\/piperspincasino.org\\\/de\\\/?s={search_term_string}\"},\"query-input\":{\"@type\":\"PropertyValueSpecification\",\"valueRequired\":true,\"valueName\":\"search_term_string\"}}],\"inLanguage\":\"de\"},{\"@type\":\"Organization\",\"@id\":\"https:\\\/\\\/piperspincasino.org\\\/de\\\/#organization\",\"name\":\"Piperspin\",\"url\":\"https:\\\/\\\/piperspincasino.org\\\/de\\\/\",\"logo\":{\"@type\":\"ImageObject\",\"inLanguage\":\"de\",\"@id\":\"https:\\\/\\\/piperspincasino.org\\\/de\\\/#\\\/schema\\\/logo\\\/image\\\/\",\"url\":\"https:\\\/\\\/piperspincasino.org\\\/wp-content\\\/uploads\\\/2025\\\/04\\\/4ir4Uq6IWNCbsrt6V8kj.png\",\"contentUrl\":\"https:\\\/\\\/piperspincasino.org\\\/wp-content\\\/uploads\\\/2025\\\/04\\\/4ir4Uq6IWNCbsrt6V8kj.png\",\"width\":208,\"height\":49,\"caption\":\"Piperspin\"},\"image\":{\"@id\":\"https:\\\/\\\/piperspincasino.org\\\/de\\\/#\\\/schema\\\/logo\\\/image\\\/\"}}]}<\/script>\n<!-- \/ Yoast SEO plugin. -->","yoast_head_json":{"title":"Piperspin Login | Anmelden oder Konto erstellen","description":"Verwalten Sie Ihr Casino-Konto mit Piper Spin-Login oder registrieren Sie sich als neuer Benutzer. \u00dcberpr\u00fcfen Sie Ihr Bonusguthaben, verfolgen Sie Ihr Spielgeschehen, f\u00fchren Sie Verifizierungen durch und verwalten Sie Zahlungen.","robots":{"index":"index","follow":"follow","max-snippet":"max-snippet:-1","max-image-preview":"max-image-preview:large","max-video-preview":"max-video-preview:-1"},"canonical":"https:\/\/piperspincasino.org\/de\/anmeldung-und-registrierung\/","og_locale":"de_DE","og_type":"article","og_title":"Piperspin Login | Anmelden oder Konto erstellen","og_description":"Verwalten Sie Ihr Casino-Konto mit Piper Spin-Login oder registrieren Sie sich als neuer Benutzer. \u00dcberpr\u00fcfen Sie Ihr Bonusguthaben, verfolgen Sie Ihr Spielgeschehen, f\u00fchren Sie Verifizierungen durch und verwalten Sie Zahlungen.","og_url":"https:\/\/piperspincasino.org\/de\/anmeldung-und-registrierung\/","og_site_name":"piperspin","article_modified_time":"2026-01-09T10:30:39+00:00","twitter_card":"summary_large_image","twitter_misc":{"Gesch\u00e4tzte Lesezeit":"1\u00a0Minute"},"schema":{"@context":"https:\/\/schema.org","@graph":[{"@type":"WebPage","@id":"https:\/\/piperspincasino.org\/de\/anmeldung-und-registrierung\/","url":"https:\/\/piperspincasino.org\/de\/anmeldung-und-registrierung\/","name":"Piperspin Login | Anmelden oder Konto erstellen","isPartOf":{"@id":"https:\/\/piperspincasino.org\/de\/#website"},"datePublished":"2026-01-09T08:07:34+00:00","dateModified":"2026-01-09T10:30:39+00:00","description":"Verwalten Sie Ihr Casino-Konto mit Piper Spin-Login oder registrieren Sie sich als neuer Benutzer. \u00dcberpr\u00fcfen Sie Ihr Bonusguthaben, verfolgen Sie Ihr Spielgeschehen, f\u00fchren Sie Verifizierungen durch und verwalten Sie Zahlungen.","breadcrumb":{"@id":"https:\/\/piperspincasino.org\/de\/anmeldung-und-registrierung\/#breadcrumb"},"inLanguage":"de","potentialAction":[{"@type":"ReadAction","target":["https:\/\/piperspincasino.org\/de\/anmeldung-und-registrierung\/"]}]},{"@type":"BreadcrumbList","@id":"https:\/\/piperspincasino.org\/de\/anmeldung-und-registrierung\/#breadcrumb","itemListElement":[{"@type":"ListItem","position":1,"name":"Piperspin","item":"https:\/\/piperspincasino.org\/de\/"},{"@type":"ListItem","position":2,"name":"Anmeldung und Registrierung"}]},{"@type":"WebSite","@id":"https:\/\/piperspincasino.org\/de\/#website","url":"https:\/\/piperspincasino.org\/de\/","name":"Piperspin","description":"","publisher":{"@id":"https:\/\/piperspincasino.org\/de\/#organization"},"potentialAction":[{"@type":"SearchAction","target":{"@type":"EntryPoint","urlTemplate":"https:\/\/piperspincasino.org\/de\/?s={search_term_string}"},"query-input":{"@type":"PropertyValueSpecification","valueRequired":true,"valueName":"search_term_string"}}],"inLanguage":"de"},{"@type":"Organization","@id":"https:\/\/piperspincasino.org\/de\/#organization","name":"Piperspin","url":"https:\/\/piperspincasino.org\/de\/","logo":{"@type":"ImageObject","inLanguage":"de","@id":"https:\/\/piperspincasino.org\/de\/#\/schema\/logo\/image\/","url":"https:\/\/piperspincasino.org\/wp-content\/uploads\/2025\/04\/4ir4Uq6IWNCbsrt6V8kj.png","contentUrl":"https:\/\/piperspincasino.org\/wp-content\/uploads\/2025\/04\/4ir4Uq6IWNCbsrt6V8kj.png","width":208,"height":49,"caption":"Piperspin"},"image":{"@id":"https:\/\/piperspincasino.org\/de\/#\/schema\/logo\/image\/"}}]}},"_links":{"self":[{"href":"https:\/\/piperspincasino.org\/de\/wp-json\/wp\/v2\/pages\/1484","targetHints":{"allow":["GET"]}}],"collection":[{"href":"https:\/\/piperspincasino.org\/de\/wp-json\/wp\/v2\/pages"}],"about":[{"href":"https:\/\/piperspincasino.org\/de\/wp-json\/wp\/v2\/types\/page"}],"author":[{"embeddable":true,"href":"https:\/\/piperspincasino.org\/de\/wp-json\/wp\/v2\/users\/1"}],"replies":[{"embeddable":true,"href":"https:\/\/piperspincasino.org\/de\/wp-json\/wp\/v2\/comments?post=1484"}],"version-history":[{"count":1,"href":"https:\/\/piperspincasino.org\/de\/wp-json\/wp\/v2\/pages\/1484\/revisions"}],"predecessor-version":[{"id":1647,"href":"https:\/\/piperspincasino.org\/de\/wp-json\/wp\/v2\/pages\/1484\/revisions\/1647"}],"wp:attachment":[{"href":"https:\/\/piperspincasino.org\/de\/wp-json\/wp\/v2\/media?parent=1484"}],"curies":[{"name":"wp","href":"https:\/\/api.w.org\/{rel}","templated":true}]}}