{"id":1441,"date":"2026-01-09T08:04:03","date_gmt":"2026-01-09T08:04:03","guid":{"rendered":"https:\/\/piperspincasino.org\/app\/"},"modified":"2026-01-09T12:22:56","modified_gmt":"2026-01-09T12:22:56","slug":"aplicacion","status":"publish","type":"page","link":"https:\/\/piperspincasino.org\/es\/aplicacion\/","title":{"rendered":"Aplicaci\u00f3n"},"content":{"rendered":"<h1>Aplicaci\u00f3n m\u00f3vil Piperspin<\/h1>\n<p>Piperspin app ofrece a los jugadores espa\u00f1oles un acceso r\u00e1pido a todas las funciones de nuestro casino en dispositivos m\u00f3viles. El software est\u00e1 dise\u00f1ado con el mismo rendimiento y capacidades que la versi\u00f3n de escritorio. La aplicaci\u00f3n Piperspin carga r\u00e1pidamente los juegos y cualquier secci\u00f3n de la plataforma en cualquier momento. Todas las funciones est\u00e1n optimizadas para el control t\u00e1ctil en pantallas de cualquier tama\u00f1o.<\/p>\n<p><div class=\"banner-wrap\" aria-label=\"Banner\"><img src=\"https:\/\/piperspincasino.org\/wp-content\/uploads\/2026\/01\/TOwKZNmxqjNhxfrdqEkN.webp\" class=\"w-100 d-none d-lg-block img-pc main-banner-img\" alt=\"Piperspin desktop banner\" fetchpriority=\"high\" decoding=\"async\"><img src=\"https:\/\/piperspincasino.org\/wp-content\/uploads\/2026\/01\/Piperspin-mobile-banner.webp\" class=\"w-100 d-none d-md-block d-lg-none main-banner-img\" alt=\"Piperspin mobile banner\" fetchpriority=\"high\" decoding=\"async\"><img src=\"https:\/\/piperspincasino.org\/wp-content\/uploads\/2026\/01\/Piperspin-mobile-banner.webp\" class=\"w-100 d-md-none\" alt=\"Piperspin mobile banner\" fetchpriority=\"high\" decoding=\"async\"><div class=\"banner-description\">\n<div class=\"banner-title\">Bonos de bienvenida<\/div>\n<p class=\"banner-header-title\">\u20ac1,500<\/p>\n<div class=\"banner-header-AdditionalText\">+ 250 Tiradas gratis<\/div>\n<button data-item=\"homepage_banner_link\" class=\"goto m-button m-gradient-border m-button--primary m-button--large banner-button btn-orange\">\n            <div class=\"m-button-content\">\n                <span>Reg\u00edstrate ahora<\/span>\n                <span><\/span>\n            <\/div>\n        <\/button>\n<\/div>\n<div class=\"WelcomePack\">\n<p><img loading=\"lazy\" decoding=\"async\" class=\"alignnone size-full wp-image-1390\" src=\"https:\/\/piperspincasino.org\/wp-content\/uploads\/2026\/01\/welcome-crown.svg\" alt=\"crown\" width=\"25\" height=\"26\" \/><\/p>\n<div class=\"WelcomePack-Info\">Reembolso semanal de hasta el 25 %<\/div>\n<p><img loading=\"lazy\" decoding=\"async\" class=\"alignnone size-full wp-image-1390\" src=\"https:\/\/piperspincasino.org\/wp-content\/uploads\/2026\/01\/welcome-crown.svg\" alt=\"crown\" width=\"25\" height=\"26\" \/><\/p>\n<\/div>\n<\/div><div class=\"scrollable-content-wrap my-5\"><div class=\"scrollable-content-inner\"><h2>Aplicaci\u00f3n Piper Spin para Windows y Mac<\/h2>\n<p>La aplicaci\u00f3n Piperspin para Windows y Mac est\u00e1 dise\u00f1ada para acceder r\u00e1pidamente a tu escritorio sin necesidad de realizar instalaciones complicadas. Nuestra aplicaci\u00f3n web se inicia en tu escritorio y se ejecuta como una aplicaci\u00f3n independiente. Los usuarios de Windows y macOS pueden crear un acceso directo con un solo clic en nuestro sitio web. Con un acceso directo, nuestra plataforma funcionar\u00e1 como una aplicaci\u00f3n de escritorio.<\/p>\n<p>La interfaz se adapta autom\u00e1ticamente a la resoluci\u00f3n de tu pantalla y funciona sin problemas. Todas las funciones del casino Piperspin est\u00e1n disponibles en la aplicaci\u00f3n: juegos, pagos, bonificaciones y configuraci\u00f3n de la cuenta. Para instalar la aplicaci\u00f3n de acceso r\u00e1pido en su PC, simplemente vaya al sitio web de Piperspin en su navegador y busque la funci\u00f3n \u00abcrear acceso directo\u00bb en la configuraci\u00f3n de la p\u00e1gina. El software para PC ya est\u00e1 disponible para su uso.<\/p>\n<p><img loading=\"lazy\" decoding=\"async\" src=\"https:\/\/piperspincasino.org\/wp-content\/uploads\/2026\/01\/Piperspin-Desktop.webp\" alt=\"Piperspin Desktop\" width=\"1248\" height=\"536\" \/><\/p>\n<\/div><\/div><div style=\"clear: both\"><\/div><div class=\"d-flex justify-content-center\"><button data-item=\"decouvrez_link\" data-group=\"website_links\" class=\"goto fw-bold rounded-pill btn btn-orange\" aria-label=\"Descarga la aplicaci\u00f3n Piperspin\" >Descarga la aplicaci\u00f3n Piperspin<\/button><\/div><div class=\"scrollable-content-wrap my-5\"><div class=\"scrollable-content-inner\"><h2>Aplicaci\u00f3n Android para jugar sobre la marcha<\/h2>\n<p>La aplicaci\u00f3n Piperspin para Android es una aplicaci\u00f3n web progresiva (PWA). Puede instalar nuestra PWA sin necesidad de descargar nada de las tiendas. El software se instala desde su navegador y funciona como una aplicaci\u00f3n m\u00f3vil est\u00e1ndar. La PWA proporciona acceso completo a los juegos, bonificaciones, pagos y herramientas de gesti\u00f3n de cuentas. La PWA tiene la misma funcionalidad que la plataforma de escritorio. La interfaz est\u00e1 optimizada para el control t\u00e1ctil, se carga r\u00e1pidamente y se adapta a cualquier pantalla Android. Las actualizaciones autom\u00e1ticas le permiten utilizar siempre la \u00faltima versi\u00f3n sin necesidad de instalaci\u00f3n manual. Este formato ahorra espacio y funciona sin interrupciones.<\/p>\n<h3>Instalar APK para Android<\/h3>\n<p>Instalar nuestra aplicaci\u00f3n para Android es muy f\u00e1cil. Esto es lo que tienes que hacer:<\/p>\n<ol>\n<li>Abre nuestra p\u00e1gina web oficial en tu navegador.<\/li>\n<li>En la parte inferior de la p\u00e1gina de inicio, busca el bot\u00f3n \u00abAplicaci\u00f3n del casino\u00bb.<\/li>\n<li>Haga clic en \u00abInstalar\u00bb.<\/li>\n<li>La aplicaci\u00f3n se a\u00f1adir\u00e1 a la pantalla de inicio.<\/li>\n<\/ol>\n<p><img loading=\"lazy\" decoding=\"async\" src=\"https:\/\/piperspincasino.org\/wp-content\/uploads\/2026\/01\/Piperspin-Android-App.webp\" alt=\"Piperspin Android App\" width=\"1248\" height=\"536\" \/><\/p>\n<\/div><\/div><div style=\"clear: both\"><\/div><div class=\"d-flex justify-content-center\"><button data-item=\"decouvrez_link\" data-group=\"website_links\" class=\"goto fw-bold rounded-pill btn btn-orange\" aria-label=\"Descargar Piperspin\" >Descargar Piperspin<\/button><\/div><div class=\"scrollable-content-wrap my-5\"><div class=\"scrollable-content-inner\"><h2>Aplicaci\u00f3n para dispositivos iOS<\/h2>\n<p>El software Piperspin para iOS est\u00e1 disponible a trav\u00e9s de tu navegador, por lo que no es necesario buscarlo en la App Store. Puede obtenerlo directamente desde su ordenador. Cuenta con las mismas herramientas que la aplicaci\u00f3n de escritorio y se puede utilizar en la web. Su dise\u00f1o funciona perfectamente en las pantallas de iPhone y iPad, y se carga r\u00e1pidamente. En la aplicaci\u00f3n iOS, los jugadores pueden acceder a los juegos, gestionar sus cuentas y utilizar todas las dem\u00e1s funciones del casino. Con nuestro software instalado, puede recibir notificaciones sobre nuevas promociones, bonificaciones acreditadas en su cuenta y mucho m\u00e1s. La aplicaci\u00f3n se inicia desde la pantalla de inicio y carga r\u00e1pidamente todos los juegos y funciones.<\/p>\n<h3>Descargar la aplicaci\u00f3n para iOS<\/h3>\n<ol>\n<li>Abre nuestro sitio web oficial en el navegador Safari.<\/li>\n<li>Toca el icono Compartir en la parte inferior.<\/li>\n<li>Selecciona \u00abA\u00f1adir a la pantalla de inicio\u00bb en el men\u00fa.<\/li>\n<li>Confirme y pulse \u00abA\u00f1adir\u00bb.<\/li>\n<\/ol>\n<p><img loading=\"lazy\" decoding=\"async\" src=\"https:\/\/piperspincasino.org\/wp-content\/uploads\/2026\/01\/Piperspin-iOS-App.webp\" alt=\"Piperspin iOS App\" width=\"1248\" height=\"536\" \/><\/p>\n<\/div><\/div><div style=\"clear: both\"><\/div><div class=\"d-flex justify-content-center\"><button data-item=\"decouvrez_link\" data-group=\"website_links\" class=\"goto fw-bold rounded-pill btn btn-orange\" aria-label=\"Descarga la aplicaci\u00f3n Piperspin\" >Descarga la aplicaci\u00f3n Piperspin<\/button><\/div><\/p>\n<h2>Ventajas de la aplicaci\u00f3n m\u00f3vil Piperspin<\/h2>\n<p>La aplicaci\u00f3n Piperspin est\u00e1 dise\u00f1ada para facilitar el d\u00eda a d\u00eda. Ofrece funciones de casino en un formato de carga r\u00e1pida para uso m\u00f3vil. La versi\u00f3n para PC tiene una pantalla m\u00e1s grande, pero la aplicaci\u00f3n m\u00f3vil est\u00e1 dise\u00f1ada para ser r\u00e1pida y f\u00e1cil de usar desde el primer momento. Ambas opciones son seguras y cuentan con todas las funciones que puedas desear.<\/p>\n<table>\n<tbody>\n<tr>\n<td>Aspecto<\/td>\n<td>Aplicaci\u00f3n m\u00f3vil<\/td>\n<td>Versi\u00f3n para PC<\/td>\n<\/tr>\n<tr>\n<td>Acceso<\/td>\n<td>Se inicia al instante.<\/td>\n<td>Requiere abrir un navegador.<\/td>\n<\/tr>\n<tr>\n<td>Movilidad<\/td>\n<td>Disponible en cualquier lugar<\/td>\n<td>Limitado a ordenadores de sobremesa o port\u00e1tiles.<\/td>\n<\/tr>\n<tr>\n<td>Navegaci\u00f3n<\/td>\n<td>Optimizado para el tacto y simplificado<\/td>\n<td>Dise\u00f1o m\u00e1s detallado basado en el rat\u00f3n<\/td>\n<\/tr>\n<tr>\n<td>Notificaciones<\/td>\n<td>Notificaciones push para actualizaciones<\/td>\n<td>Las actualizaciones solo se pueden ver despu\u00e9s de iniciar sesi\u00f3n.<\/td>\n<\/tr>\n<tr>\n<td>Velocidad de inicio de sesi\u00f3n<\/td>\n<td>Acceso m\u00e1s r\u00e1pido<\/td>\n<td>Inicio de sesi\u00f3n est\u00e1ndar en cada sesi\u00f3n<\/td>\n<\/tr>\n<tr>\n<td>Experiencia en pantalla<\/td>\n<td>Jugabilidad compacta<\/td>\n<td>Pantalla m\u00e1s grande para sesiones m\u00e1s largas<\/td>\n<\/tr>\n<\/tbody>\n<\/table>\n<div class=\"scrollable-content-wrap my-5\"><div class=\"scrollable-content-inner\"><h2>Preguntas frecuentes<\/h2>\n<h3>\u00bfC\u00f3mo descargo e instalo la aplicaci\u00f3n Piper Spin Casino?<\/h3>\n<p>Abre la p\u00e1gina web oficial de Piper Spin en el navegador de tu m\u00f3vil. Pulsa el bot\u00f3n \u00abAplicaci\u00f3n del casino\u00bb y confirma la instalaci\u00f3n. Se encuentra en la parte inferior de la p\u00e1gina principal. La aplicaci\u00f3n se a\u00f1adir\u00e1 a tu pantalla de inicio en unos segundos. No es necesario realizar descargas ni instalaciones adicionales.<\/p>\n<h3>\u00bfPuedo sincronizar mi cuenta y el progreso del juego en diferentes dispositivos?<\/h3>\n<p>S\u00ed, una sola cuenta funciona en todos los dispositivos. Inicia sesi\u00f3n con tu nombre de usuario y contrase\u00f1a en tu dispositivo m\u00f3vil o computadora. Tu saldo, bonificaciones, configuraci\u00f3n y progreso en el juego se sincronizan en todas las plataformas.<\/p>\n<h3>\u00bfEs segura la aplicaci\u00f3n Piper Spin para transacciones con dinero real y datos personales?<\/h3>\n<p>S\u00ed, la aplicaci\u00f3n utiliza conexiones cifradas y protocolos seguros. Todos los pagos y datos personales est\u00e1n protegidos. Adem\u00e1s del cifrado, utilizamos protocolos de verificaci\u00f3n y comprobaciones manuales de los retiros. Se aplican los mismos est\u00e1ndares de seguridad a la aplicaci\u00f3n m\u00f3vil y a la plataforma de escritorio.<\/p>\n<h3>\u00bfQu\u00e9 debo hacer si encuentro un problema o necesito ayuda mientras utilizo la aplicaci\u00f3n?<\/h3>\n<p>P\u00f3ngase en contacto con el servicio de asistencia directamente desde la aplicaci\u00f3n o su navegador. El chat en l\u00ednea y el correo electr\u00f3nico est\u00e1n disponibles en cualquier momento. El servicio de asistencia responde r\u00e1pidamente y le ayuda con cualquier pregunta. Nuestro servicio de asistencia est\u00e1 disponible en varios idiomas.<\/p>\n<\/div><\/div>\n","protected":false},"excerpt":{"rendered":"<p>Aplicaci\u00f3n m\u00f3vil Piperspin Piperspin app ofrece a los jugadores espa\u00f1oles un acceso r\u00e1pido a todas las funciones de nuestro casino en dispositivos m\u00f3viles. El software est\u00e1 dise\u00f1ado con el mismo rendimiento y capacidades que la versi\u00f3n de escritorio. La aplicaci\u00f3n Piperspin carga r\u00e1pidamente los juegos y cualquier secci\u00f3n de la plataforma en cualquier momento. Todas [&hellip;]<\/p>\n","protected":false},"author":1,"featured_media":0,"parent":0,"menu_order":0,"comment_status":"closed","ping_status":"closed","template":"template-builder.php","meta":{"_acf_changed":false,"inline_featured_image":false,"footnotes":""},"class_list":["post-1441","page","type-page","status-publish","hentry"],"acf":[],"yoast_head":"<!-- This site is optimized with the Yoast SEO plugin v27.3 - https:\/\/yoast.com\/product\/yoast-seo-wordpress\/ -->\n<title>Piperspin Casino App para iOS y Android<\/title>\n<meta name=\"description\" content=\"Descarga la Piper Spin App para iOS, Android, Windows y macOS. Juega a juegos de casino donde quieras con sincronizaci\u00f3n de cuenta, actualizaciones frecuentes y soporte 24\/7 en la app.\" \/>\n<meta name=\"robots\" content=\"index, follow, max-snippet:-1, max-image-preview:large, max-video-preview:-1\" \/>\n<link rel=\"canonical\" href=\"https:\/\/piperspincasino.org\/es\/aplicacion\/\" \/>\n<meta property=\"og:locale\" content=\"es_ES\" \/>\n<meta property=\"og:type\" content=\"article\" \/>\n<meta property=\"og:title\" content=\"Piperspin Casino App para iOS y Android\" \/>\n<meta property=\"og:description\" content=\"Descarga la Piper Spin App para iOS, Android, Windows y macOS. Juega a juegos de casino donde quieras con sincronizaci\u00f3n de cuenta, actualizaciones frecuentes y soporte 24\/7 en la app.\" \/>\n<meta property=\"og:url\" content=\"https:\/\/piperspincasino.org\/es\/aplicacion\/\" \/>\n<meta property=\"og:site_name\" content=\"piperspin\" \/>\n<meta property=\"article:modified_time\" content=\"2026-01-09T12:22:56+00:00\" \/>\n<meta name=\"twitter:card\" content=\"summary_large_image\" \/>\n<meta name=\"twitter:label1\" content=\"Est. reading time\" \/>\n\t<meta name=\"twitter:data1\" content=\"2 minutes\" \/>\n<script type=\"application\/ld+json\" class=\"yoast-schema-graph\">{\"@context\":\"https:\\\/\\\/schema.org\",\"@graph\":[{\"@type\":\"WebPage\",\"@id\":\"https:\\\/\\\/piperspincasino.org\\\/es\\\/aplicacion\\\/\",\"url\":\"https:\\\/\\\/piperspincasino.org\\\/es\\\/aplicacion\\\/\",\"name\":\"Piperspin Casino App para iOS y Android\",\"isPartOf\":{\"@id\":\"https:\\\/\\\/piperspincasino.org\\\/es\\\/#website\"},\"datePublished\":\"2026-01-09T08:04:03+00:00\",\"dateModified\":\"2026-01-09T12:22:56+00:00\",\"description\":\"Descarga la Piper Spin App para iOS, Android, Windows y macOS. Juega a juegos de casino donde quieras con sincronizaci\u00f3n de cuenta, actualizaciones frecuentes y soporte 24\\\/7 en la app.\",\"breadcrumb\":{\"@id\":\"https:\\\/\\\/piperspincasino.org\\\/es\\\/aplicacion\\\/#breadcrumb\"},\"inLanguage\":\"es-ES\",\"potentialAction\":[{\"@type\":\"ReadAction\",\"target\":[\"https:\\\/\\\/piperspincasino.org\\\/es\\\/aplicacion\\\/\"]}]},{\"@type\":\"BreadcrumbList\",\"@id\":\"https:\\\/\\\/piperspincasino.org\\\/es\\\/aplicacion\\\/#breadcrumb\",\"itemListElement\":[{\"@type\":\"ListItem\",\"position\":1,\"name\":\"Piperspin\",\"item\":\"https:\\\/\\\/piperspincasino.org\\\/es\\\/\"},{\"@type\":\"ListItem\",\"position\":2,\"name\":\"Aplicaci\u00f3n\"}]},{\"@type\":\"WebSite\",\"@id\":\"https:\\\/\\\/piperspincasino.org\\\/es\\\/#website\",\"url\":\"https:\\\/\\\/piperspincasino.org\\\/es\\\/\",\"name\":\"Piperspin\",\"description\":\"\",\"publisher\":{\"@id\":\"https:\\\/\\\/piperspincasino.org\\\/es\\\/#organization\"},\"potentialAction\":[{\"@type\":\"SearchAction\",\"target\":{\"@type\":\"EntryPoint\",\"urlTemplate\":\"https:\\\/\\\/piperspincasino.org\\\/es\\\/?s={search_term_string}\"},\"query-input\":{\"@type\":\"PropertyValueSpecification\",\"valueRequired\":true,\"valueName\":\"search_term_string\"}}],\"inLanguage\":\"es-ES\"},{\"@type\":\"Organization\",\"@id\":\"https:\\\/\\\/piperspincasino.org\\\/es\\\/#organization\",\"name\":\"Piperspin\",\"url\":\"https:\\\/\\\/piperspincasino.org\\\/es\\\/\",\"logo\":{\"@type\":\"ImageObject\",\"inLanguage\":\"es-ES\",\"@id\":\"https:\\\/\\\/piperspincasino.org\\\/es\\\/#\\\/schema\\\/logo\\\/image\\\/\",\"url\":\"https:\\\/\\\/piperspincasino.org\\\/wp-content\\\/uploads\\\/2025\\\/04\\\/4ir4Uq6IWNCbsrt6V8kj.png\",\"contentUrl\":\"https:\\\/\\\/piperspincasino.org\\\/wp-content\\\/uploads\\\/2025\\\/04\\\/4ir4Uq6IWNCbsrt6V8kj.png\",\"width\":208,\"height\":49,\"caption\":\"Piperspin\"},\"image\":{\"@id\":\"https:\\\/\\\/piperspincasino.org\\\/es\\\/#\\\/schema\\\/logo\\\/image\\\/\"}}]}<\/script>\n<!-- \/ Yoast SEO plugin. -->","yoast_head_json":{"title":"Piperspin Casino App para iOS y Android","description":"Descarga la Piper Spin App para iOS, Android, Windows y macOS. Juega a juegos de casino donde quieras con sincronizaci\u00f3n de cuenta, actualizaciones frecuentes y soporte 24\/7 en la app.","robots":{"index":"index","follow":"follow","max-snippet":"max-snippet:-1","max-image-preview":"max-image-preview:large","max-video-preview":"max-video-preview:-1"},"canonical":"https:\/\/piperspincasino.org\/es\/aplicacion\/","og_locale":"es_ES","og_type":"article","og_title":"Piperspin Casino App para iOS y Android","og_description":"Descarga la Piper Spin App para iOS, Android, Windows y macOS. Juega a juegos de casino donde quieras con sincronizaci\u00f3n de cuenta, actualizaciones frecuentes y soporte 24\/7 en la app.","og_url":"https:\/\/piperspincasino.org\/es\/aplicacion\/","og_site_name":"piperspin","article_modified_time":"2026-01-09T12:22:56+00:00","twitter_card":"summary_large_image","twitter_misc":{"Est. reading time":"2 minutes"},"schema":{"@context":"https:\/\/schema.org","@graph":[{"@type":"WebPage","@id":"https:\/\/piperspincasino.org\/es\/aplicacion\/","url":"https:\/\/piperspincasino.org\/es\/aplicacion\/","name":"Piperspin Casino App para iOS y Android","isPartOf":{"@id":"https:\/\/piperspincasino.org\/es\/#website"},"datePublished":"2026-01-09T08:04:03+00:00","dateModified":"2026-01-09T12:22:56+00:00","description":"Descarga la Piper Spin App para iOS, Android, Windows y macOS. Juega a juegos de casino donde quieras con sincronizaci\u00f3n de cuenta, actualizaciones frecuentes y soporte 24\/7 en la app.","breadcrumb":{"@id":"https:\/\/piperspincasino.org\/es\/aplicacion\/#breadcrumb"},"inLanguage":"es-ES","potentialAction":[{"@type":"ReadAction","target":["https:\/\/piperspincasino.org\/es\/aplicacion\/"]}]},{"@type":"BreadcrumbList","@id":"https:\/\/piperspincasino.org\/es\/aplicacion\/#breadcrumb","itemListElement":[{"@type":"ListItem","position":1,"name":"Piperspin","item":"https:\/\/piperspincasino.org\/es\/"},{"@type":"ListItem","position":2,"name":"Aplicaci\u00f3n"}]},{"@type":"WebSite","@id":"https:\/\/piperspincasino.org\/es\/#website","url":"https:\/\/piperspincasino.org\/es\/","name":"Piperspin","description":"","publisher":{"@id":"https:\/\/piperspincasino.org\/es\/#organization"},"potentialAction":[{"@type":"SearchAction","target":{"@type":"EntryPoint","urlTemplate":"https:\/\/piperspincasino.org\/es\/?s={search_term_string}"},"query-input":{"@type":"PropertyValueSpecification","valueRequired":true,"valueName":"search_term_string"}}],"inLanguage":"es-ES"},{"@type":"Organization","@id":"https:\/\/piperspincasino.org\/es\/#organization","name":"Piperspin","url":"https:\/\/piperspincasino.org\/es\/","logo":{"@type":"ImageObject","inLanguage":"es-ES","@id":"https:\/\/piperspincasino.org\/es\/#\/schema\/logo\/image\/","url":"https:\/\/piperspincasino.org\/wp-content\/uploads\/2025\/04\/4ir4Uq6IWNCbsrt6V8kj.png","contentUrl":"https:\/\/piperspincasino.org\/wp-content\/uploads\/2025\/04\/4ir4Uq6IWNCbsrt6V8kj.png","width":208,"height":49,"caption":"Piperspin"},"image":{"@id":"https:\/\/piperspincasino.org\/es\/#\/schema\/logo\/image\/"}}]}},"_links":{"self":[{"href":"https:\/\/piperspincasino.org\/es\/wp-json\/wp\/v2\/pages\/1441","targetHints":{"allow":["GET"]}}],"collection":[{"href":"https:\/\/piperspincasino.org\/es\/wp-json\/wp\/v2\/pages"}],"about":[{"href":"https:\/\/piperspincasino.org\/es\/wp-json\/wp\/v2\/types\/page"}],"author":[{"embeddable":true,"href":"https:\/\/piperspincasino.org\/es\/wp-json\/wp\/v2\/users\/1"}],"replies":[{"embeddable":true,"href":"https:\/\/piperspincasino.org\/es\/wp-json\/wp\/v2\/comments?post=1441"}],"version-history":[{"count":2,"href":"https:\/\/piperspincasino.org\/es\/wp-json\/wp\/v2\/pages\/1441\/revisions"}],"predecessor-version":[{"id":1909,"href":"https:\/\/piperspincasino.org\/es\/wp-json\/wp\/v2\/pages\/1441\/revisions\/1909"}],"wp:attachment":[{"href":"https:\/\/piperspincasino.org\/es\/wp-json\/wp\/v2\/media?parent=1441"}],"curies":[{"name":"wp","href":"https:\/\/api.w.org\/{rel}","templated":true}]}}