{"id":1488,"date":"2026-01-09T08:07:34","date_gmt":"2026-01-09T08:07:34","guid":{"rendered":"https:\/\/piperspincasino.org\/login-and-registration\/"},"modified":"2026-01-09T12:24:06","modified_gmt":"2026-01-09T12:24:06","slug":"inicio-de-sesion-y-registro","status":"publish","type":"page","link":"https:\/\/piperspincasino.org\/es\/inicio-de-sesion-y-registro\/","title":{"rendered":"Inicio de sesi\u00f3n y Registro"},"content":{"rendered":"<h1>Inicio de sesi\u00f3n y registro en Piperspin<\/h1>\n<p>El Piperspin login es tu puerta de entrada a un juego ininterrumpido y seguro. Despu\u00e9s de registrarse, los usuarios espa\u00f1oles pueden iniciar sesi\u00f3n para recibir bonificaciones, participar en torneos y jugar a m\u00e1s de 6000 juegos. El registro de la cuenta es r\u00e1pido y seguro gracias a las modernas tecnolog\u00edas de seguridad.<\/p>\n<p><div class=\"banner-wrap\" aria-label=\"Banner\"><img src=\"https:\/\/piperspincasino.org\/wp-content\/uploads\/2026\/01\/TOwKZNmxqjNhxfrdqEkN.webp\" class=\"w-100 d-none d-lg-block img-pc main-banner-img\" alt=\"Piperspin desktop banner\" fetchpriority=\"high\" decoding=\"async\"><img src=\"https:\/\/piperspincasino.org\/wp-content\/uploads\/2026\/01\/Piperspin-mobile-banner.webp\" class=\"w-100 d-none d-md-block d-lg-none main-banner-img\" alt=\"Piperspin mobile banner\" fetchpriority=\"high\" decoding=\"async\"><img src=\"https:\/\/piperspincasino.org\/wp-content\/uploads\/2026\/01\/Piperspin-mobile-banner.webp\" class=\"w-100 d-md-none\" alt=\"Piperspin mobile banner\" fetchpriority=\"high\" decoding=\"async\"><div class=\"banner-description\">\n<div class=\"banner-title\">Bonos de bienvenida<\/div>\n<p class=\"banner-header-title\">\u20ac1,500<\/p>\n<div class=\"banner-header-AdditionalText\">+ 250 Tiradas gratis<\/div>\n<button data-item=\"homepage_banner_link\" class=\"goto m-button m-gradient-border m-button--primary m-button--large banner-button btn-orange\">\n            <div class=\"m-button-content\">\n                <span>Reg\u00edstrate ahora<\/span>\n                <span><\/span>\n            <\/div>\n        <\/button>\n<\/div>\n<div class=\"WelcomePack\">\n<p><img loading=\"lazy\" decoding=\"async\" class=\"alignnone size-full wp-image-1390\" src=\"https:\/\/piperspincasino.org\/wp-content\/uploads\/2026\/01\/welcome-crown.svg\" alt=\"crown\" width=\"25\" height=\"26\" \/><\/p>\n<div class=\"WelcomePack-Info\">Reembolso semanal de hasta el 25 %<\/div>\n<p><img loading=\"lazy\" decoding=\"async\" class=\"alignnone size-full wp-image-1390\" src=\"https:\/\/piperspincasino.org\/wp-content\/uploads\/2026\/01\/welcome-crown.svg\" alt=\"crown\" width=\"25\" height=\"26\" \/><\/p>\n<\/div>\n<\/div><div class=\"scrollable-content-wrap my-5\"><div class=\"scrollable-content-inner\"><h2>Registro y creaci\u00f3n de cuenta en Piper Spin<\/h2>\n<p>Piper Spin Casino y todas sus funciones solo est\u00e1n disponibles para usuarios registrados. Crear una cuenta te da acceso a todo nuestro entorno de juego en solo unos minutos. Una vez registrados, los jugadores pueden jugar con dinero real, recibir bonificaciones, participar en torneos y gestionar todas las funciones de su cuenta.<\/p>\n<p>Una vez que inicie sesi\u00f3n, podr\u00e1:<\/p>\n<ul>\n<li>Juega a m\u00e1s de 6000 juegos.<\/li>\n<li>Recibir bonificaciones<\/li>\n<li>Realizar dep\u00f3sitos y retirar fondos<\/li>\n<li>Utiliza herramientas de juego responsable.<\/li>\n<li>Realice un seguimiento de su historial de apuestas y transacciones.<\/li>\n<li>Gestiona tu configuraci\u00f3n<\/li>\n<\/ul>\n<h2>Configuraci\u00f3n y funciones de tu cuenta<\/h2>\n<p>Crear una cuenta es f\u00e1cil. Solo tienes que seguir estos pasos:<\/p>\n<ol>\n<li>Haga clic en el bot\u00f3n \u00abRegistrarse\u00bb de la p\u00e1gina de inicio.<\/li>\n<li>Introduce tu direcci\u00f3n de correo electr\u00f3nico y crea una contrase\u00f1a segura.<\/li>\n<li>Si tienes un c\u00f3digo promocional, a\u00f1\u00e1delo.<\/li>\n<li>Confirme los T\u00e9rminos de uso, la Pol\u00edtica de privacidad y la restricci\u00f3n de edad (mayores de 18 a\u00f1os).<\/li>\n<li>Haga clic en \u00abGuardar\u00bb.<\/li>\n<li>Activa tu cuenta a trav\u00e9s del enlace que aparece en el correo electr\u00f3nico de Piperspin.<\/li>\n<\/ol>\n<h2>C\u00f3mo verificar tu cuenta<\/h2>\n<p>Para mantener tu informaci\u00f3n segura, debes verificar tu cuenta Piperspin. Completar el procedimiento KYC (Conoce a tu cliente) confirma tu identidad. El proceso de verificaci\u00f3n es obligatorio antes de retirar fondos o recibir bonificaciones. Adem\u00e1s, la verificaci\u00f3n ayuda a prevenir el fraude y el acceso no autorizado.<\/p>\n<p>Documentos que se deben presentar para su verificaci\u00f3n:<\/p>\n<ul>\n<li>Documento de identidad o pasaporte expedido por el gobierno.<\/li>\n<li>Permiso de conducir<\/li>\n<li>Prueba de domicilio (factura de servicios p\u00fablicos, extracto bancario)<\/li>\n<li>Documentos de la cuenta bancaria<\/li>\n<\/ul>\n<h3>Pasos para verificar tu cuenta<\/h3>\n<ol>\n<li>Aseg\u00farese de haber completado el proceso de inicio de sesi\u00f3n en Piperspin.<\/li>\n<li>Haga clic en \u00abVerificaci\u00f3n de cuenta\u00bb.<\/li>\n<li>Sube los documentos necesarios.<\/li>\n<li>Espere la aprobaci\u00f3n.<\/li>\n<\/ol>\n<p>Una vez aprobado, podr\u00e1s retirar fondos y utilizar todos los bonos.<\/p>\n<h2>C\u00f3mo iniciar sesi\u00f3n en Piperspin<\/h2>\n<p>El proceso de inicio de sesi\u00f3n en Piperspin es sencillo y seguro. Una vez que inicies sesi\u00f3n, tendr\u00e1s acceso a todas las funciones de la plataforma. Despu\u00e9s de iniciar sesi\u00f3n, podr\u00e1s realizar un seguimiento de tu historial de juego, consultar las promociones activas, gestionar la configuraci\u00f3n de juego responsable, participar en torneos, girar la ruleta de la fortuna y retirar tus ganancias. El panel de control de tu cuenta muestra las transacciones recientes. Tambi\u00e9n puedes recibir notificaciones sobre actualizaciones aqu\u00ed.<\/p>\n<h3>Pasos para iniciar sesi\u00f3n<\/h3>\n<ol>\n<li>Haga clic en el bot\u00f3n \u00abIniciar sesi\u00f3n\u00bb de la p\u00e1gina principal.<\/li>\n<li>\u00a0Introduce tu correo electr\u00f3nico y contrase\u00f1a.<\/li>\n<li>Vuelve a hacer clic en la pesta\u00f1a de inicio de sesi\u00f3n.<\/li>\n<\/ol>\n<p>Ahora ha iniciado sesi\u00f3n en su cuenta. Puede ir al panel de control para ver informaci\u00f3n sobre las caracter\u00edsticas de nuestro casino.<\/p>\n<h3>Recuperaci\u00f3n de informaci\u00f3n de inicio de sesi\u00f3n<\/h3>\n<p>Si ha olvidado sus datos de inicio de sesi\u00f3n o contrase\u00f1a de Piperspin, es f\u00e1cil recuperar el acceso. Su nombre de usuario es siempre la direcci\u00f3n de correo electr\u00f3nico vinculada a su cuenta. Si ha olvidado su contrase\u00f1a, puede recuperar el acceso en un par de minutos.<\/p>\n<p>Pasos para recuperar el acceso:<\/p>\n<ol>\n<li>Haga clic en el bot\u00f3n \u00abIniciar sesi\u00f3n\u00bb en la p\u00e1gina de inicio de Piperspin.<\/li>\n<li>Seleccione \u00ab\u00bfHa olvidado su contrase\u00f1a?\u00bb.<\/li>\n<li>Introduce tu direcci\u00f3n de correo electr\u00f3nico.<\/li>\n<li>Siga el enlace para restablecer su contrase\u00f1a.<\/li>\n<li>Crea una nueva contrase\u00f1a.<\/li>\n<li>Inicie sesi\u00f3n con sus credenciales actualizadas.<\/li>\n<\/ol>\n<p>Si tiene alguna dificultad o pregunta, puede ponerse en contacto con nuestro equipo de asistencia multiling\u00fce. Puede ponerse en contacto con el servicio de asistencia las 24 horas del d\u00eda, los 7 d\u00edas de la semana, a trav\u00e9s del chat en vivo o por correo electr\u00f3nico.<\/p>\n<h2>Preguntas frecuentes<\/h2>\n<h3>\u00bfC\u00f3mo puedo crear una nueva cuenta en Piper Spin Casino?<\/h3>\n<p>Haga clic en el bot\u00f3n \u00abRegistrarse\u00bb en la p\u00e1gina de inicio de Piperspin. Introduzca su direcci\u00f3n de correo electr\u00f3nico y cree una contrase\u00f1a. Confirme los t\u00e9rminos y condiciones, las restricciones de edad e introduzca el c\u00f3digo promocional. Confirme su direcci\u00f3n de correo electr\u00f3nico a trav\u00e9s del enlace. Su cuenta ya est\u00e1 lista para usar.<\/p>\n<h3>\u00bfPor qu\u00e9 no puedo iniciar sesi\u00f3n en mi cuenta de Piperspin?<\/h3>\n<p>Aseg\u00farate de que tu direcci\u00f3n de correo electr\u00f3nico y contrase\u00f1a sean correctas. Si lo son, comprueba que tu cuenta est\u00e9 activada. Si no funciona, intenta borrar la cach\u00e9 de tu navegador. Tambi\u00e9n puedes intentar usar otro dispositivo. Si eso no ayuda, ponte en contacto con el servicio de asistencia.<\/p>\n<h3>\u00bfQu\u00e9 informaci\u00f3n debo proporcionar al registrarme?<\/h3>\n<p>Necesitas una direcci\u00f3n de correo electr\u00f3nico v\u00e1lida y una contrase\u00f1a para registrarte. Al registrarte, confirma que eres mayor de 18 a\u00f1os y acepta los t\u00e9rminos de uso. Despu\u00e9s de registrarte, activa tu cuenta utilizando el enlace de confirmaci\u00f3n enviado a tu correo electr\u00f3nico.<\/p>\n<h3>\u00bfPuedo usar la misma cuenta para iniciar sesi\u00f3n en mi tel\u00e9fono y en mi ordenador?<\/h3>\n<p>S\u00ed, tu cuenta Piper Spin funciona en todos los dispositivos. Inicia sesi\u00f3n con tu nombre de usuario y contrase\u00f1a. Tu saldo, progreso y configuraci\u00f3n se sincronizan autom\u00e1ticamente en cualquier dispositivo en tu navegador o aplicaci\u00f3n.<\/p>\n<h3>\u00bfPuedo participar en torneos y promociones utilizando la aplicaci\u00f3n m\u00f3vil?<\/h3>\n<p>S\u00ed, todos los torneos, tareas y otras promociones est\u00e1n disponibles a trav\u00e9s de la aplicaci\u00f3n m\u00f3vil Piperspin. Puedes participar en competiciones y recibir recompensas directamente desde la aplicaci\u00f3n en tu dispositivo. La aplicaci\u00f3n tiene una funci\u00f3n de notificaci\u00f3n que te ayuda a realizar un seguimiento de tu progreso y actualizaciones.<\/p>\n<\/div><\/div><\/p>\n","protected":false},"excerpt":{"rendered":"<p>Inicio de sesi\u00f3n y registro en Piperspin El Piperspin login es tu puerta de entrada a un juego ininterrumpido y seguro. Despu\u00e9s de registrarse, los usuarios espa\u00f1oles pueden iniciar sesi\u00f3n para recibir bonificaciones, participar en torneos y jugar a m\u00e1s de 6000 juegos. El registro de la cuenta es r\u00e1pido y seguro gracias a las [&hellip;]<\/p>\n","protected":false},"author":1,"featured_media":0,"parent":0,"menu_order":0,"comment_status":"closed","ping_status":"closed","template":"template-builder.php","meta":{"_acf_changed":false,"inline_featured_image":false,"footnotes":""},"class_list":["post-1488","page","type-page","status-publish","hentry"],"acf":[],"yoast_head":"<!-- This site is optimized with the Yoast SEO plugin v27.3 - https:\/\/yoast.com\/product\/yoast-seo-wordpress\/ -->\n<title>Piperspin Login | Iniciar sesi\u00f3n o crear una cuenta<\/title>\n<meta name=\"description\" content=\"Administra tu cuenta de casino con Piper Spin login o reg\u00edstrate como nuevo usuario. Consulta tu saldo de bonos, sigue tu juego, gestiona la verificaci\u00f3n y los pagos.\" \/>\n<meta name=\"robots\" content=\"index, follow, max-snippet:-1, max-image-preview:large, max-video-preview:-1\" \/>\n<link rel=\"canonical\" href=\"https:\/\/piperspincasino.org\/es\/inicio-de-sesion-y-registro\/\" \/>\n<meta property=\"og:locale\" content=\"es_ES\" \/>\n<meta property=\"og:type\" content=\"article\" \/>\n<meta property=\"og:title\" content=\"Piperspin Login | Iniciar sesi\u00f3n o crear una cuenta\" \/>\n<meta property=\"og:description\" content=\"Administra tu cuenta de casino con Piper Spin login o reg\u00edstrate como nuevo usuario. Consulta tu saldo de bonos, sigue tu juego, gestiona la verificaci\u00f3n y los pagos.\" \/>\n<meta property=\"og:url\" content=\"https:\/\/piperspincasino.org\/es\/inicio-de-sesion-y-registro\/\" \/>\n<meta property=\"og:site_name\" content=\"piperspin\" \/>\n<meta property=\"article:modified_time\" content=\"2026-01-09T12:24:06+00:00\" \/>\n<meta name=\"twitter:card\" content=\"summary_large_image\" \/>\n<meta name=\"twitter:label1\" content=\"Est. reading time\" \/>\n\t<meta name=\"twitter:data1\" content=\"1 minute\" \/>\n<script type=\"application\/ld+json\" class=\"yoast-schema-graph\">{\"@context\":\"https:\\\/\\\/schema.org\",\"@graph\":[{\"@type\":\"WebPage\",\"@id\":\"https:\\\/\\\/piperspincasino.org\\\/es\\\/inicio-de-sesion-y-registro\\\/\",\"url\":\"https:\\\/\\\/piperspincasino.org\\\/es\\\/inicio-de-sesion-y-registro\\\/\",\"name\":\"Piperspin Login | Iniciar sesi\u00f3n o crear una cuenta\",\"isPartOf\":{\"@id\":\"https:\\\/\\\/piperspincasino.org\\\/es\\\/#website\"},\"datePublished\":\"2026-01-09T08:07:34+00:00\",\"dateModified\":\"2026-01-09T12:24:06+00:00\",\"description\":\"Administra tu cuenta de casino con Piper Spin login o reg\u00edstrate como nuevo usuario. Consulta tu saldo de bonos, sigue tu juego, gestiona la verificaci\u00f3n y los pagos.\",\"breadcrumb\":{\"@id\":\"https:\\\/\\\/piperspincasino.org\\\/es\\\/inicio-de-sesion-y-registro\\\/#breadcrumb\"},\"inLanguage\":\"es-ES\",\"potentialAction\":[{\"@type\":\"ReadAction\",\"target\":[\"https:\\\/\\\/piperspincasino.org\\\/es\\\/inicio-de-sesion-y-registro\\\/\"]}]},{\"@type\":\"BreadcrumbList\",\"@id\":\"https:\\\/\\\/piperspincasino.org\\\/es\\\/inicio-de-sesion-y-registro\\\/#breadcrumb\",\"itemListElement\":[{\"@type\":\"ListItem\",\"position\":1,\"name\":\"Piperspin\",\"item\":\"https:\\\/\\\/piperspincasino.org\\\/es\\\/\"},{\"@type\":\"ListItem\",\"position\":2,\"name\":\"Inicio de sesi\u00f3n y Registro\"}]},{\"@type\":\"WebSite\",\"@id\":\"https:\\\/\\\/piperspincasino.org\\\/es\\\/#website\",\"url\":\"https:\\\/\\\/piperspincasino.org\\\/es\\\/\",\"name\":\"Piperspin\",\"description\":\"\",\"publisher\":{\"@id\":\"https:\\\/\\\/piperspincasino.org\\\/es\\\/#organization\"},\"potentialAction\":[{\"@type\":\"SearchAction\",\"target\":{\"@type\":\"EntryPoint\",\"urlTemplate\":\"https:\\\/\\\/piperspincasino.org\\\/es\\\/?s={search_term_string}\"},\"query-input\":{\"@type\":\"PropertyValueSpecification\",\"valueRequired\":true,\"valueName\":\"search_term_string\"}}],\"inLanguage\":\"es-ES\"},{\"@type\":\"Organization\",\"@id\":\"https:\\\/\\\/piperspincasino.org\\\/es\\\/#organization\",\"name\":\"Piperspin\",\"url\":\"https:\\\/\\\/piperspincasino.org\\\/es\\\/\",\"logo\":{\"@type\":\"ImageObject\",\"inLanguage\":\"es-ES\",\"@id\":\"https:\\\/\\\/piperspincasino.org\\\/es\\\/#\\\/schema\\\/logo\\\/image\\\/\",\"url\":\"https:\\\/\\\/piperspincasino.org\\\/wp-content\\\/uploads\\\/2025\\\/04\\\/4ir4Uq6IWNCbsrt6V8kj.png\",\"contentUrl\":\"https:\\\/\\\/piperspincasino.org\\\/wp-content\\\/uploads\\\/2025\\\/04\\\/4ir4Uq6IWNCbsrt6V8kj.png\",\"width\":208,\"height\":49,\"caption\":\"Piperspin\"},\"image\":{\"@id\":\"https:\\\/\\\/piperspincasino.org\\\/es\\\/#\\\/schema\\\/logo\\\/image\\\/\"}}]}<\/script>\n<!-- \/ Yoast SEO plugin. -->","yoast_head_json":{"title":"Piperspin Login | Iniciar sesi\u00f3n o crear una cuenta","description":"Administra tu cuenta de casino con Piper Spin login o reg\u00edstrate como nuevo usuario. Consulta tu saldo de bonos, sigue tu juego, gestiona la verificaci\u00f3n y los pagos.","robots":{"index":"index","follow":"follow","max-snippet":"max-snippet:-1","max-image-preview":"max-image-preview:large","max-video-preview":"max-video-preview:-1"},"canonical":"https:\/\/piperspincasino.org\/es\/inicio-de-sesion-y-registro\/","og_locale":"es_ES","og_type":"article","og_title":"Piperspin Login | Iniciar sesi\u00f3n o crear una cuenta","og_description":"Administra tu cuenta de casino con Piper Spin login o reg\u00edstrate como nuevo usuario. Consulta tu saldo de bonos, sigue tu juego, gestiona la verificaci\u00f3n y los pagos.","og_url":"https:\/\/piperspincasino.org\/es\/inicio-de-sesion-y-registro\/","og_site_name":"piperspin","article_modified_time":"2026-01-09T12:24:06+00:00","twitter_card":"summary_large_image","twitter_misc":{"Est. reading time":"1 minute"},"schema":{"@context":"https:\/\/schema.org","@graph":[{"@type":"WebPage","@id":"https:\/\/piperspincasino.org\/es\/inicio-de-sesion-y-registro\/","url":"https:\/\/piperspincasino.org\/es\/inicio-de-sesion-y-registro\/","name":"Piperspin Login | Iniciar sesi\u00f3n o crear una cuenta","isPartOf":{"@id":"https:\/\/piperspincasino.org\/es\/#website"},"datePublished":"2026-01-09T08:07:34+00:00","dateModified":"2026-01-09T12:24:06+00:00","description":"Administra tu cuenta de casino con Piper Spin login o reg\u00edstrate como nuevo usuario. Consulta tu saldo de bonos, sigue tu juego, gestiona la verificaci\u00f3n y los pagos.","breadcrumb":{"@id":"https:\/\/piperspincasino.org\/es\/inicio-de-sesion-y-registro\/#breadcrumb"},"inLanguage":"es-ES","potentialAction":[{"@type":"ReadAction","target":["https:\/\/piperspincasino.org\/es\/inicio-de-sesion-y-registro\/"]}]},{"@type":"BreadcrumbList","@id":"https:\/\/piperspincasino.org\/es\/inicio-de-sesion-y-registro\/#breadcrumb","itemListElement":[{"@type":"ListItem","position":1,"name":"Piperspin","item":"https:\/\/piperspincasino.org\/es\/"},{"@type":"ListItem","position":2,"name":"Inicio de sesi\u00f3n y Registro"}]},{"@type":"WebSite","@id":"https:\/\/piperspincasino.org\/es\/#website","url":"https:\/\/piperspincasino.org\/es\/","name":"Piperspin","description":"","publisher":{"@id":"https:\/\/piperspincasino.org\/es\/#organization"},"potentialAction":[{"@type":"SearchAction","target":{"@type":"EntryPoint","urlTemplate":"https:\/\/piperspincasino.org\/es\/?s={search_term_string}"},"query-input":{"@type":"PropertyValueSpecification","valueRequired":true,"valueName":"search_term_string"}}],"inLanguage":"es-ES"},{"@type":"Organization","@id":"https:\/\/piperspincasino.org\/es\/#organization","name":"Piperspin","url":"https:\/\/piperspincasino.org\/es\/","logo":{"@type":"ImageObject","inLanguage":"es-ES","@id":"https:\/\/piperspincasino.org\/es\/#\/schema\/logo\/image\/","url":"https:\/\/piperspincasino.org\/wp-content\/uploads\/2025\/04\/4ir4Uq6IWNCbsrt6V8kj.png","contentUrl":"https:\/\/piperspincasino.org\/wp-content\/uploads\/2025\/04\/4ir4Uq6IWNCbsrt6V8kj.png","width":208,"height":49,"caption":"Piperspin"},"image":{"@id":"https:\/\/piperspincasino.org\/es\/#\/schema\/logo\/image\/"}}]}},"_links":{"self":[{"href":"https:\/\/piperspincasino.org\/es\/wp-json\/wp\/v2\/pages\/1488","targetHints":{"allow":["GET"]}}],"collection":[{"href":"https:\/\/piperspincasino.org\/es\/wp-json\/wp\/v2\/pages"}],"about":[{"href":"https:\/\/piperspincasino.org\/es\/wp-json\/wp\/v2\/types\/page"}],"author":[{"embeddable":true,"href":"https:\/\/piperspincasino.org\/es\/wp-json\/wp\/v2\/users\/1"}],"replies":[{"embeddable":true,"href":"https:\/\/piperspincasino.org\/es\/wp-json\/wp\/v2\/comments?post=1488"}],"version-history":[{"count":1,"href":"https:\/\/piperspincasino.org\/es\/wp-json\/wp\/v2\/pages\/1488\/revisions"}],"predecessor-version":[{"id":1910,"href":"https:\/\/piperspincasino.org\/es\/wp-json\/wp\/v2\/pages\/1488\/revisions\/1910"}],"wp:attachment":[{"href":"https:\/\/piperspincasino.org\/es\/wp-json\/wp\/v2\/media?parent=1488"}],"curies":[{"name":"wp","href":"https:\/\/api.w.org\/{rel}","templated":true}]}}