{"id":1431,"date":"2026-01-09T08:04:03","date_gmt":"2026-01-09T08:04:03","guid":{"rendered":"https:\/\/piperspincasino.org\/app\/"},"modified":"2026-01-09T10:00:18","modified_gmt":"2026-01-09T10:00:18","slug":"app","status":"publish","type":"page","link":"https:\/\/piperspincasino.org\/fr\/app\/","title":{"rendered":"App"},"content":{"rendered":"<h1>Application mobile Piperspin<\/h1>\n<p>Piperspin app permet aux joueurs d&rsquo;acc\u00e9der rapidement \u00e0 toutes les fonctionnalit\u00e9s de notre casino sur leurs appareils mobiles. Le logiciel est con\u00e7u avec les m\u00eames performances et capacit\u00e9s que la version pour ordinateur. L&rsquo;application Piperspin charge rapidement les jeux et toutes les sections de la plateforme \u00e0 tout moment. Toutes les fonctionnalit\u00e9s sont optimis\u00e9es pour le contr\u00f4le tactile sur des \u00e9crans de toutes tailles.<\/p>\n<p><div class=\"banner-wrap\" aria-label=\"Banner\"><img src=\"https:\/\/piperspincasino.org\/wp-content\/uploads\/2026\/01\/TOwKZNmxqjNhxfrdqEkN.webp\" class=\"w-100 d-none d-lg-block img-pc main-banner-img\" alt=\"Piperspin desktop banner\" fetchpriority=\"high\" decoding=\"async\"><img src=\"https:\/\/piperspincasino.org\/wp-content\/uploads\/2026\/01\/Piperspin-mobile-banner.webp\" class=\"w-100 d-none d-md-block d-lg-none main-banner-img\" alt=\"Piperspin mobile banner\" fetchpriority=\"high\" decoding=\"async\"><img src=\"https:\/\/piperspincasino.org\/wp-content\/uploads\/2026\/01\/Piperspin-mobile-banner.webp\" class=\"w-100 d-md-none\" alt=\"Piperspin mobile banner\" fetchpriority=\"high\" decoding=\"async\"><div class=\"banner-description\">\n<div class=\"banner-title\">Bonus de bienvenue<\/div>\n<p class=\"banner-header-title\">\u20ac1,500<\/p>\n<div class=\"banner-header-AdditionalText\">+ 250 Tours gratuits<\/div>\n<button data-item=\"homepage_banner_link\" class=\"goto m-button m-gradient-border m-button--primary m-button--large banner-button btn-orange\">\n            <div class=\"m-button-content\">\n                <span>Inscrivez-vous d\u00e8s maintenant<\/span>\n                <span><\/span>\n            <\/div>\n        <\/button>\n<\/div>\n<div class=\"WelcomePack\">\n<p><img loading=\"lazy\" decoding=\"async\" class=\"alignnone size-full wp-image-1390\" src=\"https:\/\/piperspincasino.org\/wp-content\/uploads\/2026\/01\/welcome-crown.svg\" alt=\"crown\" width=\"25\" height=\"26\" \/><\/p>\n<div class=\"WelcomePack-Info\">Cashback hebdomadaire jusqu&rsquo;\u00e0 25 %<\/div>\n<p><img loading=\"lazy\" decoding=\"async\" class=\"alignnone size-full wp-image-1390\" src=\"https:\/\/piperspincasino.org\/wp-content\/uploads\/2026\/01\/welcome-crown.svg\" alt=\"crown\" width=\"25\" height=\"26\" \/><\/p>\n<\/div>\n<\/div><div class=\"scrollable-content-wrap my-5\"><div class=\"scrollable-content-inner\"><h2>Application Piper Spin pour Windows et Mac<\/h2>\n<p>L&rsquo;application Piperspin pour Windows et Mac est con\u00e7ue pour vous permettre d&rsquo;acc\u00e9der rapidement \u00e0 votre bureau sans installation compliqu\u00e9e. Notre application web se lance sur votre bureau et fonctionne comme une application autonome. Les utilisateurs Windows et macOS peuvent cr\u00e9er un raccourci en un seul clic sur notre site web. Gr\u00e2ce \u00e0 ce raccourci, notre plateforme fonctionnera comme une application de bureau.<\/p>\n<p>L&rsquo;interface s&rsquo;adapte automatiquement \u00e0 la r\u00e9solution de votre \u00e9cran et fonctionne sans probl\u00e8me. Toutes les fonctionnalit\u00e9s du casino Piperspin sont disponibles dans l&rsquo;application : jeux, paiements, bonus et param\u00e8tres du compte. Pour installer l&rsquo;application d&rsquo;acc\u00e8s rapide sur votre PC, il vous suffit de vous rendre sur le site web Piperspin dans votre navigateur et de trouver la fonction \u00ab cr\u00e9er un raccourci \u00bb dans les param\u00e8tres de la page. Le logiciel PC est d\u00e9sormais pr\u00eat \u00e0 \u00eatre utilis\u00e9.<\/p>\n<p><img loading=\"lazy\" decoding=\"async\" src=\"https:\/\/piperspincasino.org\/wp-content\/uploads\/2026\/01\/Piperspin-Desktop.webp\" alt=\"Piperspin Desktop\" width=\"1248\" height=\"536\" \/><\/p>\n<\/div><\/div><div style=\"clear: both\"><\/div><div class=\"d-flex justify-content-center\"><button data-item=\"decouvrez_link\" data-group=\"website_links\" class=\"goto fw-bold rounded-pill btn btn-orange\" aria-label=\"T\u00e9l\u00e9chargez l&#039;application Piperspin\" >T\u00e9l\u00e9chargez l&#039;application Piperspin<\/button><\/div><div class=\"scrollable-content-wrap my-5\"><div class=\"scrollable-content-inner\"><h2>Application Android pour jouer en d\u00e9placement<\/h2>\n<p>L&rsquo;application Piperspin Android est une application web progressive (PWA). Vous pouvez installer notre PWA sans rien t\u00e9l\u00e9charger depuis les boutiques d&rsquo;applications. Le logiciel s&rsquo;installe depuis votre navigateur et fonctionne comme une application mobile standard. La PWA offre un acc\u00e8s complet aux jeux, aux bonus, aux paiements et aux outils de gestion de compte. La PWA dispose des m\u00eames fonctionnalit\u00e9s que la plateforme de bureau. L&rsquo;interface est optimis\u00e9e pour le contr\u00f4le tactile, se charge rapidement et s&rsquo;adapte \u00e0 tous les \u00e9crans Android. Les mises \u00e0 jour automatiques vous permettent de toujours utiliser la derni\u00e8re version sans installation manuelle. Ce format permet de gagner de l&rsquo;espace et fonctionne sans interruption.<\/p>\n<h3>Installer l&rsquo;APK pour Android<\/h3>\n<p>L&rsquo;installation de notre application Android est facile. Voici ce que vous devez faire :<\/p>\n<ol>\n<li>Ouvrez notre site officiel dans votre navigateur.<\/li>\n<li>Au bas de la page d&rsquo;accueil, cliquez sur le bouton \u00ab Application Casino \u00bb.<\/li>\n<li>Cliquez sur \u00ab Installer \u00bb.<\/li>\n<li>L&rsquo;application sera ajout\u00e9e \u00e0 l&rsquo;\u00e9cran d&rsquo;accueil.<\/li>\n<\/ol>\n<p><img loading=\"lazy\" decoding=\"async\" src=\"https:\/\/piperspincasino.org\/wp-content\/uploads\/2026\/01\/Piperspin-Android-App.webp\" alt=\"Piperspin Android App\" width=\"1248\" height=\"536\" \/><\/p>\n<\/div><\/div><div style=\"clear: both\"><\/div><div class=\"d-flex justify-content-center\"><button data-item=\"decouvrez_link\" data-group=\"website_links\" class=\"goto fw-bold rounded-pill btn btn-orange\" aria-label=\"T\u00e9l\u00e9charger Piperspin\" >T\u00e9l\u00e9charger Piperspin<\/button><\/div><div class=\"scrollable-content-wrap my-5\"><div class=\"scrollable-content-inner\"><h2>Application pour appareils iOS<\/h2>\n<p>Le logiciel Piperspin iOS est disponible via votre navigateur, vous n&rsquo;avez donc pas besoin de le rechercher dans l&rsquo;App Store. Vous pouvez le t\u00e9l\u00e9charger directement depuis votre ordinateur. Il dispose des m\u00eames outils que l&rsquo;application de bureau et peut \u00eatre utilis\u00e9 sur le Web. Son design s&rsquo;adapte parfaitement aux \u00e9crans des iPhone et iPad, et il se charge rapidement. Dans l&rsquo;application iOS, les joueurs peuvent acc\u00e9der aux jeux, g\u00e9rer leurs comptes et utiliser toutes les autres fonctionnalit\u00e9s du casino. Une fois notre logiciel install\u00e9, vous pouvez recevoir des notifications concernant les nouvelles promotions, les bonus cr\u00e9dit\u00e9s sur votre compte, et bien plus encore. L&rsquo;application se lance depuis l&rsquo;\u00e9cran d&rsquo;accueil et charge rapidement tous les jeux et toutes les fonctionnalit\u00e9s.<\/p>\n<h3>T\u00e9l\u00e9charger l&rsquo;application iOS<\/h3>\n<ol>\n<li>Ouvrez notre site officiel dans le navigateur Safari.<\/li>\n<li>Appuyez sur l&rsquo;ic\u00f4ne Partager en bas.<\/li>\n<li>S\u00e9lectionnez \u00ab Ajouter \u00e0 l&rsquo;\u00e9cran d&rsquo;accueil \u00bb dans le menu.<\/li>\n<li>Confirmez et enregistrez \u00ab Ajouter \u00bb.<\/li>\n<\/ol>\n<p><img loading=\"lazy\" decoding=\"async\" src=\"https:\/\/piperspincasino.org\/wp-content\/uploads\/2026\/01\/Piperspin-iOS-App.webp\" alt=\"Piperspin iOS App\" width=\"1248\" height=\"536\" \/><\/p>\n<\/div><\/div><div style=\"clear: both\"><\/div><div class=\"d-flex justify-content-center\"><button data-item=\"decouvrez_link\" data-group=\"website_links\" class=\"goto fw-bold rounded-pill btn btn-orange\" aria-label=\"T\u00e9l\u00e9chargez l&#039;application Piperspin\" >T\u00e9l\u00e9chargez l&#039;application Piperspin<\/button><\/div><\/p>\n<h2>Avantages de l&rsquo;application mobile Piperspin<\/h2>\n<p>L&rsquo;application Piperspin est con\u00e7ue pour faciliter votre quotidien. Elle offre toutes les fonctionnalit\u00e9s d&rsquo;un casino dans un format rapide \u00e0 charger pour une utilisation mobile. La version PC dispose d&rsquo;un \u00e9cran plus grand, mais l&rsquo;application mobile est con\u00e7ue pour \u00eatre rapide et facile \u00e0 utiliser d\u00e8s son installation. Les deux options sont s\u00e9curis\u00e9es et offrent toutes les fonctionnalit\u00e9s dont vous pourriez avoir besoin.<\/p>\n<table>\n<tbody>\n<tr>\n<td>Aspect<\/td>\n<td>Application mobile<\/td>\n<td>Version PC<\/td>\n<\/tr>\n<tr>\n<td>Acc\u00e8s<\/td>\n<td>Se lance instantan\u00e9ment<\/td>\n<td>N\u00e9cessite l&rsquo;ouverture d&rsquo;un navigateur<\/td>\n<\/tr>\n<tr>\n<td>Mobilit\u00e9<\/td>\n<td>Disponible partout<\/td>\n<td>Limit\u00e9 aux ordinateurs de bureau ou portables<\/td>\n<\/tr>\n<tr>\n<td>Navigation<\/td>\n<td>Optimis\u00e9 pour le toucher et simplifi\u00e9<\/td>\n<td>Disposition plus d\u00e9taill\u00e9e \u00e0 l&rsquo;aide de la souris<\/td>\n<\/tr>\n<tr>\n<td>Notifications<\/td>\n<td>Alertes push pour les mises \u00e0 jour<\/td>\n<td>Les mises \u00e0 jour ne sont visibles qu&rsquo;apr\u00e8s connexion.<\/td>\n<\/tr>\n<tr>\n<td>Vitesse de connexion<\/td>\n<td>Acc\u00e8s plus rapide<\/td>\n<td>Connexion standard \u00e0 chaque session<\/td>\n<\/tr>\n<tr>\n<td>Exp\u00e9rience \u00e0 l&rsquo;\u00e9cran<\/td>\n<td>Gameplay compact<\/td>\n<td>\u00c9cran plus grand pour des sessions plus longues<\/td>\n<\/tr>\n<\/tbody>\n<\/table>\n<div class=\"scrollable-content-wrap my-5\"><div class=\"scrollable-content-inner\"><h2>FAQ<\/h2>\n<h3>Comment t\u00e9l\u00e9charger et installer l&rsquo;application Piper Spin Casino ?<\/h3>\n<p>Ouvrez le site officiel Piper Spin dans votre navigateur mobile. Appuyez sur le bouton \u00ab Casino App \u00bb et confirmez l&rsquo;installation. Il se trouve en bas de la page principale. L&rsquo;application sera ajout\u00e9e \u00e0 votre \u00e9cran d&rsquo;accueil en quelques secondes. Aucun t\u00e9l\u00e9chargement ou installation suppl\u00e9mentaire n&rsquo;est n\u00e9cessaire.<\/p>\n<h3>Puis-je synchroniser mon compte et ma progression dans le jeu sur diff\u00e9rents appareils ?<\/h3>\n<p>Oui, un seul compte fonctionne sur tous les appareils. Connectez-vous avec votre nom d&rsquo;utilisateur et votre mot de passe sur votre appareil mobile ou votre ordinateur. Votre solde, vos bonus, vos param\u00e8tres et votre progression dans le jeu sont synchronis\u00e9s sur toutes les plateformes.<\/p>\n<h3>L&rsquo;application Piper Spin est-elle s\u00e9curis\u00e9e pour les transactions en argent r\u00e9el et les donn\u00e9es personnelles ?<\/h3>\n<p>Oui, l&rsquo;application utilise des connexions crypt\u00e9es et des protocoles s\u00e9curis\u00e9s. Tous les paiements et les donn\u00e9es personnelles sont prot\u00e9g\u00e9s. En plus du cryptage, nous utilisons des protocoles de v\u00e9rification et des contr\u00f4les manuels des retraits. Les m\u00eames normes de s\u00e9curit\u00e9 s&rsquo;appliquent \u00e0 l&rsquo;application mobile et \u00e0 la plateforme de bureau.<\/p>\n<h3>Que dois-je faire si je rencontre un probl\u00e8me ou si j&rsquo;ai besoin d&rsquo;aide pendant l&rsquo;utilisation de l&rsquo;application ?<\/h3>\n<p>Contactez l&rsquo;assistance directement depuis l&rsquo;application ou votre navigateur. Le chat en ligne et l&rsquo;assistance par e-mail sont disponibles \u00e0 tout moment. L&rsquo;assistance r\u00e9pond rapidement et vous aide \u00e0 r\u00e9pondre \u00e0 toutes vos questions. Notre assistance est disponible en plusieurs langues.<\/p>\n<\/div><\/div>\n","protected":false},"excerpt":{"rendered":"<p>Application mobile Piperspin Piperspin app permet aux joueurs d&rsquo;acc\u00e9der rapidement \u00e0 toutes les fonctionnalit\u00e9s de notre casino sur leurs appareils mobiles. Le logiciel est con\u00e7u avec les m\u00eames performances et capacit\u00e9s que la version pour ordinateur. L&rsquo;application Piperspin charge rapidement les jeux et toutes les sections de la plateforme \u00e0 tout moment. Toutes les fonctionnalit\u00e9s [&hellip;]<\/p>\n","protected":false},"author":1,"featured_media":0,"parent":0,"menu_order":0,"comment_status":"closed","ping_status":"closed","template":"template-builder.php","meta":{"_acf_changed":false,"inline_featured_image":false,"footnotes":""},"class_list":["post-1431","page","type-page","status-publish","hentry"],"acf":[],"yoast_head":"<!-- This site is optimized with the Yoast SEO plugin v27.3 - https:\/\/yoast.com\/product\/yoast-seo-wordpress\/ -->\n<title>Piperspin Casino App pour iOS et Android<\/title>\n<meta name=\"description\" content=\"T\u00e9l\u00e9chargez Piper Spin App sur iOS, Android, Windows et macOS. Jouez \u00e0 des jeux de casino o\u00f9 que vous soyez gr\u00e2ce \u00e0 la synchronisation de votre compte, aux mises \u00e0 jour fr\u00e9quentes et \u00e0 l&#039;assistance int\u00e9gr\u00e9e 24h\/24 et 7j\/7.\" \/>\n<meta name=\"robots\" content=\"index, follow, max-snippet:-1, max-image-preview:large, max-video-preview:-1\" \/>\n<link rel=\"canonical\" href=\"https:\/\/piperspincasino.org\/fr\/app\/\" \/>\n<meta property=\"og:locale\" content=\"fr_FR\" \/>\n<meta property=\"og:type\" content=\"article\" \/>\n<meta property=\"og:title\" content=\"Piperspin Casino App pour iOS et Android\" \/>\n<meta property=\"og:description\" content=\"T\u00e9l\u00e9chargez Piper Spin App sur iOS, Android, Windows et macOS. Jouez \u00e0 des jeux de casino o\u00f9 que vous soyez gr\u00e2ce \u00e0 la synchronisation de votre compte, aux mises \u00e0 jour fr\u00e9quentes et \u00e0 l&#039;assistance int\u00e9gr\u00e9e 24h\/24 et 7j\/7.\" \/>\n<meta property=\"og:url\" content=\"https:\/\/piperspincasino.org\/fr\/app\/\" \/>\n<meta property=\"og:site_name\" content=\"piperspin\" \/>\n<meta property=\"article:modified_time\" content=\"2026-01-09T10:00:18+00:00\" \/>\n<meta name=\"twitter:card\" content=\"summary_large_image\" \/>\n<meta name=\"twitter:label1\" content=\"Dur\u00e9e de lecture estim\u00e9e\" \/>\n\t<meta name=\"twitter:data1\" content=\"1 minute\" \/>\n<script type=\"application\/ld+json\" class=\"yoast-schema-graph\">{\"@context\":\"https:\\\/\\\/schema.org\",\"@graph\":[{\"@type\":\"WebPage\",\"@id\":\"https:\\\/\\\/piperspincasino.org\\\/fr\\\/app\\\/\",\"url\":\"https:\\\/\\\/piperspincasino.org\\\/fr\\\/app\\\/\",\"name\":\"Piperspin Casino App pour iOS et Android\",\"isPartOf\":{\"@id\":\"https:\\\/\\\/piperspincasino.org\\\/fr\\\/#website\"},\"datePublished\":\"2026-01-09T08:04:03+00:00\",\"dateModified\":\"2026-01-09T10:00:18+00:00\",\"description\":\"T\u00e9l\u00e9chargez Piper Spin App sur iOS, Android, Windows et macOS. Jouez \u00e0 des jeux de casino o\u00f9 que vous soyez gr\u00e2ce \u00e0 la synchronisation de votre compte, aux mises \u00e0 jour fr\u00e9quentes et \u00e0 l'assistance int\u00e9gr\u00e9e 24h\\\/24 et 7j\\\/7.\",\"breadcrumb\":{\"@id\":\"https:\\\/\\\/piperspincasino.org\\\/fr\\\/app\\\/#breadcrumb\"},\"inLanguage\":\"fr-FR\",\"potentialAction\":[{\"@type\":\"ReadAction\",\"target\":[\"https:\\\/\\\/piperspincasino.org\\\/fr\\\/app\\\/\"]}]},{\"@type\":\"BreadcrumbList\",\"@id\":\"https:\\\/\\\/piperspincasino.org\\\/fr\\\/app\\\/#breadcrumb\",\"itemListElement\":[{\"@type\":\"ListItem\",\"position\":1,\"name\":\"Piperspin\",\"item\":\"https:\\\/\\\/piperspincasino.org\\\/fr\\\/\"},{\"@type\":\"ListItem\",\"position\":2,\"name\":\"App\"}]},{\"@type\":\"WebSite\",\"@id\":\"https:\\\/\\\/piperspincasino.org\\\/fr\\\/#website\",\"url\":\"https:\\\/\\\/piperspincasino.org\\\/fr\\\/\",\"name\":\"Piperspin\",\"description\":\"\",\"publisher\":{\"@id\":\"https:\\\/\\\/piperspincasino.org\\\/fr\\\/#organization\"},\"potentialAction\":[{\"@type\":\"SearchAction\",\"target\":{\"@type\":\"EntryPoint\",\"urlTemplate\":\"https:\\\/\\\/piperspincasino.org\\\/fr\\\/?s={search_term_string}\"},\"query-input\":{\"@type\":\"PropertyValueSpecification\",\"valueRequired\":true,\"valueName\":\"search_term_string\"}}],\"inLanguage\":\"fr-FR\"},{\"@type\":\"Organization\",\"@id\":\"https:\\\/\\\/piperspincasino.org\\\/fr\\\/#organization\",\"name\":\"Piperspin\",\"url\":\"https:\\\/\\\/piperspincasino.org\\\/fr\\\/\",\"logo\":{\"@type\":\"ImageObject\",\"inLanguage\":\"fr-FR\",\"@id\":\"https:\\\/\\\/piperspincasino.org\\\/fr\\\/#\\\/schema\\\/logo\\\/image\\\/\",\"url\":\"https:\\\/\\\/piperspincasino.org\\\/wp-content\\\/uploads\\\/2025\\\/04\\\/4ir4Uq6IWNCbsrt6V8kj.png\",\"contentUrl\":\"https:\\\/\\\/piperspincasino.org\\\/wp-content\\\/uploads\\\/2025\\\/04\\\/4ir4Uq6IWNCbsrt6V8kj.png\",\"width\":208,\"height\":49,\"caption\":\"Piperspin\"},\"image\":{\"@id\":\"https:\\\/\\\/piperspincasino.org\\\/fr\\\/#\\\/schema\\\/logo\\\/image\\\/\"}}]}<\/script>\n<!-- \/ Yoast SEO plugin. -->","yoast_head_json":{"title":"Piperspin Casino App pour iOS et Android","description":"T\u00e9l\u00e9chargez Piper Spin App sur iOS, Android, Windows et macOS. Jouez \u00e0 des jeux de casino o\u00f9 que vous soyez gr\u00e2ce \u00e0 la synchronisation de votre compte, aux mises \u00e0 jour fr\u00e9quentes et \u00e0 l'assistance int\u00e9gr\u00e9e 24h\/24 et 7j\/7.","robots":{"index":"index","follow":"follow","max-snippet":"max-snippet:-1","max-image-preview":"max-image-preview:large","max-video-preview":"max-video-preview:-1"},"canonical":"https:\/\/piperspincasino.org\/fr\/app\/","og_locale":"fr_FR","og_type":"article","og_title":"Piperspin Casino App pour iOS et Android","og_description":"T\u00e9l\u00e9chargez Piper Spin App sur iOS, Android, Windows et macOS. Jouez \u00e0 des jeux de casino o\u00f9 que vous soyez gr\u00e2ce \u00e0 la synchronisation de votre compte, aux mises \u00e0 jour fr\u00e9quentes et \u00e0 l'assistance int\u00e9gr\u00e9e 24h\/24 et 7j\/7.","og_url":"https:\/\/piperspincasino.org\/fr\/app\/","og_site_name":"piperspin","article_modified_time":"2026-01-09T10:00:18+00:00","twitter_card":"summary_large_image","twitter_misc":{"Dur\u00e9e de lecture estim\u00e9e":"1 minute"},"schema":{"@context":"https:\/\/schema.org","@graph":[{"@type":"WebPage","@id":"https:\/\/piperspincasino.org\/fr\/app\/","url":"https:\/\/piperspincasino.org\/fr\/app\/","name":"Piperspin Casino App pour iOS et Android","isPartOf":{"@id":"https:\/\/piperspincasino.org\/fr\/#website"},"datePublished":"2026-01-09T08:04:03+00:00","dateModified":"2026-01-09T10:00:18+00:00","description":"T\u00e9l\u00e9chargez Piper Spin App sur iOS, Android, Windows et macOS. Jouez \u00e0 des jeux de casino o\u00f9 que vous soyez gr\u00e2ce \u00e0 la synchronisation de votre compte, aux mises \u00e0 jour fr\u00e9quentes et \u00e0 l'assistance int\u00e9gr\u00e9e 24h\/24 et 7j\/7.","breadcrumb":{"@id":"https:\/\/piperspincasino.org\/fr\/app\/#breadcrumb"},"inLanguage":"fr-FR","potentialAction":[{"@type":"ReadAction","target":["https:\/\/piperspincasino.org\/fr\/app\/"]}]},{"@type":"BreadcrumbList","@id":"https:\/\/piperspincasino.org\/fr\/app\/#breadcrumb","itemListElement":[{"@type":"ListItem","position":1,"name":"Piperspin","item":"https:\/\/piperspincasino.org\/fr\/"},{"@type":"ListItem","position":2,"name":"App"}]},{"@type":"WebSite","@id":"https:\/\/piperspincasino.org\/fr\/#website","url":"https:\/\/piperspincasino.org\/fr\/","name":"Piperspin","description":"","publisher":{"@id":"https:\/\/piperspincasino.org\/fr\/#organization"},"potentialAction":[{"@type":"SearchAction","target":{"@type":"EntryPoint","urlTemplate":"https:\/\/piperspincasino.org\/fr\/?s={search_term_string}"},"query-input":{"@type":"PropertyValueSpecification","valueRequired":true,"valueName":"search_term_string"}}],"inLanguage":"fr-FR"},{"@type":"Organization","@id":"https:\/\/piperspincasino.org\/fr\/#organization","name":"Piperspin","url":"https:\/\/piperspincasino.org\/fr\/","logo":{"@type":"ImageObject","inLanguage":"fr-FR","@id":"https:\/\/piperspincasino.org\/fr\/#\/schema\/logo\/image\/","url":"https:\/\/piperspincasino.org\/wp-content\/uploads\/2025\/04\/4ir4Uq6IWNCbsrt6V8kj.png","contentUrl":"https:\/\/piperspincasino.org\/wp-content\/uploads\/2025\/04\/4ir4Uq6IWNCbsrt6V8kj.png","width":208,"height":49,"caption":"Piperspin"},"image":{"@id":"https:\/\/piperspincasino.org\/fr\/#\/schema\/logo\/image\/"}}]}},"_links":{"self":[{"href":"https:\/\/piperspincasino.org\/fr\/wp-json\/wp\/v2\/pages\/1431","targetHints":{"allow":["GET"]}}],"collection":[{"href":"https:\/\/piperspincasino.org\/fr\/wp-json\/wp\/v2\/pages"}],"about":[{"href":"https:\/\/piperspincasino.org\/fr\/wp-json\/wp\/v2\/types\/page"}],"author":[{"embeddable":true,"href":"https:\/\/piperspincasino.org\/fr\/wp-json\/wp\/v2\/users\/1"}],"replies":[{"embeddable":true,"href":"https:\/\/piperspincasino.org\/fr\/wp-json\/wp\/v2\/comments?post=1431"}],"version-history":[{"count":2,"href":"https:\/\/piperspincasino.org\/fr\/wp-json\/wp\/v2\/pages\/1431\/revisions"}],"predecessor-version":[{"id":1614,"href":"https:\/\/piperspincasino.org\/fr\/wp-json\/wp\/v2\/pages\/1431\/revisions\/1614"}],"wp:attachment":[{"href":"https:\/\/piperspincasino.org\/fr\/wp-json\/wp\/v2\/media?parent=1431"}],"curies":[{"name":"wp","href":"https:\/\/api.w.org\/{rel}","templated":true}]}}