{"id":1483,"date":"2026-01-09T08:07:34","date_gmt":"2026-01-09T08:07:34","guid":{"rendered":"https:\/\/piperspincasino.org\/login-and-registration\/"},"modified":"2026-01-09T10:02:12","modified_gmt":"2026-01-09T10:02:12","slug":"connexion-et-inscription","status":"publish","type":"page","link":"https:\/\/piperspincasino.org\/fr\/connexion-et-inscription\/","title":{"rendered":"Connexion et inscription"},"content":{"rendered":"<h1>Connexion et inscription \u00e0 Piperspin<\/h1>\n<p>Piperspin login est votre passerelle vers un jeu ininterrompu et s\u00e9curis\u00e9. Apr\u00e8s s&rsquo;\u00eatre inscrits, les utilisateurs peuvent se connecter pour recevoir des bonus, participer \u00e0 des tournois et jouer \u00e0 plus de 6 000 jeux. L&rsquo;inscription d&rsquo;un compte est rapide et s\u00e9curis\u00e9e gr\u00e2ce \u00e0 des technologies de s\u00e9curit\u00e9 modernes.<\/p>\n<p><div class=\"banner-wrap\" aria-label=\"Banner\"><img src=\"https:\/\/piperspincasino.org\/wp-content\/uploads\/2026\/01\/TOwKZNmxqjNhxfrdqEkN.webp\" class=\"w-100 d-none d-lg-block img-pc main-banner-img\" alt=\"Piperspin desktop banner\" fetchpriority=\"high\" decoding=\"async\"><img src=\"https:\/\/piperspincasino.org\/wp-content\/uploads\/2026\/01\/Piperspin-mobile-banner.webp\" class=\"w-100 d-none d-md-block d-lg-none main-banner-img\" alt=\"Piperspin mobile banner\" fetchpriority=\"high\" decoding=\"async\"><img src=\"https:\/\/piperspincasino.org\/wp-content\/uploads\/2026\/01\/Piperspin-mobile-banner.webp\" class=\"w-100 d-md-none\" alt=\"Piperspin mobile banner\" fetchpriority=\"high\" decoding=\"async\"><div class=\"banner-description\">\n<div class=\"banner-title\">Bonus de bienvenue<\/div>\n<p class=\"banner-header-title\">\u20ac1,500<\/p>\n<div class=\"banner-header-AdditionalText\">+ 250 Tours gratuits<\/div>\n<button data-item=\"homepage_banner_link\" class=\"goto m-button m-gradient-border m-button--primary m-button--large banner-button btn-orange\">\n            <div class=\"m-button-content\">\n                <span>Inscrivez-vous d\u00e8s maintenant<\/span>\n                <span><\/span>\n            <\/div>\n        <\/button>\n<\/div>\n<div class=\"WelcomePack\">\n<p><img loading=\"lazy\" decoding=\"async\" class=\"alignnone size-full wp-image-1390\" src=\"https:\/\/piperspincasino.org\/wp-content\/uploads\/2026\/01\/welcome-crown.svg\" alt=\"crown\" width=\"25\" height=\"26\" \/><\/p>\n<div class=\"WelcomePack-Info\">Cashback hebdomadaire jusqu&rsquo;\u00e0 25 %<\/div>\n<p><img loading=\"lazy\" decoding=\"async\" class=\"alignnone size-full wp-image-1390\" src=\"https:\/\/piperspincasino.org\/wp-content\/uploads\/2026\/01\/welcome-crown.svg\" alt=\"crown\" width=\"25\" height=\"26\" \/><\/p>\n<\/div>\n<\/div><div class=\"scrollable-content-wrap my-5\"><div class=\"scrollable-content-inner\"><h2>Inscription et cr\u00e9ation d&rsquo;un compte avec Piper Spin<\/h2>\n<p>Piper Spin Casino et toutes ses fonctionnalit\u00e9s sont r\u00e9serv\u00e9es aux utilisateurs enregistr\u00e9s. La cr\u00e9ation d&rsquo;un compte vous donne acc\u00e8s \u00e0 l&rsquo;ensemble de notre environnement de jeu en quelques minutes seulement. Une fois inscrits, les joueurs peuvent jouer avec de l&rsquo;argent r\u00e9el, recevoir des bonus, participer \u00e0 des tournois et g\u00e9rer toutes les fonctionnalit\u00e9s de leur compte.<\/p>\n<p>Une fois connect\u00e9, vous pourrez :<\/p>\n<ul>\n<li>Jouez \u00e0 plus de 6 000 jeux<\/li>\n<li>Recevoir des bonus<\/li>\n<li>Effectuer des d\u00e9p\u00f4ts et retirer des fonds<\/li>\n<li>Utilisez les outils de jeu responsable<\/li>\n<li>Suivez l&rsquo;historique de vos paris et transactions<\/li>\n<li>G\u00e9rer vos param\u00e8tres<\/li>\n<\/ul>\n<h2>Param\u00e8tres et fonctionnalit\u00e9s de votre compte<\/h2>\n<p>La cr\u00e9ation d&rsquo;un compte est facile. Il suffit de suivre ces \u00e9tapes :<\/p>\n<ol>\n<li>Cliquez sur le bouton \u00ab S&rsquo;inscrire \u00bb sur la page d&rsquo;accueil.<\/li>\n<li>Entrez votre adresse e-mail et cr\u00e9ez un mot de passe fort.<\/li>\n<li>Si vous avez un code promotionnel, ajoutez-le.<\/li>\n<li>Confirmez les conditions d&rsquo;utilisation, la politique de confidentialit\u00e9 et la restriction d&rsquo;\u00e2ge (18 ans et plus).<\/li>\n<li>Cliquez sur \u00ab Enregistrer \u00bb.<\/li>\n<li>Activez votre compte via le lien contenu dans l&rsquo;e-mail envoy\u00e9 par Piperspin.<\/li>\n<\/ol>\n<h2>Comment v\u00e9rifier votre compte<\/h2>\n<p>Pour garantir la s\u00e9curit\u00e9 de vos informations, vous devez v\u00e9rifier votre compte Piperspin. La proc\u00e9dure KYC (Know Your Customer) permet de confirmer votre identit\u00e9. Le processus de v\u00e9rification est obligatoire avant de pouvoir retirer des fonds ou recevoir des bonus. De plus, la v\u00e9rification permet de pr\u00e9venir la fraude et les acc\u00e8s non autoris\u00e9s.<\/p>\n<p>Documents \u00e0 fournir pour v\u00e9rification :<\/p>\n<ul>\n<li>Carte d&rsquo;identit\u00e9 ou passeport d\u00e9livr\u00e9 par le gouvernement<\/li>\n<li>Permis de conduire<\/li>\n<li>Justificatif de domicile (facture d&rsquo;\u00e9lectricit\u00e9, relev\u00e9 bancaire)<\/li>\n<li>Documents relatifs au compte bancaire<\/li>\n<\/ul>\n<h3>\u00c9tapes pour v\u00e9rifier votre compte<\/h3>\n<ol>\n<li>Assurez-vous d&rsquo;avoir termin\u00e9 le processus de connexion \u00e0 Piperspin.<\/li>\n<li>Cliquez sur \u00ab V\u00e9rification du compte \u00bb.<\/li>\n<li>T\u00e9l\u00e9chargez les documents requis.<\/li>\n<li>Attendez l&rsquo;approbation.<\/li>\n<\/ol>\n<p>Une fois approuv\u00e9, vous pourrez retirer des fonds et utiliser tous les bonus.<\/p>\n<h2>Comment se connecter \u00e0 Piperspin<\/h2>\n<p>Le processus de connexion \u00e0 Piperspin est simple et s\u00e9curis\u00e9. Une fois connect\u00e9, vous aurez acc\u00e8s \u00e0 toutes les fonctionnalit\u00e9s de la plateforme. Apr\u00e8s vous \u00eatre connect\u00e9, vous pouvez suivre votre historique de jeu, consulter les promotions en cours, g\u00e9rer vos param\u00e8tres de jeu responsable, participer \u00e0 des tournois, faire tourner la roue de la fortune et retirer vos gains. Le panneau de contr\u00f4le de votre compte affiche les transactions r\u00e9centes. Vous pouvez \u00e9galement recevoir des notifications concernant les mises \u00e0 jour ici.<\/p>\n<h3>\u00c9tapes pour se connecter<\/h3>\n<ol>\n<li>Cliquez sur le bouton \u00ab Se connecter \u00bb sur la page principale.<\/li>\n<li>\u00a0Saisissez votre adresse e-mail et votre mot de passe.<\/li>\n<li>Cliquez \u00e0 nouveau sur l&rsquo;onglet \u00ab Connexion \u00bb.<\/li>\n<\/ol>\n<p>Vous \u00eates d\u00e9sormais connect\u00e9 \u00e0 votre compte. Vous pouvez maintenant vous rendre dans le panneau de configuration pour consulter les informations relatives aux fonctionnalit\u00e9s de notre casino.<\/p>\n<h3>R\u00e9cup\u00e9ration des informations de connexion<\/h3>\n<p>Si vous avez oubli\u00e9 vos identifiants de connexion Piperspin ou votre mot de passe, vous pouvez facilement les r\u00e9cup\u00e9rer. Votre identifiant de connexion est toujours l&rsquo;adresse e-mail associ\u00e9e \u00e0 votre compte. Si vous avez oubli\u00e9 votre mot de passe, vous pouvez le r\u00e9cup\u00e9rer en quelques minutes.<\/p>\n<p>\u00c9tapes pour r\u00e9cup\u00e9rer l&rsquo;acc\u00e8s :<\/p>\n<ol>\n<li>Cliquez sur le bouton \u00ab Se connecter \u00bb sur la page d&rsquo;accueil de Piperspin.<\/li>\n<li>S\u00e9lectionnez \u00ab Mot de passe oubli\u00e9 ? \u00bb.<\/li>\n<li>Entrez votre adresse e-mail.<\/li>\n<li>Suivez le lien pour r\u00e9initialiser votre mot de passe.<\/li>\n<li>Cr\u00e9ez un nouveau mot de passe.<\/li>\n<li>Connectez-vous \u00e0 l&rsquo;aide de vos identifiants mis \u00e0 jour.<\/li>\n<\/ol>\n<p>Si vous rencontrez des difficult\u00e9s ou avez des questions, vous pouvez contacter notre \u00e9quipe d&rsquo;assistance multilingue. Vous pouvez contacter l&rsquo;assistance 24h\/24 et 7j\/7 via le chat en direct ou par e-mail.<\/p>\n<h2>FAQ<\/h2>\n<h3>Comment cr\u00e9er un nouveau compte Piper Spin Casino ?<\/h3>\n<p>Cliquez sur le bouton \u00ab S&rsquo;inscrire \u00bb sur la page d&rsquo;accueil de Piperspin. Entrez votre adresse e-mail et cr\u00e9ez un mot de passe. Acceptez les conditions g\u00e9n\u00e9rales, les restrictions d&rsquo;\u00e2ge et entrez le code promotionnel. Confirmez votre adresse e-mail via le lien. Votre compte est d\u00e9sormais pr\u00eat \u00e0 \u00eatre utilis\u00e9.<\/p>\n<h3>Pourquoi je n&rsquo;arrive pas \u00e0 me connecter \u00e0 mon compte Piperspin ?<\/h3>\n<p>Assurez-vous que votre adresse e-mail et votre mot de passe sont corrects. Si c&rsquo;est le cas, v\u00e9rifiez que votre compte est bien activ\u00e9. Si cela ne fonctionne pas, essayez de vider le cache de votre navigateur. Vous pouvez \u00e9galement essayer d&rsquo;utiliser un autre appareil. Si cela ne fonctionne toujours pas, contactez le service d&rsquo;assistance.<\/p>\n<h3>Quelles informations dois-je fournir lors de mon inscription ?<\/h3>\n<p>Vous devez disposer d&rsquo;une adresse e-mail valide et d&rsquo;un mot de passe pour vous inscrire. Lors de votre inscription, confirmez que vous avez plus de 18 ans et acceptez les conditions d&rsquo;utilisation. Apr\u00e8s votre inscription, activez votre compte \u00e0 l&rsquo;aide du lien de confirmation envoy\u00e9 \u00e0 votre adresse e-mail.<\/p>\n<h3>Puis-je utiliser le m\u00eame compte pour me connecter sur mon t\u00e9l\u00e9phone et mon ordinateur ?<\/h3>\n<p>Oui, votre compte Piper Spin fonctionne sur tous les appareils. Connectez-vous avec votre nom d&rsquo;utilisateur et votre mot de passe. Votre solde, votre progression et vos param\u00e8tres sont automatiquement synchronis\u00e9s sur n&rsquo;importe quel appareil dans votre navigateur ou votre application.<\/p>\n<h3>Puis-je participer \u00e0 des tournois et \u00e0 des promotions \u00e0 l&rsquo;aide de l&rsquo;application mobile ?<\/h3>\n<p>Oui, tous les tournois, t\u00e2ches et autres promotions sont disponibles via l&rsquo;application mobile Piperspin. Vous pouvez participer \u00e0 des concours et recevoir des r\u00e9compenses directement depuis l&rsquo;application sur votre appareil. L&rsquo;application dispose d&rsquo;une fonctionnalit\u00e9 de notification qui vous aide \u00e0 suivre vos progr\u00e8s et les mises \u00e0 jour.<\/p>\n<\/div><\/div><\/p>\n","protected":false},"excerpt":{"rendered":"<p>Connexion et inscription \u00e0 Piperspin Piperspin login est votre passerelle vers un jeu ininterrompu et s\u00e9curis\u00e9. Apr\u00e8s s&rsquo;\u00eatre inscrits, les utilisateurs peuvent se connecter pour recevoir des bonus, participer \u00e0 des tournois et jouer \u00e0 plus de 6 000 jeux. L&rsquo;inscription d&rsquo;un compte est rapide et s\u00e9curis\u00e9e gr\u00e2ce \u00e0 des technologies de s\u00e9curit\u00e9 modernes.<\/p>\n","protected":false},"author":1,"featured_media":0,"parent":0,"menu_order":0,"comment_status":"closed","ping_status":"closed","template":"template-builder.php","meta":{"_acf_changed":false,"inline_featured_image":false,"footnotes":""},"class_list":["post-1483","page","type-page","status-publish","hentry"],"acf":[],"yoast_head":"<!-- This site is optimized with the Yoast SEO plugin v27.3 - https:\/\/yoast.com\/product\/yoast-seo-wordpress\/ -->\n<title>Piperspin Login | Se connecter ou cr\u00e9er un compte<\/title>\n<meta name=\"description\" content=\"G\u00e9rez votre compte casino avec Piper Spin login ou inscrivez-vous en tant que nouvel utilisateur. Consultez votre solde de bonus, suivez votre jeu, g\u00e9rez la v\u00e9rification et les paiements.\" \/>\n<meta name=\"robots\" content=\"index, follow, max-snippet:-1, max-image-preview:large, max-video-preview:-1\" \/>\n<link rel=\"canonical\" href=\"https:\/\/piperspincasino.org\/fr\/connexion-et-inscription\/\" \/>\n<meta property=\"og:locale\" content=\"fr_FR\" \/>\n<meta property=\"og:type\" content=\"article\" \/>\n<meta property=\"og:title\" content=\"Piperspin Login | Se connecter ou cr\u00e9er un compte\" \/>\n<meta property=\"og:description\" content=\"G\u00e9rez votre compte casino avec Piper Spin login ou inscrivez-vous en tant que nouvel utilisateur. Consultez votre solde de bonus, suivez votre jeu, g\u00e9rez la v\u00e9rification et les paiements.\" \/>\n<meta property=\"og:url\" content=\"https:\/\/piperspincasino.org\/fr\/connexion-et-inscription\/\" \/>\n<meta property=\"og:site_name\" content=\"piperspin\" \/>\n<meta property=\"article:modified_time\" content=\"2026-01-09T10:02:12+00:00\" \/>\n<meta name=\"twitter:card\" content=\"summary_large_image\" \/>\n<meta name=\"twitter:label1\" content=\"Dur\u00e9e de lecture estim\u00e9e\" \/>\n\t<meta name=\"twitter:data1\" content=\"1 minute\" \/>\n<script type=\"application\/ld+json\" class=\"yoast-schema-graph\">{\"@context\":\"https:\\\/\\\/schema.org\",\"@graph\":[{\"@type\":\"WebPage\",\"@id\":\"https:\\\/\\\/piperspincasino.org\\\/fr\\\/connexion-et-inscription\\\/\",\"url\":\"https:\\\/\\\/piperspincasino.org\\\/fr\\\/connexion-et-inscription\\\/\",\"name\":\"Piperspin Login | Se connecter ou cr\u00e9er un compte\",\"isPartOf\":{\"@id\":\"https:\\\/\\\/piperspincasino.org\\\/fr\\\/#website\"},\"datePublished\":\"2026-01-09T08:07:34+00:00\",\"dateModified\":\"2026-01-09T10:02:12+00:00\",\"description\":\"G\u00e9rez votre compte casino avec Piper Spin login ou inscrivez-vous en tant que nouvel utilisateur. Consultez votre solde de bonus, suivez votre jeu, g\u00e9rez la v\u00e9rification et les paiements.\",\"breadcrumb\":{\"@id\":\"https:\\\/\\\/piperspincasino.org\\\/fr\\\/connexion-et-inscription\\\/#breadcrumb\"},\"inLanguage\":\"fr-FR\",\"potentialAction\":[{\"@type\":\"ReadAction\",\"target\":[\"https:\\\/\\\/piperspincasino.org\\\/fr\\\/connexion-et-inscription\\\/\"]}]},{\"@type\":\"BreadcrumbList\",\"@id\":\"https:\\\/\\\/piperspincasino.org\\\/fr\\\/connexion-et-inscription\\\/#breadcrumb\",\"itemListElement\":[{\"@type\":\"ListItem\",\"position\":1,\"name\":\"Piperspin\",\"item\":\"https:\\\/\\\/piperspincasino.org\\\/fr\\\/\"},{\"@type\":\"ListItem\",\"position\":2,\"name\":\"Connexion et inscription\"}]},{\"@type\":\"WebSite\",\"@id\":\"https:\\\/\\\/piperspincasino.org\\\/fr\\\/#website\",\"url\":\"https:\\\/\\\/piperspincasino.org\\\/fr\\\/\",\"name\":\"Piperspin\",\"description\":\"\",\"publisher\":{\"@id\":\"https:\\\/\\\/piperspincasino.org\\\/fr\\\/#organization\"},\"potentialAction\":[{\"@type\":\"SearchAction\",\"target\":{\"@type\":\"EntryPoint\",\"urlTemplate\":\"https:\\\/\\\/piperspincasino.org\\\/fr\\\/?s={search_term_string}\"},\"query-input\":{\"@type\":\"PropertyValueSpecification\",\"valueRequired\":true,\"valueName\":\"search_term_string\"}}],\"inLanguage\":\"fr-FR\"},{\"@type\":\"Organization\",\"@id\":\"https:\\\/\\\/piperspincasino.org\\\/fr\\\/#organization\",\"name\":\"Piperspin\",\"url\":\"https:\\\/\\\/piperspincasino.org\\\/fr\\\/\",\"logo\":{\"@type\":\"ImageObject\",\"inLanguage\":\"fr-FR\",\"@id\":\"https:\\\/\\\/piperspincasino.org\\\/fr\\\/#\\\/schema\\\/logo\\\/image\\\/\",\"url\":\"https:\\\/\\\/piperspincasino.org\\\/wp-content\\\/uploads\\\/2025\\\/04\\\/4ir4Uq6IWNCbsrt6V8kj.png\",\"contentUrl\":\"https:\\\/\\\/piperspincasino.org\\\/wp-content\\\/uploads\\\/2025\\\/04\\\/4ir4Uq6IWNCbsrt6V8kj.png\",\"width\":208,\"height\":49,\"caption\":\"Piperspin\"},\"image\":{\"@id\":\"https:\\\/\\\/piperspincasino.org\\\/fr\\\/#\\\/schema\\\/logo\\\/image\\\/\"}}]}<\/script>\n<!-- \/ Yoast SEO plugin. -->","yoast_head_json":{"title":"Piperspin Login | Se connecter ou cr\u00e9er un compte","description":"G\u00e9rez votre compte casino avec Piper Spin login ou inscrivez-vous en tant que nouvel utilisateur. Consultez votre solde de bonus, suivez votre jeu, g\u00e9rez la v\u00e9rification et les paiements.","robots":{"index":"index","follow":"follow","max-snippet":"max-snippet:-1","max-image-preview":"max-image-preview:large","max-video-preview":"max-video-preview:-1"},"canonical":"https:\/\/piperspincasino.org\/fr\/connexion-et-inscription\/","og_locale":"fr_FR","og_type":"article","og_title":"Piperspin Login | Se connecter ou cr\u00e9er un compte","og_description":"G\u00e9rez votre compte casino avec Piper Spin login ou inscrivez-vous en tant que nouvel utilisateur. Consultez votre solde de bonus, suivez votre jeu, g\u00e9rez la v\u00e9rification et les paiements.","og_url":"https:\/\/piperspincasino.org\/fr\/connexion-et-inscription\/","og_site_name":"piperspin","article_modified_time":"2026-01-09T10:02:12+00:00","twitter_card":"summary_large_image","twitter_misc":{"Dur\u00e9e de lecture estim\u00e9e":"1 minute"},"schema":{"@context":"https:\/\/schema.org","@graph":[{"@type":"WebPage","@id":"https:\/\/piperspincasino.org\/fr\/connexion-et-inscription\/","url":"https:\/\/piperspincasino.org\/fr\/connexion-et-inscription\/","name":"Piperspin Login | Se connecter ou cr\u00e9er un compte","isPartOf":{"@id":"https:\/\/piperspincasino.org\/fr\/#website"},"datePublished":"2026-01-09T08:07:34+00:00","dateModified":"2026-01-09T10:02:12+00:00","description":"G\u00e9rez votre compte casino avec Piper Spin login ou inscrivez-vous en tant que nouvel utilisateur. Consultez votre solde de bonus, suivez votre jeu, g\u00e9rez la v\u00e9rification et les paiements.","breadcrumb":{"@id":"https:\/\/piperspincasino.org\/fr\/connexion-et-inscription\/#breadcrumb"},"inLanguage":"fr-FR","potentialAction":[{"@type":"ReadAction","target":["https:\/\/piperspincasino.org\/fr\/connexion-et-inscription\/"]}]},{"@type":"BreadcrumbList","@id":"https:\/\/piperspincasino.org\/fr\/connexion-et-inscription\/#breadcrumb","itemListElement":[{"@type":"ListItem","position":1,"name":"Piperspin","item":"https:\/\/piperspincasino.org\/fr\/"},{"@type":"ListItem","position":2,"name":"Connexion et inscription"}]},{"@type":"WebSite","@id":"https:\/\/piperspincasino.org\/fr\/#website","url":"https:\/\/piperspincasino.org\/fr\/","name":"Piperspin","description":"","publisher":{"@id":"https:\/\/piperspincasino.org\/fr\/#organization"},"potentialAction":[{"@type":"SearchAction","target":{"@type":"EntryPoint","urlTemplate":"https:\/\/piperspincasino.org\/fr\/?s={search_term_string}"},"query-input":{"@type":"PropertyValueSpecification","valueRequired":true,"valueName":"search_term_string"}}],"inLanguage":"fr-FR"},{"@type":"Organization","@id":"https:\/\/piperspincasino.org\/fr\/#organization","name":"Piperspin","url":"https:\/\/piperspincasino.org\/fr\/","logo":{"@type":"ImageObject","inLanguage":"fr-FR","@id":"https:\/\/piperspincasino.org\/fr\/#\/schema\/logo\/image\/","url":"https:\/\/piperspincasino.org\/wp-content\/uploads\/2025\/04\/4ir4Uq6IWNCbsrt6V8kj.png","contentUrl":"https:\/\/piperspincasino.org\/wp-content\/uploads\/2025\/04\/4ir4Uq6IWNCbsrt6V8kj.png","width":208,"height":49,"caption":"Piperspin"},"image":{"@id":"https:\/\/piperspincasino.org\/fr\/#\/schema\/logo\/image\/"}}]}},"_links":{"self":[{"href":"https:\/\/piperspincasino.org\/fr\/wp-json\/wp\/v2\/pages\/1483","targetHints":{"allow":["GET"]}}],"collection":[{"href":"https:\/\/piperspincasino.org\/fr\/wp-json\/wp\/v2\/pages"}],"about":[{"href":"https:\/\/piperspincasino.org\/fr\/wp-json\/wp\/v2\/types\/page"}],"author":[{"embeddable":true,"href":"https:\/\/piperspincasino.org\/fr\/wp-json\/wp\/v2\/users\/1"}],"replies":[{"embeddable":true,"href":"https:\/\/piperspincasino.org\/fr\/wp-json\/wp\/v2\/comments?post=1483"}],"version-history":[{"count":2,"href":"https:\/\/piperspincasino.org\/fr\/wp-json\/wp\/v2\/pages\/1483\/revisions"}],"predecessor-version":[{"id":1616,"href":"https:\/\/piperspincasino.org\/fr\/wp-json\/wp\/v2\/pages\/1483\/revisions\/1616"}],"wp:attachment":[{"href":"https:\/\/piperspincasino.org\/fr\/wp-json\/wp\/v2\/media?parent=1483"}],"curies":[{"name":"wp","href":"https:\/\/api.w.org\/{rel}","templated":true}]}}