{"id":1437,"date":"2026-01-09T08:04:03","date_gmt":"2026-01-09T08:04:03","guid":{"rendered":"https:\/\/piperspincasino.org\/app\/"},"modified":"2026-01-09T11:29:25","modified_gmt":"2026-01-09T11:29:25","slug":"applicazione","status":"publish","type":"page","link":"https:\/\/piperspincasino.org\/it\/applicazione\/","title":{"rendered":"Applicazione"},"content":{"rendered":"<h1>App mobile Piperspin<\/h1>\n<p>Piperspin app offre ai giocatori italiani un accesso rapido a tutte le funzionalit\u00e0 del nostro casin\u00f2 sui dispositivi mobili. Il software \u00e8 progettato con le stesse prestazioni e capacit\u00e0 della versione desktop. L&#8217;app Piperspin carica rapidamente i giochi e qualsiasi sezione della piattaforma in qualsiasi momento. Tutte le funzionalit\u00e0 sono ottimizzate per il controllo touch su schermi di qualsiasi dimensione.<\/p>\n<p><div class=\"banner-wrap\" aria-label=\"Banner\"><img src=\"https:\/\/piperspincasino.org\/wp-content\/uploads\/2026\/01\/TOwKZNmxqjNhxfrdqEkN.webp\" class=\"w-100 d-none d-lg-block img-pc main-banner-img\" alt=\"Piperspin desktop banner\" fetchpriority=\"high\" decoding=\"async\"><img src=\"https:\/\/piperspincasino.org\/wp-content\/uploads\/2026\/01\/Piperspin-mobile-banner.webp\" class=\"w-100 d-none d-md-block d-lg-none main-banner-img\" alt=\"Piperspin mobile banner\" fetchpriority=\"high\" decoding=\"async\"><img src=\"https:\/\/piperspincasino.org\/wp-content\/uploads\/2026\/01\/Piperspin-mobile-banner.webp\" class=\"w-100 d-md-none\" alt=\"Piperspin mobile banner\" fetchpriority=\"high\" decoding=\"async\"><div class=\"banner-description\">\n<div class=\"banner-title\">Bonus di benvenuto<\/div>\n<p class=\"banner-header-title\">\u20ac1,500<\/p>\n<div class=\"banner-header-AdditionalText\">+ 250 Giri gratuiti<\/div>\n<button data-item=\"homepage_banner_link\" class=\"goto m-button m-gradient-border m-button--primary m-button--large banner-button btn-orange\">\n            <div class=\"m-button-content\">\n                <span>Iscriviti ora<\/span>\n                <span><\/span>\n            <\/div>\n        <\/button>\n<\/div>\n<div class=\"WelcomePack\">\n<p><img loading=\"lazy\" decoding=\"async\" class=\"alignnone size-full wp-image-1390\" src=\"https:\/\/piperspincasino.org\/wp-content\/uploads\/2026\/01\/welcome-crown.svg\" alt=\"crown\" width=\"25\" height=\"26\" \/><\/p>\n<div class=\"WelcomePack-Info\">Cashback settimanale fino al 25%<\/div>\n<p><img loading=\"lazy\" decoding=\"async\" class=\"alignnone size-full wp-image-1390\" src=\"https:\/\/piperspincasino.org\/wp-content\/uploads\/2026\/01\/welcome-crown.svg\" alt=\"crown\" width=\"25\" height=\"26\" \/><\/p>\n<\/div>\n<\/div><div class=\"scrollable-content-wrap my-5\"><div class=\"scrollable-content-inner\"><h2>App Piper Spin per Windows e Mac<\/h2>\n<p>L&#8217;app Piperspin per Windows e Mac \u00e8 progettata per consentire un accesso rapido al desktop senza complicate procedure di installazione. La nostra app web si avvia sul desktop e funziona come applicazione autonoma. Gli utenti Windows e macOS possono creare un collegamento con un solo clic sul nostro sito web. Con un collegamento, la nostra piattaforma funzioner\u00e0 come un&#8217;app desktop.<\/p>\n<p>L&#8217;interfaccia si adatta automaticamente alla risoluzione dello schermo e funziona senza problemi. Tutte le funzionalit\u00e0 del casin\u00f2 Piperspin sono disponibili nell&#8217;applicazione: giochi, pagamenti, bonus e impostazioni dell&#8217;account. Per installare l&#8217;applicazione di accesso rapido sul tuo PC, basta andare sul sito web Piperspin nel tuo browser e trovare la funzione &#8220;crea collegamento&#8221; nelle impostazioni della pagina. Il software per PC \u00e8 ora disponibile per l&#8217;uso.<\/p>\n<p><img loading=\"lazy\" decoding=\"async\" src=\"https:\/\/piperspincasino.org\/wp-content\/uploads\/2026\/01\/Piperspin-Desktop.webp\" alt=\"Piperspin Desktop\" width=\"1248\" height=\"536\" \/><\/p>\n<\/div><\/div><div style=\"clear: both\"><\/div><div class=\"d-flex justify-content-center\"><button data-item=\"decouvrez_link\" data-group=\"website_links\" class=\"goto fw-bold rounded-pill btn btn-orange\" aria-label=\"Scarica l&#039;app Piperspin\" >Scarica l&#039;app Piperspin<\/button><\/div><div class=\"scrollable-content-wrap my-5\"><div class=\"scrollable-content-inner\"><h2>Applicazione Android per giocare in movimento<\/h2>\n<p>L&#8217;app Piperspin Android \u00e8 un&#8217;applicazione web progressiva (PWA). \u00c8 possibile installare la nostra PWA senza scaricare nulla dagli store. Il software viene installato dal browser e funziona come una normale app mobile. La PWA offre pieno accesso ai giochi, ai bonus, ai pagamenti e agli strumenti di gestione dell&#8217;account. La PWA ha le stesse funzionalit\u00e0 della piattaforma desktop. L&#8217;interfaccia \u00e8 ottimizzata per il controllo touch, si carica rapidamente e si adatta a qualsiasi schermo Android. Gli aggiornamenti automatici consentono di utilizzare sempre l&#8217;ultima versione senza installazione manuale. Questo formato consente di risparmiare spazio e funziona senza interruzioni.<\/p>\n<h3>Installa APK per Android<\/h3>\n<p>Installare la nostra app Android \u00e8 facile. Ecco cosa devi fare:<\/p>\n<ol>\n<li>Apri il nostro sito web ufficiale nel tuo browser.<\/li>\n<li>Nella parte inferiore della home page, trova il pulsante &#8220;App Casin\u00f2&#8221;.<\/li>\n<li>Clicca su &#8220;Installa&#8221;.<\/li>\n<li>L&#8217;app verr\u00e0 aggiunta alla schermata iniziale.<\/li>\n<\/ol>\n<p><img loading=\"lazy\" decoding=\"async\" src=\"https:\/\/piperspincasino.org\/wp-content\/uploads\/2026\/01\/Piperspin-Android-App.webp\" alt=\"Piperspin Android App\" width=\"1248\" height=\"536\" \/><\/p>\n<\/div><\/div><div style=\"clear: both\"><\/div><div class=\"d-flex justify-content-center\"><button data-item=\"decouvrez_link\" data-group=\"website_links\" class=\"goto fw-bold rounded-pill btn btn-orange\" aria-label=\"Scarica Piperspin\" >Scarica Piperspin<\/button><\/div><div class=\"scrollable-content-wrap my-5\"><div class=\"scrollable-content-inner\"><h2>Applicazione per dispositivi iOS<\/h2>\n<p>Il software Piperspin iOS \u00e8 disponibile tramite il browser, quindi non \u00e8 necessario cercarlo nell&#8217;App Store. Puoi scaricarlo direttamente dal tuo computer. Ha gli stessi strumenti dell&#8217;app desktop e pu\u00f2 essere utilizzato sul web. Il suo design funziona perfettamente sugli schermi di iPhone e iPad e si carica rapidamente. Nell&#8217;app iOS, i giocatori possono accedere ai giochi, gestire gli account e utilizzare tutte le altre funzionalit\u00e0 del casin\u00f2. Con il nostro software installato, puoi ricevere notifiche su nuove promozioni, bonus accreditati sul tuo account e altro ancora. L&#8217;app si avvia dalla schermata iniziale e carica rapidamente tutti i giochi e le funzionalit\u00e0.<\/p>\n<h3>Scarica l&#8217;app iOS<\/h3>\n<ol>\n<li>Apri il nostro sito web ufficiale nel browser Safari.<\/li>\n<li>Tocca l&#8217;icona Condividi nella parte inferiore.<\/li>\n<li>Seleziona &#8220;Aggiungi alla schermata Home&#8221; dal menu.<\/li>\n<li>Conferma e clicca su &#8220;Aggiungi&#8221;.<\/li>\n<\/ol>\n<p><img loading=\"lazy\" decoding=\"async\" src=\"https:\/\/piperspincasino.org\/wp-content\/uploads\/2026\/01\/Piperspin-iOS-App.webp\" alt=\"Piperspin iOS App\" width=\"1248\" height=\"536\" \/><\/p>\n<\/div><\/div><div style=\"clear: both\"><\/div><div class=\"d-flex justify-content-center\"><button data-item=\"decouvrez_link\" data-group=\"website_links\" class=\"goto fw-bold rounded-pill btn btn-orange\" aria-label=\"Scarica l&#039;app Piperspin\" >Scarica l&#039;app Piperspin<\/button><\/div><\/p>\n<h2>Vantaggi dell&#8217;app mobile Piperspin<\/h2>\n<p>L&#8217;app Piperspin \u00e8 progettata per garantire la massima praticit\u00e0 nell&#8217;uso quotidiano. Offre tutte le funzionalit\u00e0 del casin\u00f2 in un formato a caricamento rapido per l&#8217;uso su dispositivi mobili. La versione per PC ha uno schermo pi\u00f9 grande, ma l&#8217;app mobile \u00e8 progettata per essere veloce e facile da usare fin da subito. Entrambe le opzioni sono sicure e offrono tutte le funzionalit\u00e0 che potresti desiderare.<\/p>\n<table>\n<tbody>\n<tr>\n<td>Aspetto<\/td>\n<td>App mobile<\/td>\n<td>Versione PC<\/td>\n<\/tr>\n<tr>\n<td>Accesso<\/td>\n<td>Si avvia immediatamente<\/td>\n<td>Richiede l&#8217;apertura di un browser<\/td>\n<\/tr>\n<tr>\n<td>Mobilit\u00e0<\/td>\n<td>Disponibile ovunque<\/td>\n<td>Limitato a computer desktop o laptop<\/td>\n<\/tr>\n<tr>\n<td>Navigazione<\/td>\n<td>Ottimizzato per il touch e semplificato<\/td>\n<td>Layout pi\u00f9 dettagliato basato sul mouse<\/td>\n<\/tr>\n<tr>\n<td>Notifiche<\/td>\n<td>Avvisi push per gli aggiornamenti<\/td>\n<td>Gli aggiornamenti sono visibili solo dopo aver effettuato l&#8217;accesso.<\/td>\n<\/tr>\n<tr>\n<td>Velocit\u00e0 di accesso<\/td>\n<td>Accesso pi\u00f9 veloce<\/td>\n<td>Accesso standard ad ogni sessione<\/td>\n<\/tr>\n<tr>\n<td>Esperienza sullo schermo<\/td>\n<td>Gameplay compatto<\/td>\n<td>Schermo pi\u00f9 grande per sessioni pi\u00f9 lunghe<\/td>\n<\/tr>\n<\/tbody>\n<\/table>\n<div class=\"scrollable-content-wrap my-5\"><div class=\"scrollable-content-inner\"><h2>Domande frequenti<\/h2>\n<h3>Come posso scaricare e installare l&#8217;app Piper Spin Casino?<\/h3>\n<p>Apri il sito ufficiale Piper Spin nel browser del tuo cellulare. Tocca il pulsante &#8220;Casino App&#8221; e conferma l&#8217;installazione. Si trova nella parte inferiore della pagina principale. L&#8217;app verr\u00e0 aggiunta alla tua schermata iniziale in pochi secondi. Non sono necessari ulteriori download o installazioni.<\/p>\n<h3>Posso sincronizzare il mio account e i progressi di gioco su dispositivi diversi?<\/h3>\n<p>S\u00ec, un unico account funziona su tutti i dispositivi. Accedi con il tuo nome utente e la tua password dal tuo dispositivo mobile o dal tuo computer. Il tuo saldo, i bonus, le impostazioni e i progressi di gioco sono sincronizzati su tutte le piattaforme.<\/p>\n<h3>L&#8217;app Piper Spin \u00e8 sicura per le transazioni con denaro reale e i dati personali?<\/h3>\n<p>S\u00ec, l&#8217;app utilizza connessioni crittografate e protocolli sicuri. Tutti i pagamenti e i dati personali sono protetti. Oltre alla crittografia, utilizziamo protocolli di verifica e controlli manuali sui prelievi. Gli stessi standard di sicurezza si applicano sia all&#8217;app mobile che alla piattaforma desktop.<\/p>\n<h3>Cosa devo fare se incontro un problema o ho bisogno di aiuto durante l&#8217;utilizzo dell&#8217;app?<\/h3>\n<p>Contatta l&#8217;assistenza direttamente dall&#8217;app o dal browser. La chat online e l&#8217;e-mail sono disponibili in qualsiasi momento. L&#8217;assistenza risponde rapidamente e ti aiuta con qualsiasi domanda. La nostra assistenza \u00e8 disponibile in diverse lingue.<\/p>\n<\/div><\/div>\n","protected":false},"excerpt":{"rendered":"<p>App mobile Piperspin Piperspin app offre ai giocatori italiani un accesso rapido a tutte le funzionalit\u00e0 del nostro casin\u00f2 sui dispositivi mobili. Il software \u00e8 progettato con le stesse prestazioni e capacit\u00e0 della versione desktop. L&#8217;app Piperspin carica rapidamente i giochi e qualsiasi sezione della piattaforma in qualsiasi momento. Tutte le funzionalit\u00e0 sono ottimizzate per [&hellip;]<\/p>\n","protected":false},"author":1,"featured_media":0,"parent":0,"menu_order":0,"comment_status":"closed","ping_status":"closed","template":"template-builder.php","meta":{"_acf_changed":false,"inline_featured_image":false,"footnotes":""},"class_list":["post-1437","page","type-page","status-publish","hentry"],"acf":[],"yoast_head":"<!-- This site is optimized with the Yoast SEO plugin v27.3 - https:\/\/yoast.com\/product\/yoast-seo-wordpress\/ -->\n<title>Piperspin Casino App per iOS e Android<\/title>\n<meta name=\"description\" content=\"Scarica Piper Spin App per iOS, Android, Windows e macOS. Gioca ai giochi da casin\u00f2 ovunque con sincronizzazione dell&#039;account, aggiornamenti frequenti e supporto in-app 24 ore su 24, 7 giorni su 7.\" \/>\n<meta name=\"robots\" content=\"index, follow, max-snippet:-1, max-image-preview:large, max-video-preview:-1\" \/>\n<link rel=\"canonical\" href=\"https:\/\/piperspincasino.org\/it\/applicazione\/\" \/>\n<meta property=\"og:locale\" content=\"it_IT\" \/>\n<meta property=\"og:type\" content=\"article\" \/>\n<meta property=\"og:title\" content=\"Piperspin Casino App per iOS e Android\" \/>\n<meta property=\"og:description\" content=\"Scarica Piper Spin App per iOS, Android, Windows e macOS. Gioca ai giochi da casin\u00f2 ovunque con sincronizzazione dell&#039;account, aggiornamenti frequenti e supporto in-app 24 ore su 24, 7 giorni su 7.\" \/>\n<meta property=\"og:url\" content=\"https:\/\/piperspincasino.org\/it\/applicazione\/\" \/>\n<meta property=\"og:site_name\" content=\"piperspin\" \/>\n<meta property=\"article:modified_time\" content=\"2026-01-09T11:29:25+00:00\" \/>\n<meta name=\"twitter:card\" content=\"summary_large_image\" \/>\n<meta name=\"twitter:label1\" content=\"Est. reading time\" \/>\n\t<meta name=\"twitter:data1\" content=\"1 minute\" \/>\n<script type=\"application\/ld+json\" class=\"yoast-schema-graph\">{\"@context\":\"https:\\\/\\\/schema.org\",\"@graph\":[{\"@type\":\"WebPage\",\"@id\":\"https:\\\/\\\/piperspincasino.org\\\/it\\\/applicazione\\\/\",\"url\":\"https:\\\/\\\/piperspincasino.org\\\/it\\\/applicazione\\\/\",\"name\":\"Piperspin Casino App per iOS e Android\",\"isPartOf\":{\"@id\":\"https:\\\/\\\/piperspincasino.org\\\/it\\\/#website\"},\"datePublished\":\"2026-01-09T08:04:03+00:00\",\"dateModified\":\"2026-01-09T11:29:25+00:00\",\"description\":\"Scarica Piper Spin App per iOS, Android, Windows e macOS. Gioca ai giochi da casin\u00f2 ovunque con sincronizzazione dell'account, aggiornamenti frequenti e supporto in-app 24 ore su 24, 7 giorni su 7.\",\"breadcrumb\":{\"@id\":\"https:\\\/\\\/piperspincasino.org\\\/it\\\/applicazione\\\/#breadcrumb\"},\"inLanguage\":\"it-IT\",\"potentialAction\":[{\"@type\":\"ReadAction\",\"target\":[\"https:\\\/\\\/piperspincasino.org\\\/it\\\/applicazione\\\/\"]}]},{\"@type\":\"BreadcrumbList\",\"@id\":\"https:\\\/\\\/piperspincasino.org\\\/it\\\/applicazione\\\/#breadcrumb\",\"itemListElement\":[{\"@type\":\"ListItem\",\"position\":1,\"name\":\"Piperspin\",\"item\":\"https:\\\/\\\/piperspincasino.org\\\/it\\\/\"},{\"@type\":\"ListItem\",\"position\":2,\"name\":\"Applicazione\"}]},{\"@type\":\"WebSite\",\"@id\":\"https:\\\/\\\/piperspincasino.org\\\/it\\\/#website\",\"url\":\"https:\\\/\\\/piperspincasino.org\\\/it\\\/\",\"name\":\"Piperspin\",\"description\":\"\",\"publisher\":{\"@id\":\"https:\\\/\\\/piperspincasino.org\\\/it\\\/#organization\"},\"potentialAction\":[{\"@type\":\"SearchAction\",\"target\":{\"@type\":\"EntryPoint\",\"urlTemplate\":\"https:\\\/\\\/piperspincasino.org\\\/it\\\/?s={search_term_string}\"},\"query-input\":{\"@type\":\"PropertyValueSpecification\",\"valueRequired\":true,\"valueName\":\"search_term_string\"}}],\"inLanguage\":\"it-IT\"},{\"@type\":\"Organization\",\"@id\":\"https:\\\/\\\/piperspincasino.org\\\/it\\\/#organization\",\"name\":\"Piperspin\",\"url\":\"https:\\\/\\\/piperspincasino.org\\\/it\\\/\",\"logo\":{\"@type\":\"ImageObject\",\"inLanguage\":\"it-IT\",\"@id\":\"https:\\\/\\\/piperspincasino.org\\\/it\\\/#\\\/schema\\\/logo\\\/image\\\/\",\"url\":\"https:\\\/\\\/piperspincasino.org\\\/wp-content\\\/uploads\\\/2025\\\/04\\\/4ir4Uq6IWNCbsrt6V8kj.png\",\"contentUrl\":\"https:\\\/\\\/piperspincasino.org\\\/wp-content\\\/uploads\\\/2025\\\/04\\\/4ir4Uq6IWNCbsrt6V8kj.png\",\"width\":208,\"height\":49,\"caption\":\"Piperspin\"},\"image\":{\"@id\":\"https:\\\/\\\/piperspincasino.org\\\/it\\\/#\\\/schema\\\/logo\\\/image\\\/\"}}]}<\/script>\n<!-- \/ Yoast SEO plugin. -->","yoast_head_json":{"title":"Piperspin Casino App per iOS e Android","description":"Scarica Piper Spin App per iOS, Android, Windows e macOS. Gioca ai giochi da casin\u00f2 ovunque con sincronizzazione dell'account, aggiornamenti frequenti e supporto in-app 24 ore su 24, 7 giorni su 7.","robots":{"index":"index","follow":"follow","max-snippet":"max-snippet:-1","max-image-preview":"max-image-preview:large","max-video-preview":"max-video-preview:-1"},"canonical":"https:\/\/piperspincasino.org\/it\/applicazione\/","og_locale":"it_IT","og_type":"article","og_title":"Piperspin Casino App per iOS e Android","og_description":"Scarica Piper Spin App per iOS, Android, Windows e macOS. Gioca ai giochi da casin\u00f2 ovunque con sincronizzazione dell'account, aggiornamenti frequenti e supporto in-app 24 ore su 24, 7 giorni su 7.","og_url":"https:\/\/piperspincasino.org\/it\/applicazione\/","og_site_name":"piperspin","article_modified_time":"2026-01-09T11:29:25+00:00","twitter_card":"summary_large_image","twitter_misc":{"Est. reading time":"1 minute"},"schema":{"@context":"https:\/\/schema.org","@graph":[{"@type":"WebPage","@id":"https:\/\/piperspincasino.org\/it\/applicazione\/","url":"https:\/\/piperspincasino.org\/it\/applicazione\/","name":"Piperspin Casino App per iOS e Android","isPartOf":{"@id":"https:\/\/piperspincasino.org\/it\/#website"},"datePublished":"2026-01-09T08:04:03+00:00","dateModified":"2026-01-09T11:29:25+00:00","description":"Scarica Piper Spin App per iOS, Android, Windows e macOS. Gioca ai giochi da casin\u00f2 ovunque con sincronizzazione dell'account, aggiornamenti frequenti e supporto in-app 24 ore su 24, 7 giorni su 7.","breadcrumb":{"@id":"https:\/\/piperspincasino.org\/it\/applicazione\/#breadcrumb"},"inLanguage":"it-IT","potentialAction":[{"@type":"ReadAction","target":["https:\/\/piperspincasino.org\/it\/applicazione\/"]}]},{"@type":"BreadcrumbList","@id":"https:\/\/piperspincasino.org\/it\/applicazione\/#breadcrumb","itemListElement":[{"@type":"ListItem","position":1,"name":"Piperspin","item":"https:\/\/piperspincasino.org\/it\/"},{"@type":"ListItem","position":2,"name":"Applicazione"}]},{"@type":"WebSite","@id":"https:\/\/piperspincasino.org\/it\/#website","url":"https:\/\/piperspincasino.org\/it\/","name":"Piperspin","description":"","publisher":{"@id":"https:\/\/piperspincasino.org\/it\/#organization"},"potentialAction":[{"@type":"SearchAction","target":{"@type":"EntryPoint","urlTemplate":"https:\/\/piperspincasino.org\/it\/?s={search_term_string}"},"query-input":{"@type":"PropertyValueSpecification","valueRequired":true,"valueName":"search_term_string"}}],"inLanguage":"it-IT"},{"@type":"Organization","@id":"https:\/\/piperspincasino.org\/it\/#organization","name":"Piperspin","url":"https:\/\/piperspincasino.org\/it\/","logo":{"@type":"ImageObject","inLanguage":"it-IT","@id":"https:\/\/piperspincasino.org\/it\/#\/schema\/logo\/image\/","url":"https:\/\/piperspincasino.org\/wp-content\/uploads\/2025\/04\/4ir4Uq6IWNCbsrt6V8kj.png","contentUrl":"https:\/\/piperspincasino.org\/wp-content\/uploads\/2025\/04\/4ir4Uq6IWNCbsrt6V8kj.png","width":208,"height":49,"caption":"Piperspin"},"image":{"@id":"https:\/\/piperspincasino.org\/it\/#\/schema\/logo\/image\/"}}]}},"_links":{"self":[{"href":"https:\/\/piperspincasino.org\/it\/wp-json\/wp\/v2\/pages\/1437","targetHints":{"allow":["GET"]}}],"collection":[{"href":"https:\/\/piperspincasino.org\/it\/wp-json\/wp\/v2\/pages"}],"about":[{"href":"https:\/\/piperspincasino.org\/it\/wp-json\/wp\/v2\/types\/page"}],"author":[{"embeddable":true,"href":"https:\/\/piperspincasino.org\/it\/wp-json\/wp\/v2\/users\/1"}],"replies":[{"embeddable":true,"href":"https:\/\/piperspincasino.org\/it\/wp-json\/wp\/v2\/comments?post=1437"}],"version-history":[{"count":2,"href":"https:\/\/piperspincasino.org\/it\/wp-json\/wp\/v2\/pages\/1437\/revisions"}],"predecessor-version":[{"id":1800,"href":"https:\/\/piperspincasino.org\/it\/wp-json\/wp\/v2\/pages\/1437\/revisions\/1800"}],"wp:attachment":[{"href":"https:\/\/piperspincasino.org\/it\/wp-json\/wp\/v2\/media?parent=1437"}],"curies":[{"name":"wp","href":"https:\/\/api.w.org\/{rel}","templated":true}]}}