{"id":1486,"date":"2026-01-09T08:07:34","date_gmt":"2026-01-09T08:07:34","guid":{"rendered":"https:\/\/piperspincasino.org\/login-and-registration\/"},"modified":"2026-01-09T11:30:47","modified_gmt":"2026-01-09T11:30:47","slug":"accesso-e-registrazione","status":"publish","type":"page","link":"https:\/\/piperspincasino.org\/it\/accesso-e-registrazione\/","title":{"rendered":"Accesso e registrazione"},"content":{"rendered":"<h1>Accesso e registrazione a Piperspin<\/h1>\n<p>Il Piperspin login \u00e8 la tua porta d&#8217;accesso a un gioco ininterrotto e sicuro. Dopo la registrazione, gli utenti italiani possono effettuare il login per ricevere bonus, partecipare a tornei e giocare a pi\u00f9 di 6.000 giochi. La registrazione dell&#8217;account \u00e8 rapida e sicura grazie alle moderne tecnologie di sicurezza.<\/p>\n<p><div class=\"banner-wrap\" aria-label=\"Banner\"><img src=\"https:\/\/piperspincasino.org\/wp-content\/uploads\/2026\/01\/TOwKZNmxqjNhxfrdqEkN.webp\" class=\"w-100 d-none d-lg-block img-pc main-banner-img\" alt=\"Piperspin desktop banner\" fetchpriority=\"high\" decoding=\"async\"><img src=\"https:\/\/piperspincasino.org\/wp-content\/uploads\/2026\/01\/Piperspin-mobile-banner.webp\" class=\"w-100 d-none d-md-block d-lg-none main-banner-img\" alt=\"Piperspin mobile banner\" fetchpriority=\"high\" decoding=\"async\"><img src=\"https:\/\/piperspincasino.org\/wp-content\/uploads\/2026\/01\/Piperspin-mobile-banner.webp\" class=\"w-100 d-md-none\" alt=\"Piperspin mobile banner\" fetchpriority=\"high\" decoding=\"async\"><div class=\"banner-description\">\n<div class=\"banner-title\">Bonus di benvenuto<\/div>\n<p class=\"banner-header-title\">\u20ac1,500<\/p>\n<div class=\"banner-header-AdditionalText\">+ 250 Giri gratuiti<\/div>\n<button data-item=\"homepage_banner_link\" class=\"goto m-button m-gradient-border m-button--primary m-button--large banner-button btn-orange\">\n            <div class=\"m-button-content\">\n                <span>Iscriviti ora<\/span>\n                <span><\/span>\n            <\/div>\n        <\/button>\n<\/div>\n<div class=\"WelcomePack\">\n<p><img loading=\"lazy\" decoding=\"async\" class=\"alignnone size-full wp-image-1390\" src=\"https:\/\/piperspincasino.org\/wp-content\/uploads\/2026\/01\/welcome-crown.svg\" alt=\"crown\" width=\"25\" height=\"26\" \/><\/p>\n<div class=\"WelcomePack-Info\">Cashback settimanale fino al 25%<\/div>\n<p><img loading=\"lazy\" decoding=\"async\" class=\"alignnone size-full wp-image-1390\" src=\"https:\/\/piperspincasino.org\/wp-content\/uploads\/2026\/01\/welcome-crown.svg\" alt=\"crown\" width=\"25\" height=\"26\" \/><\/p>\n<\/div>\n<\/div><div class=\"scrollable-content-wrap my-5\"><div class=\"scrollable-content-inner\"><h2>Registrazione e creazione di un account con Piper Spin<\/h2>\n<p>Piper Spin Casino e tutte le sue funzionalit\u00e0 sono disponibili solo per gli utenti registrati. Creando un account potrai accedere al nostro intero ambiente di gioco in pochi minuti. Una volta registrati, i giocatori possono giocare con denaro reale, ricevere bonus, partecipare a tornei e gestire tutte le funzionalit\u00e0 del proprio account.<\/p>\n<p>Una volta effettuato l&#8217;accesso, potrai:<\/p>\n<ul>\n<li>Gioca a pi\u00f9 di 6.000 giochi<\/li>\n<li>Ricevi bonus<\/li>\n<li>Effettua depositi e prelievi di fondi<\/li>\n<li>Utilizza gli strumenti per il gioco responsabile<\/li>\n<li>Tieni traccia delle tue scommesse e della cronologia delle transazioni<\/li>\n<li>Gestisci le tue impostazioni<\/li>\n<\/ul>\n<h2>Impostazioni e funzionalit\u00e0 del tuo account<\/h2>\n<p>Creare un account \u00e8 facile. Basta seguire questi passaggi:<\/p>\n<ol>\n<li>Clicca sul pulsante &#8220;Registrati&#8221; nella home page.<\/li>\n<li>Inserisci il tuo indirizzo e-mail e crea una password sicura.<\/li>\n<li>Se hai un codice promozionale, aggiungilo.<\/li>\n<li>Conferma i Termini di utilizzo, l&#8217;Informativa sulla privacy e il limite di et\u00e0 (18+).<\/li>\n<li>Clicca su &#8220;Salva&#8221;.<\/li>\n<li>Attiva il tuo account tramite il link contenuto nell&#8217;e-mail inviata da Piperspin.<\/li>\n<\/ol>\n<h2>Come verificare il tuo account<\/h2>\n<p>Per garantire la sicurezza delle tue informazioni, devi verificare il tuo account Piperspin. Il completamento della procedura KYC (Know Your Customer) conferma la tua identit\u00e0. Il processo di verifica \u00e8 obbligatorio prima di prelevare fondi o ricevere bonus. Inoltre, la verifica aiuta a prevenire frodi e accessi non autorizzati.<\/p>\n<p>Documenti da fornire per la verifica:<\/p>\n<ul>\n<li>Documento d&#8217;identit\u00e0 rilasciato dal governo o passaporto<\/li>\n<li>Patente di guida<\/li>\n<li>Prova di residenza (bolletta, estratto conto bancario)<\/li>\n<li>Documenti relativi al conto bancario<\/li>\n<\/ul>\n<h3>Passaggi per verificare il tuo account<\/h3>\n<ol>\n<li>Assicurati di aver completato la procedura di accesso a Piperspin.<\/li>\n<li>Clicca su &#8220;Verifica account&#8221;.<\/li>\n<li>Carica i documenti richiesti.<\/li>\n<li>Attendi l&#8217;approvazione.<\/li>\n<\/ol>\n<p>Una volta approvata, potrai prelevare fondi e utilizzare tutti i bonus.<\/p>\n<h2>Come accedere a Piperspin<\/h2>\n<p>Il processo di login a Piperspin \u00e8 semplice e sicuro. Una volta effettuato il login, avrai accesso a tutte le funzionalit\u00e0 della piattaforma. Dopo aver effettuato l&#8217;accesso, potrai monitorare la tua cronologia di gioco, controllare le promozioni attive, gestire le impostazioni di gioco responsabile, partecipare ai tornei, girare la ruota della fortuna e prelevare le tue vincite. Il pannello di controllo del tuo account mostra le transazioni recenti. Qui potrai anche ricevere notifiche sugli aggiornamenti.<\/p>\n<h3>Passaggi per effettuare l&#8217;accesso<\/h3>\n<ol>\n<li>Clicca sul pulsante &#8220;Accedi&#8221; nella pagina principale.<\/li>\n<li>\u00a0Inserisci il tuo indirizzo e-mail e la password.<\/li>\n<li>Clicca nuovamente sulla scheda di accesso.<\/li>\n<\/ol>\n<p>Ora hai effettuato l&#8217;accesso al tuo account. Puoi ora andare al pannello di controllo per visualizzare le informazioni sulle caratteristiche del nostro casin\u00f2.<\/p>\n<h3>Recupero delle informazioni di accesso<\/h3>\n<p>Se hai dimenticato i tuoi dati di accesso o la password di Piperspin, \u00e8 facile riottenere l&#8217;accesso. Il tuo nome utente \u00e8 sempre l&#8217;indirizzo e-mail collegato al tuo account. Se hai dimenticato la password, puoi riottenere l&#8217;accesso in pochi minuti.<\/p>\n<p>Passaggi per recuperare l&#8217;accesso:<\/p>\n<ol>\n<li>Clicca sul pulsante &#8220;Accedi&#8221; nella homepage di Piperspin.<\/li>\n<li>Seleziona &#8220;Hai dimenticato la password?&#8221;.<\/li>\n<li>Inserisci il tuo indirizzo e-mail.<\/li>\n<li>Segui il link per reimpostare la tua password.<\/li>\n<li>Crea una nuova password.<\/li>\n<li>Accedi utilizzando le tue credenziali aggiornate.<\/li>\n<\/ol>\n<p>In caso di difficolt\u00e0 o domande, \u00e8 possibile contattare il nostro team di assistenza multilingue. \u00c8 possibile contattare l&#8217;assistenza 24 ore su 24, 7 giorni su 7, tramite live chat o e-mail.<\/p>\n<h2>Domande frequenti<\/h2>\n<h3>Come posso creare un nuovo account Piper Spin Casino?<\/h3>\n<p>Clicca sul pulsante &#8220;Registrati&#8221; nella homepage di Piperspin. Inserisci il tuo indirizzo e-mail e crea una password. Accetta i termini e le condizioni, le restrizioni di et\u00e0 e inserisci il codice promozionale. Conferma il tuo indirizzo e-mail tramite il link. Il tuo account \u00e8 ora pronto per l&#8217;uso.<\/p>\n<h3>Perch\u00e9 non riesco ad accedere al mio account Piperspin?<\/h3>\n<p>Assicurati che il tuo indirizzo e-mail e la tua password siano corretti. Se lo sono, controlla che il tuo account sia attivato. Se non funziona, prova a svuotare la cache del browser. Inoltre, puoi provare a utilizzare un dispositivo diverso. Se non funziona, contatta l&#8217;assistenza.<\/p>\n<h3>Quali informazioni devo fornire al momento della registrazione?<\/h3>\n<p>Per registrarti hai bisogno di un indirizzo email valido e di una password. Al momento della registrazione, conferma di avere pi\u00f9 di 18 anni e accetta i termini di utilizzo. Dopo la registrazione, attiva il tuo account utilizzando il link di conferma inviato alla tua email.<\/p>\n<h3>Posso usare lo stesso account per accedere dal mio telefono e dal mio computer?<\/h3>\n<p>S\u00ec, il tuo account Piper Spin funziona su tutti i dispositivi. Accedi con il tuo nome utente e la tua password. Il tuo saldo, i tuoi progressi e le tue impostazioni vengono sincronizzati automaticamente su qualsiasi dispositivo nel tuo browser o nella tua app.<\/p>\n<h3>Posso partecipare a tornei e promozioni utilizzando l&#8217;app mobile?<\/h3>\n<p>S\u00ec, tutti i tornei, le attivit\u00e0 e le altre promozioni sono disponibili tramite l&#8217;app mobile Piperspin. Puoi partecipare alle competizioni e ricevere i premi direttamente dall&#8217;app sul tuo dispositivo. L&#8217;app dispone di una funzione di notifica che ti aiuta a tenere traccia dei tuoi progressi e degli aggiornamenti.<\/p>\n<\/div><\/div><\/p>\n","protected":false},"excerpt":{"rendered":"<p>Accesso e registrazione a Piperspin Il Piperspin login \u00e8 la tua porta d&#8217;accesso a un gioco ininterrotto e sicuro. Dopo la registrazione, gli utenti italiani possono effettuare il login per ricevere bonus, partecipare a tornei e giocare a pi\u00f9 di 6.000 giochi. La registrazione dell&#8217;account \u00e8 rapida e sicura grazie alle moderne tecnologie di sicurezza.<\/p>\n","protected":false},"author":1,"featured_media":0,"parent":0,"menu_order":0,"comment_status":"closed","ping_status":"closed","template":"template-builder.php","meta":{"_acf_changed":false,"inline_featured_image":false,"footnotes":""},"class_list":["post-1486","page","type-page","status-publish","hentry"],"acf":[],"yoast_head":"<!-- This site is optimized with the Yoast SEO plugin v27.3 - https:\/\/yoast.com\/product\/yoast-seo-wordpress\/ -->\n<title>Piperspin Login | Accedi o crea un account<\/title>\n<meta name=\"description\" content=\"Gestisci il tuo conto casin\u00f2 con Piper Spin login o registrati come nuovo utente. Controlla il saldo bonus, monitora il gioco, gestisci la verifica e i pagamenti.\" \/>\n<meta name=\"robots\" content=\"index, follow, max-snippet:-1, max-image-preview:large, max-video-preview:-1\" \/>\n<link rel=\"canonical\" href=\"https:\/\/piperspincasino.org\/it\/accesso-e-registrazione\/\" \/>\n<meta property=\"og:locale\" content=\"it_IT\" \/>\n<meta property=\"og:type\" content=\"article\" \/>\n<meta property=\"og:title\" content=\"Piperspin Login | Accedi o crea un account\" \/>\n<meta property=\"og:description\" content=\"Gestisci il tuo conto casin\u00f2 con Piper Spin login o registrati come nuovo utente. Controlla il saldo bonus, monitora il gioco, gestisci la verifica e i pagamenti.\" \/>\n<meta property=\"og:url\" content=\"https:\/\/piperspincasino.org\/it\/accesso-e-registrazione\/\" \/>\n<meta property=\"og:site_name\" content=\"piperspin\" \/>\n<meta property=\"article:modified_time\" content=\"2026-01-09T11:30:47+00:00\" \/>\n<meta name=\"twitter:card\" content=\"summary_large_image\" \/>\n<meta name=\"twitter:label1\" content=\"Est. reading time\" \/>\n\t<meta name=\"twitter:data1\" content=\"1 minute\" \/>\n<script type=\"application\/ld+json\" class=\"yoast-schema-graph\">{\"@context\":\"https:\\\/\\\/schema.org\",\"@graph\":[{\"@type\":\"WebPage\",\"@id\":\"https:\\\/\\\/piperspincasino.org\\\/it\\\/accesso-e-registrazione\\\/\",\"url\":\"https:\\\/\\\/piperspincasino.org\\\/it\\\/accesso-e-registrazione\\\/\",\"name\":\"Piperspin Login | Accedi o crea un account\",\"isPartOf\":{\"@id\":\"https:\\\/\\\/piperspincasino.org\\\/it\\\/#website\"},\"datePublished\":\"2026-01-09T08:07:34+00:00\",\"dateModified\":\"2026-01-09T11:30:47+00:00\",\"description\":\"Gestisci il tuo conto casin\u00f2 con Piper Spin login o registrati come nuovo utente. Controlla il saldo bonus, monitora il gioco, gestisci la verifica e i pagamenti.\",\"breadcrumb\":{\"@id\":\"https:\\\/\\\/piperspincasino.org\\\/it\\\/accesso-e-registrazione\\\/#breadcrumb\"},\"inLanguage\":\"it-IT\",\"potentialAction\":[{\"@type\":\"ReadAction\",\"target\":[\"https:\\\/\\\/piperspincasino.org\\\/it\\\/accesso-e-registrazione\\\/\"]}]},{\"@type\":\"BreadcrumbList\",\"@id\":\"https:\\\/\\\/piperspincasino.org\\\/it\\\/accesso-e-registrazione\\\/#breadcrumb\",\"itemListElement\":[{\"@type\":\"ListItem\",\"position\":1,\"name\":\"Piperspin\",\"item\":\"https:\\\/\\\/piperspincasino.org\\\/it\\\/\"},{\"@type\":\"ListItem\",\"position\":2,\"name\":\"Accesso e registrazione\"}]},{\"@type\":\"WebSite\",\"@id\":\"https:\\\/\\\/piperspincasino.org\\\/it\\\/#website\",\"url\":\"https:\\\/\\\/piperspincasino.org\\\/it\\\/\",\"name\":\"Piperspin\",\"description\":\"\",\"publisher\":{\"@id\":\"https:\\\/\\\/piperspincasino.org\\\/it\\\/#organization\"},\"potentialAction\":[{\"@type\":\"SearchAction\",\"target\":{\"@type\":\"EntryPoint\",\"urlTemplate\":\"https:\\\/\\\/piperspincasino.org\\\/it\\\/?s={search_term_string}\"},\"query-input\":{\"@type\":\"PropertyValueSpecification\",\"valueRequired\":true,\"valueName\":\"search_term_string\"}}],\"inLanguage\":\"it-IT\"},{\"@type\":\"Organization\",\"@id\":\"https:\\\/\\\/piperspincasino.org\\\/it\\\/#organization\",\"name\":\"Piperspin\",\"url\":\"https:\\\/\\\/piperspincasino.org\\\/it\\\/\",\"logo\":{\"@type\":\"ImageObject\",\"inLanguage\":\"it-IT\",\"@id\":\"https:\\\/\\\/piperspincasino.org\\\/it\\\/#\\\/schema\\\/logo\\\/image\\\/\",\"url\":\"https:\\\/\\\/piperspincasino.org\\\/wp-content\\\/uploads\\\/2025\\\/04\\\/4ir4Uq6IWNCbsrt6V8kj.png\",\"contentUrl\":\"https:\\\/\\\/piperspincasino.org\\\/wp-content\\\/uploads\\\/2025\\\/04\\\/4ir4Uq6IWNCbsrt6V8kj.png\",\"width\":208,\"height\":49,\"caption\":\"Piperspin\"},\"image\":{\"@id\":\"https:\\\/\\\/piperspincasino.org\\\/it\\\/#\\\/schema\\\/logo\\\/image\\\/\"}}]}<\/script>\n<!-- \/ Yoast SEO plugin. -->","yoast_head_json":{"title":"Piperspin Login | Accedi o crea un account","description":"Gestisci il tuo conto casin\u00f2 con Piper Spin login o registrati come nuovo utente. Controlla il saldo bonus, monitora il gioco, gestisci la verifica e i pagamenti.","robots":{"index":"index","follow":"follow","max-snippet":"max-snippet:-1","max-image-preview":"max-image-preview:large","max-video-preview":"max-video-preview:-1"},"canonical":"https:\/\/piperspincasino.org\/it\/accesso-e-registrazione\/","og_locale":"it_IT","og_type":"article","og_title":"Piperspin Login | Accedi o crea un account","og_description":"Gestisci il tuo conto casin\u00f2 con Piper Spin login o registrati come nuovo utente. Controlla il saldo bonus, monitora il gioco, gestisci la verifica e i pagamenti.","og_url":"https:\/\/piperspincasino.org\/it\/accesso-e-registrazione\/","og_site_name":"piperspin","article_modified_time":"2026-01-09T11:30:47+00:00","twitter_card":"summary_large_image","twitter_misc":{"Est. reading time":"1 minute"},"schema":{"@context":"https:\/\/schema.org","@graph":[{"@type":"WebPage","@id":"https:\/\/piperspincasino.org\/it\/accesso-e-registrazione\/","url":"https:\/\/piperspincasino.org\/it\/accesso-e-registrazione\/","name":"Piperspin Login | Accedi o crea un account","isPartOf":{"@id":"https:\/\/piperspincasino.org\/it\/#website"},"datePublished":"2026-01-09T08:07:34+00:00","dateModified":"2026-01-09T11:30:47+00:00","description":"Gestisci il tuo conto casin\u00f2 con Piper Spin login o registrati come nuovo utente. Controlla il saldo bonus, monitora il gioco, gestisci la verifica e i pagamenti.","breadcrumb":{"@id":"https:\/\/piperspincasino.org\/it\/accesso-e-registrazione\/#breadcrumb"},"inLanguage":"it-IT","potentialAction":[{"@type":"ReadAction","target":["https:\/\/piperspincasino.org\/it\/accesso-e-registrazione\/"]}]},{"@type":"BreadcrumbList","@id":"https:\/\/piperspincasino.org\/it\/accesso-e-registrazione\/#breadcrumb","itemListElement":[{"@type":"ListItem","position":1,"name":"Piperspin","item":"https:\/\/piperspincasino.org\/it\/"},{"@type":"ListItem","position":2,"name":"Accesso e registrazione"}]},{"@type":"WebSite","@id":"https:\/\/piperspincasino.org\/it\/#website","url":"https:\/\/piperspincasino.org\/it\/","name":"Piperspin","description":"","publisher":{"@id":"https:\/\/piperspincasino.org\/it\/#organization"},"potentialAction":[{"@type":"SearchAction","target":{"@type":"EntryPoint","urlTemplate":"https:\/\/piperspincasino.org\/it\/?s={search_term_string}"},"query-input":{"@type":"PropertyValueSpecification","valueRequired":true,"valueName":"search_term_string"}}],"inLanguage":"it-IT"},{"@type":"Organization","@id":"https:\/\/piperspincasino.org\/it\/#organization","name":"Piperspin","url":"https:\/\/piperspincasino.org\/it\/","logo":{"@type":"ImageObject","inLanguage":"it-IT","@id":"https:\/\/piperspincasino.org\/it\/#\/schema\/logo\/image\/","url":"https:\/\/piperspincasino.org\/wp-content\/uploads\/2025\/04\/4ir4Uq6IWNCbsrt6V8kj.png","contentUrl":"https:\/\/piperspincasino.org\/wp-content\/uploads\/2025\/04\/4ir4Uq6IWNCbsrt6V8kj.png","width":208,"height":49,"caption":"Piperspin"},"image":{"@id":"https:\/\/piperspincasino.org\/it\/#\/schema\/logo\/image\/"}}]}},"_links":{"self":[{"href":"https:\/\/piperspincasino.org\/it\/wp-json\/wp\/v2\/pages\/1486","targetHints":{"allow":["GET"]}}],"collection":[{"href":"https:\/\/piperspincasino.org\/it\/wp-json\/wp\/v2\/pages"}],"about":[{"href":"https:\/\/piperspincasino.org\/it\/wp-json\/wp\/v2\/types\/page"}],"author":[{"embeddable":true,"href":"https:\/\/piperspincasino.org\/it\/wp-json\/wp\/v2\/users\/1"}],"replies":[{"embeddable":true,"href":"https:\/\/piperspincasino.org\/it\/wp-json\/wp\/v2\/comments?post=1486"}],"version-history":[{"count":2,"href":"https:\/\/piperspincasino.org\/it\/wp-json\/wp\/v2\/pages\/1486\/revisions"}],"predecessor-version":[{"id":1802,"href":"https:\/\/piperspincasino.org\/it\/wp-json\/wp\/v2\/pages\/1486\/revisions\/1802"}],"wp:attachment":[{"href":"https:\/\/piperspincasino.org\/it\/wp-json\/wp\/v2\/media?parent=1486"}],"curies":[{"name":"wp","href":"https:\/\/api.w.org\/{rel}","templated":true}]}}