{"id":1439,"date":"2026-01-09T08:04:03","date_gmt":"2026-01-09T08:04:03","guid":{"rendered":"https:\/\/piperspincasino.org\/app\/"},"modified":"2026-01-09T11:54:36","modified_gmt":"2026-01-09T11:54:36","slug":"aplikacja","status":"publish","type":"page","link":"https:\/\/piperspincasino.org\/pl\/aplikacja\/","title":{"rendered":"Aplikacja"},"content":{"rendered":"<h1>Aplikacja mobilna Piperspin<\/h1>\n<p>Piperspin app zapewnia polskim graczom szybki dost\u0119p do wszystkich funkcji naszego kasyna na urz\u0105dzeniach mobilnych. Oprogramowanie zosta\u0142o zaprojektowane z zachowaniem takiej samej wydajno\u015bci i mo\u017cliwo\u015bci jak wersja na komputery stacjonarne. Aplikacja Piperspin szybko \u0142aduje gry i wszystkie sekcje platformy w dowolnym momencie. Wszystkie funkcje s\u0105 zoptymalizowane pod k\u0105tem sterowania dotykowego na ekranach o dowolnym rozmiarze.<\/p>\n<p><div class=\"banner-wrap\" aria-label=\"Banner\"><img src=\"https:\/\/piperspincasino.org\/wp-content\/uploads\/2026\/01\/TOwKZNmxqjNhxfrdqEkN.webp\" class=\"w-100 d-none d-lg-block img-pc main-banner-img\" alt=\"Piperspin desktop banner\" fetchpriority=\"high\" decoding=\"async\"><img src=\"https:\/\/piperspincasino.org\/wp-content\/uploads\/2026\/01\/Piperspin-mobile-banner.webp\" class=\"w-100 d-none d-md-block d-lg-none main-banner-img\" alt=\"Piperspin mobile banner\" fetchpriority=\"high\" decoding=\"async\"><img src=\"https:\/\/piperspincasino.org\/wp-content\/uploads\/2026\/01\/Piperspin-mobile-banner.webp\" class=\"w-100 d-md-none\" alt=\"Piperspin mobile banner\" fetchpriority=\"high\" decoding=\"async\"><div class=\"banner-description\">\n<div class=\"banner-title\">Bonusy powitalne<\/div>\n<p class=\"banner-header-title\">\u20ac1,500<\/p>\n<div class=\"banner-header-AdditionalText\">+ 250 Darmowe spiny<\/div>\n<button data-item=\"homepage_banner_link\" class=\"goto m-button m-gradient-border m-button--primary m-button--large banner-button btn-orange\">\n            <div class=\"m-button-content\">\n                <span>Zarejestruj si\u0119 teraz<\/span>\n                <span><\/span>\n            <\/div>\n        <\/button>\n<\/div>\n<div class=\"WelcomePack\">\n<p><img loading=\"lazy\" decoding=\"async\" class=\"alignnone size-full wp-image-1390\" src=\"https:\/\/piperspincasino.org\/wp-content\/uploads\/2026\/01\/welcome-crown.svg\" alt=\"crown\" width=\"25\" height=\"26\" \/><\/p>\n<div class=\"WelcomePack-Info\">Cotygodniowy zwrot got\u00f3wki do 25%<\/div>\n<p><img loading=\"lazy\" decoding=\"async\" class=\"alignnone size-full wp-image-1390\" src=\"https:\/\/piperspincasino.org\/wp-content\/uploads\/2026\/01\/welcome-crown.svg\" alt=\"crown\" width=\"25\" height=\"26\" \/><\/p>\n<\/div>\n<\/div><div class=\"scrollable-content-wrap my-5\"><div class=\"scrollable-content-inner\"><h2>Aplikacja Piper Spin dla system\u00f3w Windows i Mac<\/h2>\n<p>Aplikacja Piperspin dla system\u00f3w Windows i Mac zosta\u0142a zaprojektowana z my\u015bl\u0105 o szybkim dost\u0119pie do pulpitu bez konieczno\u015bci skomplikowanej instalacji. Nasza aplikacja internetowa uruchamia si\u0119 na pulpicie i dzia\u0142a jako samodzielna aplikacja. U\u017cytkownicy system\u00f3w Windows i macOS mog\u0105 jednym klikni\u0119ciem utworzy\u0107 skr\u00f3t na naszej stronie internetowej. Dzi\u0119ki skr\u00f3towi nasza platforma b\u0119dzie dzia\u0142a\u0107 jak aplikacja desktopowa.<\/p>\n<p>Interfejs automatycznie dostosowuje si\u0119 do rozdzielczo\u015bci ekranu i dzia\u0142a p\u0142ynnie. Wszystkie funkcje kasyna Piperspin s\u0105 dost\u0119pne w aplikacji: gry, p\u0142atno\u015bci, bonusy i ustawienia konta. Aby zainstalowa\u0107 aplikacj\u0119 szybkiego dost\u0119pu na komputerze, wystarczy przej\u015b\u0107 do strony internetowej Piperspin w przegl\u0105darce i znale\u017a\u0107 funkcj\u0119 \u201eutw\u00f3rz skr\u00f3t\u201d w ustawieniach strony. Oprogramowanie komputerowe jest teraz gotowe do u\u017cycia.<\/p>\n<p><img loading=\"lazy\" decoding=\"async\" src=\"https:\/\/piperspincasino.org\/wp-content\/uploads\/2026\/01\/Piperspin-Desktop.webp\" alt=\"Piperspin Desktop\" width=\"1248\" height=\"536\" \/><\/p>\n<\/div><\/div><div style=\"clear: both\"><\/div><div class=\"d-flex justify-content-center\"><button data-item=\"decouvrez_link\" data-group=\"website_links\" class=\"goto fw-bold rounded-pill btn btn-orange\" aria-label=\"Pobierz aplikacj\u0119 Piperspin\" >Pobierz aplikacj\u0119 Piperspin<\/button><\/div><div class=\"scrollable-content-wrap my-5\"><div class=\"scrollable-content-inner\"><h2>Aplikacja na Androida do grania w podr\u00f3\u017cy<\/h2>\n<p>Aplikacja Piperspin na Androida jest progresywn\u0105 aplikacj\u0105 internetow\u0105 (PWA). Mo\u017cesz zainstalowa\u0107 nasz\u0105 aplikacj\u0119 PWA bez pobierania czegokolwiek ze sklep\u00f3w. Oprogramowanie jest instalowane z przegl\u0105darki i dzia\u0142a jak standardowa aplikacja mobilna. PWA zapewnia pe\u0142ny dost\u0119p do gier, bonus\u00f3w, p\u0142atno\u015bci i narz\u0119dzi do zarz\u0105dzania kontem. PWA ma tak\u0105 sam\u0105 funkcjonalno\u015b\u0107 jak platforma desktopowa. Interfejs jest zoptymalizowany pod k\u0105tem sterowania dotykowego, szybko si\u0119 \u0142aduje i dostosowuje si\u0119 do ka\u017cdego ekranu z systemem Android. Automatyczne aktualizacje pozwalaj\u0105 zawsze korzysta\u0107 z najnowszej wersji bez konieczno\u015bci r\u0119cznej instalacji. Ten format pozwala zaoszcz\u0119dzi\u0107 miejsce i dzia\u0142a bez zak\u0142\u00f3ce\u0144.<\/p>\n<h3>Zainstaluj APK dla Androida<\/h3>\n<p>Instalacja naszej aplikacji na Androida jest prosta. Oto, co nale\u017cy zrobi\u0107:<\/p>\n<ol>\n<li>Otw\u00f3rz nasz\u0105 oficjaln\u0105 stron\u0119 internetow\u0105 w przegl\u0105darce.<\/li>\n<li>Na dole strony g\u0142\u00f3wnej znajd\u017a przycisk \u201eAplikacja kasyna\u201d.<\/li>\n<li>Kliknij \u201eZainstaluj\u201d.<\/li>\n<li>Aplikacja zostanie dodana do ekranu g\u0142\u00f3wnego.<\/li>\n<\/ol>\n<p><img loading=\"lazy\" decoding=\"async\" src=\"https:\/\/piperspincasino.org\/wp-content\/uploads\/2026\/01\/Piperspin-Android-App.webp\" alt=\"Piperspin Android App\" width=\"1248\" height=\"536\" \/><\/p>\n<\/div><\/div><div style=\"clear: both\"><\/div><div class=\"d-flex justify-content-center\"><button data-item=\"decouvrez_link\" data-group=\"website_links\" class=\"goto fw-bold rounded-pill btn btn-orange\" aria-label=\"Pobierz Piperspin\" >Pobierz Piperspin<\/button><\/div><div class=\"scrollable-content-wrap my-5\"><div class=\"scrollable-content-inner\"><h2>Aplikacja dla urz\u0105dze\u0144 z systemem iOS<\/h2>\n<p>Oprogramowanie Piperspin na iOS jest dost\u0119pne w przegl\u0105darce, wi\u0119c nie musisz go szuka\u0107 w App Store. Mo\u017cna je pobra\u0107 bezpo\u015brednio z komputera. Posiada te same narz\u0119dzia, co aplikacja na komputery stacjonarne i mo\u017ce by\u0107 u\u017cywane w Internecie. Jego konstrukcja doskonale sprawdza si\u0119 na ekranach iPhone&#8217;\u00f3w i iPad\u00f3w, a ponadto szybko si\u0119 \u0142aduje. W aplikacji na iOS gracze mog\u0105 uzyska\u0107 dost\u0119p do gier, zarz\u0105dza\u0107 kontami i korzysta\u0107 ze wszystkich innych funkcji kasyna. Po zainstalowaniu naszego oprogramowania mo\u017cna otrzymywa\u0107 powiadomienia o nowych promocjach, bonusach przyznanych na konto i nie tylko. Aplikacja uruchamia si\u0119 z ekranu g\u0142\u00f3wnego i szybko \u0142aduje wszystkie gry i funkcje.<\/p>\n<h3>Pobierz aplikacj\u0119 na iOS<\/h3>\n<ol>\n<li>Otw\u00f3rz nasz\u0105 oficjaln\u0105 stron\u0119 internetow\u0105 w przegl\u0105darce Safari.<\/li>\n<li>Naci\u015bnij ikon\u0119 udost\u0119pniania na dole.<\/li>\n<li>Wybierz opcj\u0119 \u201eDodaj do ekranu g\u0142\u00f3wnego\u201d z menu.<\/li>\n<li>Potwierd\u017a i kliknij \u201eDodaj\u201d.<\/li>\n<\/ol>\n<p><img loading=\"lazy\" decoding=\"async\" src=\"https:\/\/piperspincasino.org\/wp-content\/uploads\/2026\/01\/Piperspin-iOS-App.webp\" alt=\"Piperspin iOS App\" width=\"1248\" height=\"536\" \/><\/p>\n<\/div><\/div><div style=\"clear: both\"><\/div><div class=\"d-flex justify-content-center\"><button data-item=\"decouvrez_link\" data-group=\"website_links\" class=\"goto fw-bold rounded-pill btn btn-orange\" aria-label=\"Pobierz aplikacj\u0119 Piperspin\" >Pobierz aplikacj\u0119 Piperspin<\/button><\/div><\/p>\n<h2>Korzy\u015bci p\u0142yn\u0105ce z aplikacji mobilnej Piperspin<\/h2>\n<p>Aplikacja Piperspin zosta\u0142a zaprojektowana z my\u015bl\u0105 o codziennej wygodzie u\u017cytkowania. Oferuje funkcje kasyna w formacie szybko si\u0119 \u0142aduj\u0105cym, przeznaczonym do u\u017cytku mobilnego. Wersja na komputery PC ma wi\u0119kszy ekran, ale aplikacja mobilna zosta\u0142a zaprojektowana tak, aby by\u0142a szybka i \u0142atwa w u\u017cyciu od razu po uruchomieniu. Oba rozwi\u0105zania s\u0105 bezpieczne i oferuj\u0105 wszystkie funkcje, kt\u00f3rych mo\u017cna oczekiwa\u0107.<\/p>\n<table>\n<tbody>\n<tr>\n<td>Wygl\u0105d<\/td>\n<td>Aplikacja mobilna<\/td>\n<td>Wersja na komputery PC<\/td>\n<\/tr>\n<tr>\n<td>Dost\u0119p<\/td>\n<td>Uruchamia si\u0119 natychmiast<\/td>\n<td>Wymaga otwarcia przegl\u0105darki<\/td>\n<\/tr>\n<tr>\n<td>Mobilno\u015b\u0107<\/td>\n<td>Dost\u0119pne wsz\u0119dzie<\/td>\n<td>Ograniczone do komputer\u00f3w stacjonarnych lub laptop\u00f3w<\/td>\n<\/tr>\n<tr>\n<td>Nawigacja<\/td>\n<td>Zoptymalizowany pod k\u0105tem obs\u0142ugi dotykowej i usprawniony<\/td>\n<td>Bardziej szczeg\u00f3\u0142owy uk\u0142ad oparty na myszy<\/td>\n<\/tr>\n<tr>\n<td>Powiadomienia<\/td>\n<td>Powiadomienia push o aktualizacjach<\/td>\n<td>Aktualizacje s\u0105 widoczne dopiero po zalogowaniu si\u0119.<\/td>\n<\/tr>\n<tr>\n<td>Szybko\u015b\u0107 logowania<\/td>\n<td>Szybszy dost\u0119p<\/td>\n<td>Standardowe logowanie przy ka\u017cdej sesji<\/td>\n<\/tr>\n<tr>\n<td>Do\u015bwiadczenie ekranowe<\/td>\n<td>Kompaktowa rozgrywka<\/td>\n<td>Wi\u0119kszy ekran dla d\u0142u\u017cszych sesji<\/td>\n<\/tr>\n<\/tbody>\n<\/table>\n<div class=\"scrollable-content-wrap my-5\"><div class=\"scrollable-content-inner\"><h2>Cz\u0119sto zadawane pytania<\/h2>\n<h3>Jak pobra\u0107 i zainstalowa\u0107 aplikacj\u0119 Piper Spin Casino?<\/h3>\n<p>Otw\u00f3rz oficjaln\u0105 stron\u0119 internetow\u0105 Piper Spin w przegl\u0105darce mobilnej. Naci\u015bnij przycisk \u201eAplikacja kasyna\u201d i potwierd\u017a instalacj\u0119. Znajduje si\u0119 on na dole strony g\u0142\u00f3wnej. Aplikacja zostanie dodana do ekranu g\u0142\u00f3wnego w ci\u0105gu kilku sekund. Nie s\u0105 wymagane \u017cadne dodatkowe pliki do pobrania ani instalacje.<\/p>\n<h3>Czy mog\u0119 zsynchronizowa\u0107 moje konto i post\u0119py w grze na r\u00f3\u017cnych urz\u0105dzeniach?<\/h3>\n<p>Tak, jedno konto dzia\u0142a na wszystkich urz\u0105dzeniach. Zaloguj si\u0119 przy u\u017cyciu swojej nazwy u\u017cytkownika i has\u0142a na urz\u0105dzeniu mobilnym lub komputerze. Twoje saldo, bonusy, ustawienia i post\u0119py w grze s\u0105 synchronizowane na wszystkich platformach.<\/p>\n<h3>Czy aplikacja Piper Spin jest bezpieczna dla transakcji z prawdziwymi pieni\u0119dzmi i danych osobowych?<\/h3>\n<p>Tak, aplikacja korzysta z szyfrowanych po\u0142\u0105cze\u0144 i bezpiecznych protoko\u0142\u00f3w. Wszystkie p\u0142atno\u015bci i dane osobowe s\u0105 chronione. Opr\u00f3cz szyfrowania stosujemy protoko\u0142y weryfikacyjne i r\u0119czne kontrole wyp\u0142at. Te same standardy bezpiecze\u0144stwa obowi\u0105zuj\u0105 zar\u00f3wno w aplikacji mobilnej, jak i na platformie komputerowej.<\/p>\n<h3>Co nale\u017cy zrobi\u0107, je\u015bli podczas korzystania z aplikacji napotkam problem lub potrzebuj\u0119 pomocy?<\/h3>\n<p>Skontaktuj si\u0119 z pomoc\u0105 techniczn\u0105 bezpo\u015brednio z aplikacji lub przegl\u0105darki. Czat online i poczta elektroniczna s\u0105 dost\u0119pne przez ca\u0142y czas. Pomoc techniczna szybko odpowiada i pomaga w przypadku wszelkich pyta\u0144. Nasza pomoc techniczna jest dost\u0119pna w kilku j\u0119zykach.<\/p>\n<\/div><\/div>\n","protected":false},"excerpt":{"rendered":"<p>Aplikacja mobilna Piperspin Piperspin app zapewnia polskim graczom szybki dost\u0119p do wszystkich funkcji naszego kasyna na urz\u0105dzeniach mobilnych. Oprogramowanie zosta\u0142o zaprojektowane z zachowaniem takiej samej wydajno\u015bci i mo\u017cliwo\u015bci jak wersja na komputery stacjonarne. Aplikacja Piperspin szybko \u0142aduje gry i wszystkie sekcje platformy w dowolnym momencie. Wszystkie funkcje s\u0105 zoptymalizowane pod k\u0105tem sterowania dotykowego na ekranach [&hellip;]<\/p>\n","protected":false},"author":1,"featured_media":0,"parent":0,"menu_order":0,"comment_status":"closed","ping_status":"closed","template":"template-builder.php","meta":{"_acf_changed":false,"inline_featured_image":false,"footnotes":""},"class_list":["post-1439","page","type-page","status-publish","hentry"],"acf":[],"yoast_head":"<!-- This site is optimized with the Yoast SEO plugin v27.3 - https:\/\/yoast.com\/product\/yoast-seo-wordpress\/ -->\n<title>Piperspin Casino App na iOS i Androida<\/title>\n<meta name=\"description\" content=\"Pobierz Piper Spin App na iOS, Androida, Windowsa i macOS. Graj w gry kasynowe w dowolnym miejscu dzi\u0119ki synchronizacji konta, cz\u0119stym aktualizacjom i ca\u0142odobowej pomocy technicznej w aplikacji.\" \/>\n<meta name=\"robots\" content=\"index, follow, max-snippet:-1, max-image-preview:large, max-video-preview:-1\" \/>\n<link rel=\"canonical\" href=\"https:\/\/piperspincasino.org\/pl\/aplikacja\/\" \/>\n<meta property=\"og:locale\" content=\"pl_PL\" \/>\n<meta property=\"og:type\" content=\"article\" \/>\n<meta property=\"og:title\" content=\"Piperspin Casino App na iOS i Androida\" \/>\n<meta property=\"og:description\" content=\"Pobierz Piper Spin App na iOS, Androida, Windowsa i macOS. Graj w gry kasynowe w dowolnym miejscu dzi\u0119ki synchronizacji konta, cz\u0119stym aktualizacjom i ca\u0142odobowej pomocy technicznej w aplikacji.\" \/>\n<meta property=\"og:url\" content=\"https:\/\/piperspincasino.org\/pl\/aplikacja\/\" \/>\n<meta property=\"og:site_name\" content=\"piperspin\" \/>\n<meta property=\"article:modified_time\" content=\"2026-01-09T11:54:36+00:00\" \/>\n<meta name=\"twitter:card\" content=\"summary_large_image\" \/>\n<meta name=\"twitter:label1\" content=\"Est. reading time\" \/>\n\t<meta name=\"twitter:data1\" content=\"1 minute\" \/>\n<script type=\"application\/ld+json\" class=\"yoast-schema-graph\">{\"@context\":\"https:\\\/\\\/schema.org\",\"@graph\":[{\"@type\":\"WebPage\",\"@id\":\"https:\\\/\\\/piperspincasino.org\\\/pl\\\/aplikacja\\\/\",\"url\":\"https:\\\/\\\/piperspincasino.org\\\/pl\\\/aplikacja\\\/\",\"name\":\"Piperspin Casino App na iOS i Androida\",\"isPartOf\":{\"@id\":\"https:\\\/\\\/piperspincasino.org\\\/pl\\\/#website\"},\"datePublished\":\"2026-01-09T08:04:03+00:00\",\"dateModified\":\"2026-01-09T11:54:36+00:00\",\"description\":\"Pobierz Piper Spin App na iOS, Androida, Windowsa i macOS. Graj w gry kasynowe w dowolnym miejscu dzi\u0119ki synchronizacji konta, cz\u0119stym aktualizacjom i ca\u0142odobowej pomocy technicznej w aplikacji.\",\"breadcrumb\":{\"@id\":\"https:\\\/\\\/piperspincasino.org\\\/pl\\\/aplikacja\\\/#breadcrumb\"},\"inLanguage\":\"pl-PL\",\"potentialAction\":[{\"@type\":\"ReadAction\",\"target\":[\"https:\\\/\\\/piperspincasino.org\\\/pl\\\/aplikacja\\\/\"]}]},{\"@type\":\"BreadcrumbList\",\"@id\":\"https:\\\/\\\/piperspincasino.org\\\/pl\\\/aplikacja\\\/#breadcrumb\",\"itemListElement\":[{\"@type\":\"ListItem\",\"position\":1,\"name\":\"Piperspin\",\"item\":\"https:\\\/\\\/piperspincasino.org\\\/pl\\\/\"},{\"@type\":\"ListItem\",\"position\":2,\"name\":\"Aplikacja\"}]},{\"@type\":\"WebSite\",\"@id\":\"https:\\\/\\\/piperspincasino.org\\\/pl\\\/#website\",\"url\":\"https:\\\/\\\/piperspincasino.org\\\/pl\\\/\",\"name\":\"Piperspin\",\"description\":\"\",\"publisher\":{\"@id\":\"https:\\\/\\\/piperspincasino.org\\\/pl\\\/#organization\"},\"potentialAction\":[{\"@type\":\"SearchAction\",\"target\":{\"@type\":\"EntryPoint\",\"urlTemplate\":\"https:\\\/\\\/piperspincasino.org\\\/pl\\\/?s={search_term_string}\"},\"query-input\":{\"@type\":\"PropertyValueSpecification\",\"valueRequired\":true,\"valueName\":\"search_term_string\"}}],\"inLanguage\":\"pl-PL\"},{\"@type\":\"Organization\",\"@id\":\"https:\\\/\\\/piperspincasino.org\\\/pl\\\/#organization\",\"name\":\"Piperspin\",\"url\":\"https:\\\/\\\/piperspincasino.org\\\/pl\\\/\",\"logo\":{\"@type\":\"ImageObject\",\"inLanguage\":\"pl-PL\",\"@id\":\"https:\\\/\\\/piperspincasino.org\\\/pl\\\/#\\\/schema\\\/logo\\\/image\\\/\",\"url\":\"https:\\\/\\\/piperspincasino.org\\\/wp-content\\\/uploads\\\/2025\\\/04\\\/4ir4Uq6IWNCbsrt6V8kj.png\",\"contentUrl\":\"https:\\\/\\\/piperspincasino.org\\\/wp-content\\\/uploads\\\/2025\\\/04\\\/4ir4Uq6IWNCbsrt6V8kj.png\",\"width\":208,\"height\":49,\"caption\":\"Piperspin\"},\"image\":{\"@id\":\"https:\\\/\\\/piperspincasino.org\\\/pl\\\/#\\\/schema\\\/logo\\\/image\\\/\"}}]}<\/script>\n<!-- \/ Yoast SEO plugin. -->","yoast_head_json":{"title":"Piperspin Casino App na iOS i Androida","description":"Pobierz Piper Spin App na iOS, Androida, Windowsa i macOS. Graj w gry kasynowe w dowolnym miejscu dzi\u0119ki synchronizacji konta, cz\u0119stym aktualizacjom i ca\u0142odobowej pomocy technicznej w aplikacji.","robots":{"index":"index","follow":"follow","max-snippet":"max-snippet:-1","max-image-preview":"max-image-preview:large","max-video-preview":"max-video-preview:-1"},"canonical":"https:\/\/piperspincasino.org\/pl\/aplikacja\/","og_locale":"pl_PL","og_type":"article","og_title":"Piperspin Casino App na iOS i Androida","og_description":"Pobierz Piper Spin App na iOS, Androida, Windowsa i macOS. Graj w gry kasynowe w dowolnym miejscu dzi\u0119ki synchronizacji konta, cz\u0119stym aktualizacjom i ca\u0142odobowej pomocy technicznej w aplikacji.","og_url":"https:\/\/piperspincasino.org\/pl\/aplikacja\/","og_site_name":"piperspin","article_modified_time":"2026-01-09T11:54:36+00:00","twitter_card":"summary_large_image","twitter_misc":{"Est. reading time":"1 minute"},"schema":{"@context":"https:\/\/schema.org","@graph":[{"@type":"WebPage","@id":"https:\/\/piperspincasino.org\/pl\/aplikacja\/","url":"https:\/\/piperspincasino.org\/pl\/aplikacja\/","name":"Piperspin Casino App na iOS i Androida","isPartOf":{"@id":"https:\/\/piperspincasino.org\/pl\/#website"},"datePublished":"2026-01-09T08:04:03+00:00","dateModified":"2026-01-09T11:54:36+00:00","description":"Pobierz Piper Spin App na iOS, Androida, Windowsa i macOS. Graj w gry kasynowe w dowolnym miejscu dzi\u0119ki synchronizacji konta, cz\u0119stym aktualizacjom i ca\u0142odobowej pomocy technicznej w aplikacji.","breadcrumb":{"@id":"https:\/\/piperspincasino.org\/pl\/aplikacja\/#breadcrumb"},"inLanguage":"pl-PL","potentialAction":[{"@type":"ReadAction","target":["https:\/\/piperspincasino.org\/pl\/aplikacja\/"]}]},{"@type":"BreadcrumbList","@id":"https:\/\/piperspincasino.org\/pl\/aplikacja\/#breadcrumb","itemListElement":[{"@type":"ListItem","position":1,"name":"Piperspin","item":"https:\/\/piperspincasino.org\/pl\/"},{"@type":"ListItem","position":2,"name":"Aplikacja"}]},{"@type":"WebSite","@id":"https:\/\/piperspincasino.org\/pl\/#website","url":"https:\/\/piperspincasino.org\/pl\/","name":"Piperspin","description":"","publisher":{"@id":"https:\/\/piperspincasino.org\/pl\/#organization"},"potentialAction":[{"@type":"SearchAction","target":{"@type":"EntryPoint","urlTemplate":"https:\/\/piperspincasino.org\/pl\/?s={search_term_string}"},"query-input":{"@type":"PropertyValueSpecification","valueRequired":true,"valueName":"search_term_string"}}],"inLanguage":"pl-PL"},{"@type":"Organization","@id":"https:\/\/piperspincasino.org\/pl\/#organization","name":"Piperspin","url":"https:\/\/piperspincasino.org\/pl\/","logo":{"@type":"ImageObject","inLanguage":"pl-PL","@id":"https:\/\/piperspincasino.org\/pl\/#\/schema\/logo\/image\/","url":"https:\/\/piperspincasino.org\/wp-content\/uploads\/2025\/04\/4ir4Uq6IWNCbsrt6V8kj.png","contentUrl":"https:\/\/piperspincasino.org\/wp-content\/uploads\/2025\/04\/4ir4Uq6IWNCbsrt6V8kj.png","width":208,"height":49,"caption":"Piperspin"},"image":{"@id":"https:\/\/piperspincasino.org\/pl\/#\/schema\/logo\/image\/"}}]}},"_links":{"self":[{"href":"https:\/\/piperspincasino.org\/pl\/wp-json\/wp\/v2\/pages\/1439","targetHints":{"allow":["GET"]}}],"collection":[{"href":"https:\/\/piperspincasino.org\/pl\/wp-json\/wp\/v2\/pages"}],"about":[{"href":"https:\/\/piperspincasino.org\/pl\/wp-json\/wp\/v2\/types\/page"}],"author":[{"embeddable":true,"href":"https:\/\/piperspincasino.org\/pl\/wp-json\/wp\/v2\/users\/1"}],"replies":[{"embeddable":true,"href":"https:\/\/piperspincasino.org\/pl\/wp-json\/wp\/v2\/comments?post=1439"}],"version-history":[{"count":2,"href":"https:\/\/piperspincasino.org\/pl\/wp-json\/wp\/v2\/pages\/1439\/revisions"}],"predecessor-version":[{"id":1878,"href":"https:\/\/piperspincasino.org\/pl\/wp-json\/wp\/v2\/pages\/1439\/revisions\/1878"}],"wp:attachment":[{"href":"https:\/\/piperspincasino.org\/pl\/wp-json\/wp\/v2\/media?parent=1439"}],"curies":[{"name":"wp","href":"https:\/\/api.w.org\/{rel}","templated":true}]}}