{"id":1487,"date":"2026-01-09T08:07:34","date_gmt":"2026-01-09T08:07:34","guid":{"rendered":"https:\/\/piperspincasino.org\/login-and-registration\/"},"modified":"2026-01-09T11:59:25","modified_gmt":"2026-01-09T11:59:25","slug":"logowanie-i-rejestracja","status":"publish","type":"page","link":"https:\/\/piperspincasino.org\/pl\/logowanie-i-rejestracja\/","title":{"rendered":"Logowanie i rejestracja"},"content":{"rendered":"<h1>Logowanie i rejestracja w serwisie Piperspin<\/h1>\n<p>Piperspin login to brama do nieprzerwanej i bezpiecznej rozgrywki. Po rejestracji polscy u\u017cytkownicy mog\u0105 si\u0119 zalogowa\u0107, aby otrzyma\u0107 bonusy, uczestniczy\u0107 w turniejach i gra\u0107 w ponad 6000 gier. Rejestracja konta jest szybka i bezpieczna dzi\u0119ki nowoczesnym technologiom zabezpiecze\u0144.<\/p>\n<p><div class=\"banner-wrap\" aria-label=\"Banner\"><img src=\"https:\/\/piperspincasino.org\/wp-content\/uploads\/2026\/01\/TOwKZNmxqjNhxfrdqEkN.webp\" class=\"w-100 d-none d-lg-block img-pc main-banner-img\" alt=\"Piperspin desktop banner\" fetchpriority=\"high\" decoding=\"async\"><img src=\"https:\/\/piperspincasino.org\/wp-content\/uploads\/2026\/01\/Piperspin-mobile-banner.webp\" class=\"w-100 d-none d-md-block d-lg-none main-banner-img\" alt=\"Piperspin mobile banner\" fetchpriority=\"high\" decoding=\"async\"><img src=\"https:\/\/piperspincasino.org\/wp-content\/uploads\/2026\/01\/Piperspin-mobile-banner.webp\" class=\"w-100 d-md-none\" alt=\"Piperspin mobile banner\" fetchpriority=\"high\" decoding=\"async\"><div class=\"banner-description\">\n<div class=\"banner-title\">Bonusy powitalne<\/div>\n<p class=\"banner-header-title\">\u20ac1,500<\/p>\n<div class=\"banner-header-AdditionalText\">+ 250 Darmowe spiny<\/div>\n<button data-item=\"homepage_banner_link\" class=\"goto m-button m-gradient-border m-button--primary m-button--large banner-button btn-orange\">\n            <div class=\"m-button-content\">\n                <span>Zarejestruj si\u0119 teraz<\/span>\n                <span><\/span>\n            <\/div>\n        <\/button>\n<\/div>\n<div class=\"WelcomePack\">\n<p><img loading=\"lazy\" decoding=\"async\" class=\"alignnone size-full wp-image-1390\" src=\"https:\/\/piperspincasino.org\/wp-content\/uploads\/2026\/01\/welcome-crown.svg\" alt=\"crown\" width=\"25\" height=\"26\" \/><\/p>\n<div class=\"WelcomePack-Info\">Cotygodniowy zwrot got\u00f3wki do 25%<\/div>\n<p><img loading=\"lazy\" decoding=\"async\" class=\"alignnone size-full wp-image-1390\" src=\"https:\/\/piperspincasino.org\/wp-content\/uploads\/2026\/01\/welcome-crown.svg\" alt=\"crown\" width=\"25\" height=\"26\" \/><\/p>\n<\/div>\n<\/div><div class=\"scrollable-content-wrap my-5\"><div class=\"scrollable-content-inner\"><h2>Rejestracja i tworzenie konta w Piper Spin<\/h2>\n<p>Piper Spin Casino i wszystkie jego funkcje s\u0105 dost\u0119pne wy\u0142\u0105cznie dla zarejestrowanych u\u017cytkownik\u00f3w. Utworzenie konta zapewnia dost\u0119p do ca\u0142ego naszego \u015brodowiska gier w ci\u0105gu zaledwie kilku minut. Po zarejestrowaniu si\u0119 gracze mog\u0105 gra\u0107 na prawdziwe pieni\u0105dze, otrzymywa\u0107 bonusy, bra\u0107 udzia\u0142 w turniejach i zarz\u0105dza\u0107 wszystkimi funkcjami swojego konta.<\/p>\n<p>Po zalogowaniu si\u0119 b\u0119dziesz m\u00f3g\u0142:<\/p>\n<ul>\n<li>Zagraj w ponad 6000 gier<\/li>\n<li>Otrzymuj bonusy<\/li>\n<li>Wp\u0142acaj i wyp\u0142acaj \u015brodki<\/li>\n<li>Korzystaj z narz\u0119dzi odpowiedzialnej gry<\/li>\n<li>\u015aled\u017a histori\u0119 swoich zak\u0142ad\u00f3w i transakcji<\/li>\n<li>Zarz\u0105dzaj swoimi ustawieniami<\/li>\n<\/ul>\n<h2>Ustawienia i funkcje Twojego konta<\/h2>\n<p>Za\u0142o\u017cenie konta jest proste. Wystarczy wykona\u0107 nast\u0119puj\u0105ce czynno\u015bci:<\/p>\n<ol>\n<li>Kliknij przycisk \u201eZarejestruj si\u0119\u201d na stronie g\u0142\u00f3wnej.<\/li>\n<li>Wpisz sw\u00f3j adres e-mail i utw\u00f3rz silne has\u0142o.<\/li>\n<li>Je\u015bli masz kod promocyjny, dodaj go.<\/li>\n<li>Potwierd\u017a warunki u\u017cytkowania, polityk\u0119 prywatno\u015bci i ograniczenia wiekowe (18+).<\/li>\n<li>Kliknij \u201eZapisz\u201d.<\/li>\n<li>Aktywuj swoje konto, korzystaj\u0105c z linku zawartego w wiadomo\u015bci e-mail od Piperspin.<\/li>\n<\/ol>\n<h2>Jak zweryfikowa\u0107 swoje konto<\/h2>\n<p>Aby zapewni\u0107 bezpiecze\u0144stwo swoich danych, musisz zweryfikowa\u0107 swoje konto Piperspin. Wype\u0142nienie procedury KYC (Know Your Customer) potwierdza Twoj\u0105 to\u017csamo\u015b\u0107. Proces weryfikacji jest obowi\u0105zkowy przed wyp\u0142at\u0105 \u015brodk\u00f3w lub otrzymaniem bonus\u00f3w. Ponadto weryfikacja pomaga zapobiega\u0107 oszustwom i nieautoryzowanemu dost\u0119powi.<\/p>\n<p>Dokumenty do przed\u0142o\u017cenia w celu weryfikacji:<\/p>\n<ul>\n<li>Dow\u00f3d to\u017csamo\u015bci wydany przez rz\u0105d lub paszport<\/li>\n<li>Prawo jazdy<\/li>\n<li>Potwierdzenie adresu (rachunek za media, wyci\u0105g bankowy)<\/li>\n<li>Dokumenty dotycz\u0105ce rachunku bankowego<\/li>\n<\/ul>\n<h3>Kroki niezb\u0119dne do weryfikacji konta<\/h3>\n<ol>\n<li>Upewnij si\u0119, \u017ce zako\u0144czy\u0142e\u015b proces logowania do Piperspin.<\/li>\n<li>Kliknij \u201eWeryfikacja konta\u201d.<\/li>\n<li>Prze\u015blij potrzebne dokumenty.<\/li>\n<li>Poczekaj na zatwierdzenie.<\/li>\n<\/ol>\n<p>Po zatwierdzeniu b\u0119dziesz m\u00f3g\u0142 wyp\u0142aca\u0107 \u015brodki i korzysta\u0107 ze wszystkich bonus\u00f3w.<\/p>\n<h2>Jak zalogowa\u0107 si\u0119 do Piperspin<\/h2>\n<p>Proces logowania do Piperspin jest prosty i bezpieczny. Po zalogowaniu si\u0119 uzyskasz dost\u0119p do wszystkich funkcji platformy. Po zalogowaniu si\u0119 mo\u017cesz \u015bledzi\u0107 swoj\u0105 histori\u0119 gry, sprawdza\u0107 aktywne promocje, zarz\u0105dza\u0107 ustawieniami odpowiedzialnej gry, bra\u0107 udzia\u0142 w turniejach, kr\u0119ci\u0107 ko\u0142em fortuny i wyp\u0142aca\u0107 wygrane. Panel sterowania Twojego konta pokazuje ostatnie transakcje. Mo\u017cesz r\u00f3wnie\u017c otrzymywa\u0107 tutaj powiadomienia o aktualizacjach.<\/p>\n<h3>Kroki niezb\u0119dne do zalogowania si\u0119<\/h3>\n<ol>\n<li>Kliknij przycisk \u201eZaloguj si\u0119\u201d na stronie g\u0142\u00f3wnej.<\/li>\n<li>\u00a0Wpisz sw\u00f3j adres e-mail i has\u0142o.<\/li>\n<li>Kliknij ponownie zak\u0142adk\u0119 logowania.<\/li>\n<\/ol>\n<p>Jeste\u015b teraz zalogowany na swoje konto. Mo\u017cesz przej\u015b\u0107 do panelu sterowania, aby wy\u015bwietli\u0107 informacje o funkcjach naszego kasyna.<\/p>\n<h3>Odzyskiwanie danych logowania<\/h3>\n<p>Je\u015bli zapomnia\u0142e\u015b danych logowania lub has\u0142a do serwisu Piperspin, mo\u017cesz \u0142atwo odzyska\u0107 dost\u0119p. Twoim loginem jest zawsze adres e-mail powi\u0105zany z kontem. Je\u015bli zapomnia\u0142e\u015b has\u0142a, mo\u017cesz odzyska\u0107 dost\u0119p w ci\u0105gu kilku minut.<\/p>\n<p>Kroki w celu odzyskania dost\u0119pu:<\/p>\n<ol>\n<li>Kliknij przycisk \u201eZaloguj si\u0119\u201d na stronie g\u0142\u00f3wnej Piperspin.<\/li>\n<li>Wybierz opcj\u0119 \u201eNie pami\u0119tasz has\u0142a?\u201d.<\/li>\n<li>Wpisz sw\u00f3j adres e-mail.<\/li>\n<li>Kliknij link, aby zresetowa\u0107 has\u0142o.<\/li>\n<li>Utw\u00f3rz nowe has\u0142o.<\/li>\n<li>Zaloguj si\u0119 przy u\u017cyciu zaktualizowanych danych uwierzytelniaj\u0105cych.<\/li>\n<\/ol>\n<p>Je\u015bli napotkasz jakiekolwiek trudno\u015bci lub masz pytania, mo\u017cesz skontaktowa\u0107 si\u0119 z naszym wieloj\u0119zycznym zespo\u0142em pomocy technicznej. Pomoc techniczna jest dost\u0119pna przez ca\u0142\u0105 dob\u0119, 7 dni w tygodniu, za po\u015brednictwem czatu na \u017cywo lub poczty elektronicznej.<\/p>\n<h2>Cz\u0119sto zadawane pytania<\/h2>\n<h3>Jak utworzy\u0107 nowe konto w kasynie Piper Spin?<\/h3>\n<p>Kliknij przycisk \u201eZarejestruj si\u0119\u201d na stronie g\u0142\u00f3wnej Piperspin. Wprowad\u017a sw\u00f3j adres e-mail i utw\u00f3rz has\u0142o. Potwierd\u017a warunki u\u017cytkowania, ograniczenia wiekowe i wprowad\u017a kod promocyjny. Potwierd\u017a sw\u00f3j adres e-mail za pomoc\u0105 linku. Twoje konto jest teraz gotowe do u\u017cycia.<\/p>\n<h3>Dlaczego nie mog\u0119 zalogowa\u0107 si\u0119 na swoje konto Piperspin?<\/h3>\n<p>Upewnij si\u0119, \u017ce Tw\u00f3j adres e-mail i has\u0142o s\u0105 poprawne. Je\u015bli tak, sprawd\u017a, czy Twoje konto jest aktywne. Je\u015bli to nie zadzia\u0142a, spr\u00f3buj wyczy\u015bci\u0107 pami\u0119\u0107 podr\u0119czn\u0105 przegl\u0105darki. Mo\u017cesz r\u00f3wnie\u017c spr\u00f3bowa\u0107 u\u017cy\u0107 innego urz\u0105dzenia. Je\u015bli to nie pomo\u017ce, skontaktuj si\u0119 z pomoc\u0105 techniczn\u0105.<\/p>\n<h3>Jakie informacje musz\u0119 poda\u0107 podczas rejestracji?<\/h3>\n<p>Aby si\u0119 zarejestrowa\u0107, potrzebujesz wa\u017cnego adresu e-mail i has\u0142a. Podczas rejestracji potwierd\u017a, \u017ce masz uko\u0144czone 18 lat i akceptujesz warunki u\u017cytkowania. Po rejestracji aktywuj swoje konto, korzystaj\u0105c z linku potwierdzaj\u0105cego wys\u0142anego na Tw\u00f3j adres e-mail.<\/p>\n<h3>Czy mog\u0119 u\u017cywa\u0107 tego samego konta do logowania si\u0119 na telefonie i komputerze?<\/h3>\n<p>Tak, konto Piper Spin dzia\u0142a na wszystkich urz\u0105dzeniach. Zaloguj si\u0119, u\u017cywaj\u0105c swojej nazwy u\u017cytkownika i has\u0142a. Twoje saldo, post\u0119py i ustawienia s\u0105 automatycznie synchronizowane na ka\u017cdym urz\u0105dzeniu w przegl\u0105darce lub aplikacji.<\/p>\n<h3>Czy mog\u0119 bra\u0107 udzia\u0142 w turniejach i promocjach za pomoc\u0105 aplikacji mobilnej?<\/h3>\n<p>Tak, wszystkie turnieje, zadania i inne promocje s\u0105 dost\u0119pne za po\u015brednictwem aplikacji mobilnej Piperspin. Mo\u017cesz bra\u0107 udzia\u0142 w konkursach i otrzymywa\u0107 nagrody bezpo\u015brednio z aplikacji na swoim urz\u0105dzeniu. Aplikacja posiada funkcj\u0119 powiadomie\u0144, kt\u00f3ra pomaga \u015bledzi\u0107 post\u0119py i aktualizacje.<\/p>\n<\/div><\/div><\/p>\n","protected":false},"excerpt":{"rendered":"<p>Logowanie i rejestracja w serwisie Piperspin Piperspin login to brama do nieprzerwanej i bezpiecznej rozgrywki. Po rejestracji polscy u\u017cytkownicy mog\u0105 si\u0119 zalogowa\u0107, aby otrzyma\u0107 bonusy, uczestniczy\u0107 w turniejach i gra\u0107 w ponad 6000 gier. Rejestracja konta jest szybka i bezpieczna dzi\u0119ki nowoczesnym technologiom zabezpiecze\u0144.<\/p>\n","protected":false},"author":1,"featured_media":0,"parent":0,"menu_order":0,"comment_status":"closed","ping_status":"closed","template":"template-builder.php","meta":{"_acf_changed":false,"inline_featured_image":false,"footnotes":""},"class_list":["post-1487","page","type-page","status-publish","hentry"],"acf":[],"yoast_head":"<!-- This site is optimized with the Yoast SEO plugin v27.3 - https:\/\/yoast.com\/product\/yoast-seo-wordpress\/ -->\n<title>Piperspin Login | Zaloguj si\u0119 lub utw\u00f3rz konto<\/title>\n<meta name=\"description\" content=\"Zarz\u0105dzaj swoim kontem w kasynie z Piper Spin login lub zarejestruj si\u0119 jako nowy u\u017cytkownik. Sprawd\u017a saldo bonus\u00f3w, \u015bled\u017a rozgrywk\u0119, zajmij si\u0119 weryfikacj\u0105 i zarz\u0105dzaj p\u0142atno\u015bciami.\" \/>\n<meta name=\"robots\" content=\"index, follow, max-snippet:-1, max-image-preview:large, max-video-preview:-1\" \/>\n<link rel=\"canonical\" href=\"https:\/\/piperspincasino.org\/pl\/logowanie-i-rejestracja\/\" \/>\n<meta property=\"og:locale\" content=\"pl_PL\" \/>\n<meta property=\"og:type\" content=\"article\" \/>\n<meta property=\"og:title\" content=\"Piperspin Login | Zaloguj si\u0119 lub utw\u00f3rz konto\" \/>\n<meta property=\"og:description\" content=\"Zarz\u0105dzaj swoim kontem w kasynie z Piper Spin login lub zarejestruj si\u0119 jako nowy u\u017cytkownik. Sprawd\u017a saldo bonus\u00f3w, \u015bled\u017a rozgrywk\u0119, zajmij si\u0119 weryfikacj\u0105 i zarz\u0105dzaj p\u0142atno\u015bciami.\" \/>\n<meta property=\"og:url\" content=\"https:\/\/piperspincasino.org\/pl\/logowanie-i-rejestracja\/\" \/>\n<meta property=\"og:site_name\" content=\"piperspin\" \/>\n<meta property=\"article:modified_time\" content=\"2026-01-09T11:59:25+00:00\" \/>\n<meta name=\"twitter:card\" content=\"summary_large_image\" \/>\n<meta name=\"twitter:label1\" content=\"Est. reading time\" \/>\n\t<meta name=\"twitter:data1\" content=\"1 minute\" \/>\n<script type=\"application\/ld+json\" class=\"yoast-schema-graph\">{\"@context\":\"https:\\\/\\\/schema.org\",\"@graph\":[{\"@type\":\"WebPage\",\"@id\":\"https:\\\/\\\/piperspincasino.org\\\/pl\\\/logowanie-i-rejestracja\\\/\",\"url\":\"https:\\\/\\\/piperspincasino.org\\\/pl\\\/logowanie-i-rejestracja\\\/\",\"name\":\"Piperspin Login | Zaloguj si\u0119 lub utw\u00f3rz konto\",\"isPartOf\":{\"@id\":\"https:\\\/\\\/piperspincasino.org\\\/pl\\\/#website\"},\"datePublished\":\"2026-01-09T08:07:34+00:00\",\"dateModified\":\"2026-01-09T11:59:25+00:00\",\"description\":\"Zarz\u0105dzaj swoim kontem w kasynie z Piper Spin login lub zarejestruj si\u0119 jako nowy u\u017cytkownik. Sprawd\u017a saldo bonus\u00f3w, \u015bled\u017a rozgrywk\u0119, zajmij si\u0119 weryfikacj\u0105 i zarz\u0105dzaj p\u0142atno\u015bciami.\",\"breadcrumb\":{\"@id\":\"https:\\\/\\\/piperspincasino.org\\\/pl\\\/logowanie-i-rejestracja\\\/#breadcrumb\"},\"inLanguage\":\"pl-PL\",\"potentialAction\":[{\"@type\":\"ReadAction\",\"target\":[\"https:\\\/\\\/piperspincasino.org\\\/pl\\\/logowanie-i-rejestracja\\\/\"]}]},{\"@type\":\"BreadcrumbList\",\"@id\":\"https:\\\/\\\/piperspincasino.org\\\/pl\\\/logowanie-i-rejestracja\\\/#breadcrumb\",\"itemListElement\":[{\"@type\":\"ListItem\",\"position\":1,\"name\":\"Piperspin\",\"item\":\"https:\\\/\\\/piperspincasino.org\\\/pl\\\/\"},{\"@type\":\"ListItem\",\"position\":2,\"name\":\"Logowanie i rejestracja\"}]},{\"@type\":\"WebSite\",\"@id\":\"https:\\\/\\\/piperspincasino.org\\\/pl\\\/#website\",\"url\":\"https:\\\/\\\/piperspincasino.org\\\/pl\\\/\",\"name\":\"Piperspin\",\"description\":\"\",\"publisher\":{\"@id\":\"https:\\\/\\\/piperspincasino.org\\\/pl\\\/#organization\"},\"potentialAction\":[{\"@type\":\"SearchAction\",\"target\":{\"@type\":\"EntryPoint\",\"urlTemplate\":\"https:\\\/\\\/piperspincasino.org\\\/pl\\\/?s={search_term_string}\"},\"query-input\":{\"@type\":\"PropertyValueSpecification\",\"valueRequired\":true,\"valueName\":\"search_term_string\"}}],\"inLanguage\":\"pl-PL\"},{\"@type\":\"Organization\",\"@id\":\"https:\\\/\\\/piperspincasino.org\\\/pl\\\/#organization\",\"name\":\"Piperspin\",\"url\":\"https:\\\/\\\/piperspincasino.org\\\/pl\\\/\",\"logo\":{\"@type\":\"ImageObject\",\"inLanguage\":\"pl-PL\",\"@id\":\"https:\\\/\\\/piperspincasino.org\\\/pl\\\/#\\\/schema\\\/logo\\\/image\\\/\",\"url\":\"https:\\\/\\\/piperspincasino.org\\\/wp-content\\\/uploads\\\/2025\\\/04\\\/4ir4Uq6IWNCbsrt6V8kj.png\",\"contentUrl\":\"https:\\\/\\\/piperspincasino.org\\\/wp-content\\\/uploads\\\/2025\\\/04\\\/4ir4Uq6IWNCbsrt6V8kj.png\",\"width\":208,\"height\":49,\"caption\":\"Piperspin\"},\"image\":{\"@id\":\"https:\\\/\\\/piperspincasino.org\\\/pl\\\/#\\\/schema\\\/logo\\\/image\\\/\"}}]}<\/script>\n<!-- \/ Yoast SEO plugin. -->","yoast_head_json":{"title":"Piperspin Login | Zaloguj si\u0119 lub utw\u00f3rz konto","description":"Zarz\u0105dzaj swoim kontem w kasynie z Piper Spin login lub zarejestruj si\u0119 jako nowy u\u017cytkownik. Sprawd\u017a saldo bonus\u00f3w, \u015bled\u017a rozgrywk\u0119, zajmij si\u0119 weryfikacj\u0105 i zarz\u0105dzaj p\u0142atno\u015bciami.","robots":{"index":"index","follow":"follow","max-snippet":"max-snippet:-1","max-image-preview":"max-image-preview:large","max-video-preview":"max-video-preview:-1"},"canonical":"https:\/\/piperspincasino.org\/pl\/logowanie-i-rejestracja\/","og_locale":"pl_PL","og_type":"article","og_title":"Piperspin Login | Zaloguj si\u0119 lub utw\u00f3rz konto","og_description":"Zarz\u0105dzaj swoim kontem w kasynie z Piper Spin login lub zarejestruj si\u0119 jako nowy u\u017cytkownik. Sprawd\u017a saldo bonus\u00f3w, \u015bled\u017a rozgrywk\u0119, zajmij si\u0119 weryfikacj\u0105 i zarz\u0105dzaj p\u0142atno\u015bciami.","og_url":"https:\/\/piperspincasino.org\/pl\/logowanie-i-rejestracja\/","og_site_name":"piperspin","article_modified_time":"2026-01-09T11:59:25+00:00","twitter_card":"summary_large_image","twitter_misc":{"Est. reading time":"1 minute"},"schema":{"@context":"https:\/\/schema.org","@graph":[{"@type":"WebPage","@id":"https:\/\/piperspincasino.org\/pl\/logowanie-i-rejestracja\/","url":"https:\/\/piperspincasino.org\/pl\/logowanie-i-rejestracja\/","name":"Piperspin Login | Zaloguj si\u0119 lub utw\u00f3rz konto","isPartOf":{"@id":"https:\/\/piperspincasino.org\/pl\/#website"},"datePublished":"2026-01-09T08:07:34+00:00","dateModified":"2026-01-09T11:59:25+00:00","description":"Zarz\u0105dzaj swoim kontem w kasynie z Piper Spin login lub zarejestruj si\u0119 jako nowy u\u017cytkownik. Sprawd\u017a saldo bonus\u00f3w, \u015bled\u017a rozgrywk\u0119, zajmij si\u0119 weryfikacj\u0105 i zarz\u0105dzaj p\u0142atno\u015bciami.","breadcrumb":{"@id":"https:\/\/piperspincasino.org\/pl\/logowanie-i-rejestracja\/#breadcrumb"},"inLanguage":"pl-PL","potentialAction":[{"@type":"ReadAction","target":["https:\/\/piperspincasino.org\/pl\/logowanie-i-rejestracja\/"]}]},{"@type":"BreadcrumbList","@id":"https:\/\/piperspincasino.org\/pl\/logowanie-i-rejestracja\/#breadcrumb","itemListElement":[{"@type":"ListItem","position":1,"name":"Piperspin","item":"https:\/\/piperspincasino.org\/pl\/"},{"@type":"ListItem","position":2,"name":"Logowanie i rejestracja"}]},{"@type":"WebSite","@id":"https:\/\/piperspincasino.org\/pl\/#website","url":"https:\/\/piperspincasino.org\/pl\/","name":"Piperspin","description":"","publisher":{"@id":"https:\/\/piperspincasino.org\/pl\/#organization"},"potentialAction":[{"@type":"SearchAction","target":{"@type":"EntryPoint","urlTemplate":"https:\/\/piperspincasino.org\/pl\/?s={search_term_string}"},"query-input":{"@type":"PropertyValueSpecification","valueRequired":true,"valueName":"search_term_string"}}],"inLanguage":"pl-PL"},{"@type":"Organization","@id":"https:\/\/piperspincasino.org\/pl\/#organization","name":"Piperspin","url":"https:\/\/piperspincasino.org\/pl\/","logo":{"@type":"ImageObject","inLanguage":"pl-PL","@id":"https:\/\/piperspincasino.org\/pl\/#\/schema\/logo\/image\/","url":"https:\/\/piperspincasino.org\/wp-content\/uploads\/2025\/04\/4ir4Uq6IWNCbsrt6V8kj.png","contentUrl":"https:\/\/piperspincasino.org\/wp-content\/uploads\/2025\/04\/4ir4Uq6IWNCbsrt6V8kj.png","width":208,"height":49,"caption":"Piperspin"},"image":{"@id":"https:\/\/piperspincasino.org\/pl\/#\/schema\/logo\/image\/"}}]}},"_links":{"self":[{"href":"https:\/\/piperspincasino.org\/pl\/wp-json\/wp\/v2\/pages\/1487","targetHints":{"allow":["GET"]}}],"collection":[{"href":"https:\/\/piperspincasino.org\/pl\/wp-json\/wp\/v2\/pages"}],"about":[{"href":"https:\/\/piperspincasino.org\/pl\/wp-json\/wp\/v2\/types\/page"}],"author":[{"embeddable":true,"href":"https:\/\/piperspincasino.org\/pl\/wp-json\/wp\/v2\/users\/1"}],"replies":[{"embeddable":true,"href":"https:\/\/piperspincasino.org\/pl\/wp-json\/wp\/v2\/comments?post=1487"}],"version-history":[{"count":1,"href":"https:\/\/piperspincasino.org\/pl\/wp-json\/wp\/v2\/pages\/1487\/revisions"}],"predecessor-version":[{"id":1879,"href":"https:\/\/piperspincasino.org\/pl\/wp-json\/wp\/v2\/pages\/1487\/revisions\/1879"}],"wp:attachment":[{"href":"https:\/\/piperspincasino.org\/pl\/wp-json\/wp\/v2\/media?parent=1487"}],"curies":[{"name":"wp","href":"https:\/\/api.w.org\/{rel}","templated":true}]}}